{"id":114,"date":"2022-07-26T20:21:11","date_gmt":"2022-07-26T20:21:11","guid":{"rendered":"https:\/\/kreativtanulasesoktatas.hu\/?page_id=114"},"modified":"2025-02-25T11:37:19","modified_gmt":"2025-02-25T11:37:19","slug":"adomanyozas","status":"publish","type":"page","link":"https:\/\/kreativtanulasesoktatas.hu\/en\/adomanyozas\/","title":{"rendered":"Donate"},"content":{"rendered":"<div class=\"wp-block-columns is-style-wide-width-120 is-layout-flex wp-container-core-columns-is-layout-28f84493 wp-block-columns-is-layout-flex\">\n<div class=\"wp-block-column is-layout-flow wp-block-column-is-layout-flow\"><div class=\"pebble pebble-index-1 pebble-shape-02 layout-text-above has-text-content keep-aspect-ratio\" style=\"width: 125%;margin: 0em 0em 0em -25%;padding: 0em 0em 0em 0em;--background-color: #e58400;--double-top: 8%;--double-left: -2%;--text-top: 0em;--text-left: 1em;--double-size: 100%;--double-opacity: 0.5;--double-blend-mode: normal;--shapes-top: 0%;--shapes-left: 0%;--shapes-rotate: 0deg;--image-margin: 0em 0em 0em 0em;\" data-aspect-ratio=\"626\/235\"><span class=\"pebble-contents\"><h2 class=\"pebble-text has-text-align-center\" style=\"font-weight:default;\">Donate<\/h2><\/span><\/div><\/div>\n\n\n\n<div class=\"wp-block-column is-layout-flow wp-block-column-is-layout-flow\"><div class=\"pebble pebble-index-2 pebble-shape-16 layout-text-above has-image-content keep-aspect-ratio\" style=\"--double-clip-path: url(#shape-18-svg-clipPath);width: 100%;margin: 0em auto 0em -2em;padding: 0em 0em 0em 0em;--double-top: -11%;--double-left: -6%;--text-top: 0em;--text-left: 0em;--double-size: 112%;--double-opacity: 1;--double-blend-mode: multiply;--shapes-top: 0%;--shapes-left: 0%;--shapes-rotate: 0deg;--image-margin: 0em 0em 0em 0em;\" data-aspect-ratio=\"654\/396\"><span class=\"pebble-contents\"><img loading=\"lazy\" decoding=\"async\" width=\"650\" height=\"487\" src=\"https:\/\/kreativtanulasesoktatas.hu\/wp-content\/uploads\/2022\/07\/7-650x487.jpg\" class=\"pebble-image\" alt=\"\" style=\"object-fit: cover\" srcset=\"https:\/\/kreativtanulasesoktatas.hu\/wp-content\/uploads\/2022\/07\/7-650x487.jpg 650w, https:\/\/kreativtanulasesoktatas.hu\/wp-content\/uploads\/2022\/07\/7-1024x768.jpg 1024w, https:\/\/kreativtanulasesoktatas.hu\/wp-content\/uploads\/2022\/07\/7-300x225.jpg 300w, https:\/\/kreativtanulasesoktatas.hu\/wp-content\/uploads\/2022\/07\/7-768x576.jpg 768w, https:\/\/kreativtanulasesoktatas.hu\/wp-content\/uploads\/2022\/07\/7.jpg 1275w\" sizes=\"auto, (max-width: 650px) 100vw, 650px\" \/><h2 class=\"pebble-text has-text-align-center\" style=\"font-weight:default;\"><\/h2><\/span><\/div><\/div>\n<\/div>\n\n\n\n<div style=\"height:100px\" aria-hidden=\"true\" class=\"wp-block-spacer\"><\/div>\n\n\n\n<div class=\"wp-block-columns is-layout-flex wp-container-core-columns-is-layout-2a435d2b wp-block-columns-is-layout-flex\">\n<div class=\"wp-block-column is-layout-flow wp-block-column-is-layout-flow\">\n<div style=\"height:100px\" aria-hidden=\"true\" class=\"wp-block-spacer is-style-mobil-hide\"><\/div>\n\n\n\n<h3 class=\"wp-block-heading has-text-align-center has-primary-color has-text-color\">5000 Ft<\/h3>\n\n\n\n<div style=\"height:10px\" aria-hidden=\"true\" class=\"wp-block-spacer\"><\/div>\n\n\n<div class=\"pebble pebble-index-3 pebble-shape-27 layout-text-above has-image-content keep-aspect-ratio\" style=\"margin: 0em auto 0em auto;padding: 0em 0em 0em 0em;--background-color: #0071ae;--double-top: -8%;--double-left: -2%;--text-top: 0em;--text-left: 0em;--double-size: 100%;--double-opacity: 0.5;--double-blend-mode: multiply;--shapes-top: 0%;--shapes-left: 0%;--shapes-rotate: 0deg;--image-margin: 0em 0em 0em 0em;\" data-aspect-ratio=\"360\/307\"><span class=\"pebble-contents\"><img loading=\"lazy\" decoding=\"async\" width=\"650\" height=\"433\" src=\"https:\/\/kreativtanulasesoktatas.hu\/wp-content\/uploads\/2022\/11\/adomanyozas-Kreativ-eszkozok-ara-650x433.jpg\" class=\"pebble-image\" alt=\"\" style=\"object-fit: cover\" srcset=\"https:\/\/kreativtanulasesoktatas.hu\/wp-content\/uploads\/2022\/11\/adomanyozas-Kreativ-eszkozok-ara-650x433.jpg 650w, https:\/\/kreativtanulasesoktatas.hu\/wp-content\/uploads\/2022\/11\/adomanyozas-Kreativ-eszkozok-ara-1024x683.jpg 1024w, https:\/\/kreativtanulasesoktatas.hu\/wp-content\/uploads\/2022\/11\/adomanyozas-Kreativ-eszkozok-ara-300x200.jpg 300w, https:\/\/kreativtanulasesoktatas.hu\/wp-content\/uploads\/2022\/11\/adomanyozas-Kreativ-eszkozok-ara-768x512.jpg 768w, https:\/\/kreativtanulasesoktatas.hu\/wp-content\/uploads\/2022\/11\/adomanyozas-Kreativ-eszkozok-ara-1536x1024.jpg 1536w, https:\/\/kreativtanulasesoktatas.hu\/wp-content\/uploads\/2022\/11\/adomanyozas-Kreativ-eszkozok-ara.jpg 1920w\" sizes=\"auto, (max-width: 650px) 100vw, 650px\" \/><h2 class=\"pebble-text has-text-align-center\" style=\"font-weight:default;\"><\/h2><\/span><\/div>\n\n\n<p class=\"has-text-align-center\">Price of tools for 2 creative activities<\/p>\n<\/div>\n\n\n\n<div class=\"wp-block-column is-layout-flow wp-block-column-is-layout-flow\">\n<h3 class=\"wp-block-heading has-text-align-center has-secondary-color has-text-color\">10000 Ft<\/h3>\n\n\n\n<div style=\"height:10px\" aria-hidden=\"true\" class=\"wp-block-spacer\"><\/div>\n\n\n<div class=\"pebble pebble-index-4 pebble-shape-27 layout-text-above has-image-content keep-aspect-ratio\" style=\"margin: 0em auto 0em auto;padding: 0em 0em 0em 0em;--double-top: -8%;--double-left: -2%;--text-top: 0em;--text-left: 0em;--double-size: 100%;--double-opacity: 0.5;--double-blend-mode: multiply;--shapes-top: 0%;--shapes-left: 0%;--shapes-rotate: 0deg;--image-margin: 0em 0em 0em 0em;\" data-aspect-ratio=\"360\/307\"><span class=\"pebble-contents\"><img loading=\"lazy\" decoding=\"async\" width=\"650\" height=\"421\" src=\"https:\/\/kreativtanulasesoktatas.hu\/wp-content\/uploads\/2022\/11\/adomanyozas-kepessegek-felmerese-650x421.jpg\" class=\"pebble-image\" alt=\"\" style=\"object-fit: cover\" srcset=\"https:\/\/kreativtanulasesoktatas.hu\/wp-content\/uploads\/2022\/11\/adomanyozas-kepessegek-felmerese-650x421.jpg 650w, https:\/\/kreativtanulasesoktatas.hu\/wp-content\/uploads\/2022\/11\/adomanyozas-kepessegek-felmerese-1024x664.jpg 1024w, https:\/\/kreativtanulasesoktatas.hu\/wp-content\/uploads\/2022\/11\/adomanyozas-kepessegek-felmerese-300x195.jpg 300w, https:\/\/kreativtanulasesoktatas.hu\/wp-content\/uploads\/2022\/11\/adomanyozas-kepessegek-felmerese-768x498.jpg 768w, https:\/\/kreativtanulasesoktatas.hu\/wp-content\/uploads\/2022\/11\/adomanyozas-kepessegek-felmerese-1536x996.jpg 1536w, https:\/\/kreativtanulasesoktatas.hu\/wp-content\/uploads\/2022\/11\/adomanyozas-kepessegek-felmerese.jpg 1920w\" sizes=\"auto, (max-width: 650px) 100vw, 650px\" \/><h2 class=\"pebble-text has-text-align-center\" style=\"font-weight:default;\"><\/h2><\/span><\/div>\n\n\n<p class=\"has-text-align-center\">Cost of assessing a child's abilities<\/p>\n<\/div>\n\n\n\n<div class=\"wp-block-column is-layout-flow wp-block-column-is-layout-flow\">\n<div style=\"height:100px\" aria-hidden=\"true\" class=\"wp-block-spacer is-style-mobil-hide\"><\/div>\n\n\n\n<h3 class=\"wp-block-heading has-text-align-center has-primary-color has-text-color\">20000 Ft<\/h3>\n\n\n\n<div style=\"height:10px\" aria-hidden=\"true\" class=\"wp-block-spacer\"><\/div>\n\n\n<div class=\"pebble pebble-index-5 pebble-shape-27 layout-text-above keep-aspect-ratio is-empty\" style=\"margin: 0em auto 0em auto;padding: 0em 0em 0em 0em;--background-color: #0071ae;--double-top: -8%;--double-left: -2%;--text-top: 0em;--text-left: 0em;--double-size: 100%;--double-opacity: 0.5;--double-blend-mode: multiply;--shapes-top: 0%;--shapes-left: 0%;--shapes-rotate: 0deg;--image-margin: 0em 0em 0em 0em;\" data-aspect-ratio=\"360\/307\"><span class=\"pebble-contents\"><svg version=\"1.1\" xmlns=\"http:\/\/www.w3.org\/2000\/svg\"  viewbox=\"0 0 360 307\"  height=\"307\"  width=\"360\"  style=\"\" ><path fill=\"#0071ae\" transform=\"\" d=\"M264.866,270.325c0,0-201.448,116.174-257.154-60.24C-42.898,49.807,172.162,4.359,172.162,4.359 s151.147-33.295,183.256,84.14C387.526,205.933,264.866,270.325,264.866,270.325\"\/><\/svg><h2 class=\"pebble-text has-text-align-center\" style=\"font-weight:default;\"><\/h2><\/span><\/div>\n\n\n<p class=\"has-text-align-center\">One weekly Art of Learning session for one class<\/p>\n<\/div>\n<\/div>\n\n\n\n<div class=\"wp-block-group is-layout-constrained wp-block-group-is-layout-constrained\">\n<div style=\"height:100px\" aria-hidden=\"true\" class=\"wp-block-spacer\"><\/div>\n\n\n\n<p class=\"has-text-align-center\">You can transfer the grant directly to our bank account:<\/p>\n\n\n\n<p class=\"has-text-align-center translation-block\">Kreat\u00edv Tanul\u00e1s \u00e9s Oktat\u00e1s Alap\u00edtv\u00e1ny<br><strong>11600006-00000000-99160241<\/strong><br>With a notice of <strong>Donation<\/strong>\u00a0<\/p>\n\n\n\n<div style=\"height:100px\" aria-hidden=\"true\" class=\"wp-block-spacer\"><\/div>\n\n\n\n<h2 class=\"wp-block-heading has-text-align-center has-primary-color has-text-color\">Get in touch with us!<\/h2>\n\n\n\n<p class=\"has-text-align-center\">Creativity is not a privilege for artists, but the key to a fuller life for all children and adults<\/p>\n\n\n\n<div class=\"wpcf7 no-js\" id=\"wpcf7-f799-o1\" lang=\"en-US\" dir=\"ltr\" data-wpcf7-id=\"799\">\n<div class=\"screen-reader-response\"><p role=\"status\" aria-live=\"polite\" aria-atomic=\"true\"><\/p> <ul><\/ul><\/div>\n<form action=\"\/en\/wp-json\/wp\/v2\/pages\/114#wpcf7-f799-o1\" method=\"post\" class=\"wpcf7-form init align-center\" aria-label=\"Contact form\" novalidate=\"novalidate\" data-status=\"init\" data-trp-original-action=\"\/en\/wp-json\/wp\/v2\/pages\/114#wpcf7-f799-o1\">\n<fieldset class=\"hidden-fields-container\"><input type=\"hidden\" name=\"_wpcf7\" value=\"799\" \/><input type=\"hidden\" name=\"_wpcf7_version\" value=\"6.1.5\" \/><input type=\"hidden\" name=\"_wpcf7_locale\" value=\"en_US\" \/><input type=\"hidden\" name=\"_wpcf7_unit_tag\" value=\"wpcf7-f799-o1\" \/><input type=\"hidden\" name=\"_wpcf7_container_post\" value=\"0\" \/><input type=\"hidden\" name=\"_wpcf7_posted_data_hash\" value=\"\" \/><input type=\"hidden\" name=\"_wpcf7_recaptcha_response\" value=\"\" \/>\n<\/fieldset>\n<p><label> <span class=\"wpcf7-form-control-wrap\" data-name=\"your-name\"><input size=\"40\" maxlength=\"400\" class=\"wpcf7-form-control wpcf7-text wpcf7-validates-as-required\" aria-required=\"true\" aria-invalid=\"false\" placeholder=\"Name\" value=\"\" type=\"text\" name=\"your-name\" \/><\/span> <\/label>\n<\/p>\n<p><label> <span class=\"wpcf7-form-control-wrap\" data-name=\"your-email\"><input size=\"40\" maxlength=\"400\" class=\"wpcf7-form-control wpcf7-email wpcf7-validates-as-required wpcf7-text wpcf7-validates-as-email\" aria-required=\"true\" aria-invalid=\"false\" placeholder=\"E-MAIL\" value=\"\" type=\"email\" name=\"your-email\" \/><\/span> <\/label>\n<\/p>\n<p><label> <span class=\"wpcf7-form-control-wrap\" data-name=\"your-message\"><textarea cols=\"40\" rows=\"10\" maxlength=\"2000\" class=\"wpcf7-form-control wpcf7-textarea\" aria-invalid=\"false\" placeholder=\"Message\" name=\"your-message\"><\/textarea><\/span> <\/label>\n<\/p>\n<p><span class=\"wpcf7-form-control-wrap\" data-name=\"subscribe-newsletters\"><span class=\"wpcf7-form-control wpcf7-checkbox\"><span class=\"wpcf7-list-item first last\"><label><input type=\"checkbox\" name=\"subscribe-newsletters[]\" value=\"Feliratkozom a Kreat\u00edv Tanul\u00e1s \u00e9s Oktat\u00e1s Alap\u00edtv\u00e1ny h\u00edrlevel\u00e9re\" \/><span class=\"wpcf7-list-item-label\">Feliratkozom a Kreat\u00edv Tanul\u00e1s \u00e9s Oktat\u00e1s Alap\u00edtv\u00e1ny h\u00edrlevel\u00e9re<\/span><\/label><\/span><\/span><\/span>\n<\/p>\n<p class=\"mv2rem\"><span class=\"wpcf7-form-control-wrap\" data-name=\"accept_privacy_policy\"><span class=\"wpcf7-form-control wpcf7-acceptance\"><span class=\"wpcf7-list-item\"><label><input type=\"checkbox\" name=\"accept_privacy_policy\" value=\"1\" class=\"mv2rem\" aria-invalid=\"false\" \/><span class=\"wpcf7-list-item-label\">I accept the <a href=\"\/wp-content\/uploads\/2024\/04\/Adatvedelmi-Tajekoztato_KTOA_Honlap.pdf\" style=\"text-decoration: underline\" target=\"_blank\" >privacy statement<\/a> .<\/span><\/span><\/label><\/span><\/span><\/span>\n<\/p>\n<p><label> <input class=\"wpcf7-form-control wpcf7-submit has-spinner pebble-04\" type=\"submit\" value=\"Send\" \/> <\/label>\n<\/p>\n<style>\n.wpcf7-form.align-center label {\n text-align: left;\n}\n<\/style><div class=\"wpcf7-response-output\" aria-hidden=\"true\"><\/div>\n<input type=\"hidden\" name=\"trp-form-language\" value=\"en\"\/><\/form>\n<\/div>\n\n<\/div>","protected":false},"excerpt":{"rendered":"<p>5000 Ft 2 kreat\u00edv foglalkoz\u00e1s eszk\u00f6zeinek \u00e1ra 10000 Ft Egy gyermek k\u00e9pess\u00e9gei felm\u00e9r\u00e9s\u00e9nek k\u00f6lts\u00e9ge 20000 Ft Egy heti Tanul\u00e1s M\u0171v\u00e9szete foglalkoz\u00e1s egy oszt\u00e1lynak A t\u00e1mogat\u00e1st \u00e1tutalhatja k\u00f6zvetlen\u00fcl banksz\u00e1mlasz\u00e1munkra: Kreat\u00edv Tanul\u00e1s \u00e9s Oktat\u00e1s Alap\u00edtv\u00e1ny11600006-00000000-99160241Adom\u00e1ny&nbsp;k\u00f6zlem\u00e9ny felt\u00fcntet\u00e9s\u00e9vel Vedd fel vel\u00fcnk a kapcsolatot! A kreativit\u00e1s nem a m\u0171v\u00e9szek kiv\u00e1lts\u00e1ga, hanem minden gyermek \u00e9s feln\u0151tt teljesebb \u00e9let\u00e9nek kulcsa<\/p>","protected":false},"author":1,"featured_media":0,"parent":0,"menu_order":0,"comment_status":"closed","ping_status":"closed","template":"","meta":{"_acf_changed":false,"inline_featured_image":false,"footnotes":""},"class_list":["post-114","page","type-page","status-publish","hentry"],"acf":[],"yoast_head":"<!-- This site is optimized with the Yoast SEO plugin v27.4 - https:\/\/yoast.com\/product\/yoast-seo-wordpress\/ -->\n<title>Adom\u00e1nyoz\u00e1s - Kreativ Tanul\u00e1s \u00e9s Oktat\u00e1s Alap\u00edtvany - KTOA<\/title>\n<meta name=\"robots\" content=\"index, follow, max-snippet:-1, max-image-preview:large, max-video-preview:-1\" \/>\n<link rel=\"canonical\" href=\"https:\/\/kreativtanulasesoktatas.hu\/en\/adomanyozas\/\" \/>\n<meta property=\"og:locale\" content=\"en_GB\" \/>\n<meta property=\"og:type\" content=\"article\" \/>\n<meta property=\"og:title\" content=\"Adom\u00e1nyoz\u00e1s - Kreativ Tanul\u00e1s \u00e9s Oktat\u00e1s Alap\u00edtvany - KTOA\" \/>\n<meta property=\"og:description\" content=\"5000 Ft 2 kreat\u00edv foglalkoz\u00e1s eszk\u00f6zeinek \u00e1ra 10000 Ft Egy gyermek k\u00e9pess\u00e9gei felm\u00e9r\u00e9s\u00e9nek k\u00f6lts\u00e9ge 20000 Ft Egy heti Tanul\u00e1s M\u0171v\u00e9szete foglalkoz\u00e1s egy oszt\u00e1lynak A t\u00e1mogat\u00e1st \u00e1tutalhatja k\u00f6zvetlen\u00fcl banksz\u00e1mlasz\u00e1munkra: Kreat\u00edv Tanul\u00e1s \u00e9s Oktat\u00e1s Alap\u00edtv\u00e1ny11600006-00000000-99160241Adom\u00e1ny&nbsp;k\u00f6zlem\u00e9ny felt\u00fcntet\u00e9s\u00e9vel Vedd fel vel\u00fcnk a kapcsolatot! A kreativit\u00e1s nem a m\u0171v\u00e9szek kiv\u00e1lts\u00e1ga, hanem minden gyermek \u00e9s feln\u0151tt teljesebb \u00e9let\u00e9nek kulcsa\" \/>\n<meta property=\"og:url\" content=\"https:\/\/kreativtanulasesoktatas.hu\/en\/adomanyozas\/\" \/>\n<meta property=\"og:site_name\" content=\"Kreativ Tanul\u00e1s \u00e9s Oktat\u00e1s Alap\u00edtvany - KTOA\" \/>\n<meta property=\"article:modified_time\" content=\"2025-02-25T11:37:19+00:00\" \/>\n<meta name=\"twitter:card\" content=\"summary_large_image\" \/>\n<meta name=\"twitter:label1\" content=\"Estimated reading time\" \/>\n\t<meta name=\"twitter:data1\" content=\"1 minute\" \/>\n<script type=\"application\/ld+json\" class=\"yoast-schema-graph\">{\"@context\":\"https:\\\/\\\/schema.org\",\"@graph\":[{\"@type\":\"WebPage\",\"@id\":\"https:\\\/\\\/kreativtanulasesoktatas.hu\\\/adomanyozas\\\/\",\"url\":\"https:\\\/\\\/kreativtanulasesoktatas.hu\\\/adomanyozas\\\/\",\"name\":\"Adom\u00e1nyoz\u00e1s - Kreativ Tanul\u00e1s \u00e9s Oktat\u00e1s Alap\u00edtvany - KTOA\",\"isPartOf\":{\"@id\":\"https:\\\/\\\/kreativtanulasesoktatas.hu\\\/#website\"},\"datePublished\":\"2022-07-26T20:21:11+00:00\",\"dateModified\":\"2025-02-25T11:37:19+00:00\",\"breadcrumb\":{\"@id\":\"https:\\\/\\\/kreativtanulasesoktatas.hu\\\/adomanyozas\\\/#breadcrumb\"},\"inLanguage\":\"en-GB\",\"potentialAction\":[{\"@type\":\"ReadAction\",\"target\":[\"https:\\\/\\\/kreativtanulasesoktatas.hu\\\/adomanyozas\\\/\"]}]},{\"@type\":\"BreadcrumbList\",\"@id\":\"https:\\\/\\\/kreativtanulasesoktatas.hu\\\/adomanyozas\\\/#breadcrumb\",\"itemListElement\":[{\"@type\":\"ListItem\",\"position\":1,\"name\":\"Home\",\"item\":\"https:\\\/\\\/kreativtanulasesoktatas.hu\\\/\"},{\"@type\":\"ListItem\",\"position\":2,\"name\":\"Adom\u00e1nyoz\u00e1s\"}]},{\"@type\":\"WebSite\",\"@id\":\"https:\\\/\\\/kreativtanulasesoktatas.hu\\\/#website\",\"url\":\"https:\\\/\\\/kreativtanulasesoktatas.hu\\\/\",\"name\":\"Kreativ Tanul\u00e1s \u00e9s Oktat\u00e1s Alap\u00edtvany - KTOA\",\"description\":\"Oktat\u00e1s fejleszt\u00e9s \u00e9s innov\u00e1ci\u00f3 az iskol\u00e1kban\",\"publisher\":{\"@id\":\"https:\\\/\\\/kreativtanulasesoktatas.hu\\\/#organization\"},\"potentialAction\":[{\"@type\":\"SearchAction\",\"target\":{\"@type\":\"EntryPoint\",\"urlTemplate\":\"https:\\\/\\\/kreativtanulasesoktatas.hu\\\/?s={search_term_string}\"},\"query-input\":{\"@type\":\"PropertyValueSpecification\",\"valueRequired\":true,\"valueName\":\"search_term_string\"}}],\"inLanguage\":\"en-GB\"},{\"@type\":\"Organization\",\"@id\":\"https:\\\/\\\/kreativtanulasesoktatas.hu\\\/#organization\",\"name\":\"Kreativ Tanul\u00e1s \u00e9s Oktat\u00e1s Alap\u00edtvany - KTOA\",\"url\":\"https:\\\/\\\/kreativtanulasesoktatas.hu\\\/\",\"logo\":{\"@type\":\"ImageObject\",\"inLanguage\":\"en-GB\",\"@id\":\"https:\\\/\\\/kreativtanulasesoktatas.hu\\\/#\\\/schema\\\/logo\\\/image\\\/\",\"url\":\"https:\\\/\\\/kreativtanulasesoktatas.hu\\\/wp-content\\\/uploads\\\/2022\\\/07\\\/logo.svg\",\"contentUrl\":\"https:\\\/\\\/kreativtanulasesoktatas.hu\\\/wp-content\\\/uploads\\\/2022\\\/07\\\/logo.svg\",\"width\":315,\"height\":174,\"caption\":\"Kreativ Tanul\u00e1s \u00e9s Oktat\u00e1s Alap\u00edtvany - KTOA\"},\"image\":{\"@id\":\"https:\\\/\\\/kreativtanulasesoktatas.hu\\\/#\\\/schema\\\/logo\\\/image\\\/\"}}]}<\/script>\n<!-- \/ Yoast SEO plugin. -->","yoast_head_json":{"title":"Adom\u00e1nyoz\u00e1s - Kreativ Tanul\u00e1s \u00e9s Oktat\u00e1s Alap\u00edtvany - KTOA","robots":{"index":"index","follow":"follow","max-snippet":"max-snippet:-1","max-image-preview":"max-image-preview:large","max-video-preview":"max-video-preview:-1"},"canonical":"https:\/\/kreativtanulasesoktatas.hu\/en\/adomanyozas\/","og_locale":"en_GB","og_type":"article","og_title":"Adom\u00e1nyoz\u00e1s - Kreativ Tanul\u00e1s \u00e9s Oktat\u00e1s Alap\u00edtvany - KTOA","og_description":"5000 Ft 2 kreat\u00edv foglalkoz\u00e1s eszk\u00f6zeinek \u00e1ra 10000 Ft Egy gyermek k\u00e9pess\u00e9gei felm\u00e9r\u00e9s\u00e9nek k\u00f6lts\u00e9ge 20000 Ft Egy heti Tanul\u00e1s M\u0171v\u00e9szete foglalkoz\u00e1s egy oszt\u00e1lynak A t\u00e1mogat\u00e1st \u00e1tutalhatja k\u00f6zvetlen\u00fcl banksz\u00e1mlasz\u00e1munkra: Kreat\u00edv Tanul\u00e1s \u00e9s Oktat\u00e1s Alap\u00edtv\u00e1ny11600006-00000000-99160241Adom\u00e1ny&nbsp;k\u00f6zlem\u00e9ny felt\u00fcntet\u00e9s\u00e9vel Vedd fel vel\u00fcnk a kapcsolatot! A kreativit\u00e1s nem a m\u0171v\u00e9szek kiv\u00e1lts\u00e1ga, hanem minden gyermek \u00e9s feln\u0151tt teljesebb \u00e9let\u00e9nek kulcsa","og_url":"https:\/\/kreativtanulasesoktatas.hu\/en\/adomanyozas\/","og_site_name":"Kreativ Tanul\u00e1s \u00e9s Oktat\u00e1s Alap\u00edtvany - KTOA","article_modified_time":"2025-02-25T11:37:19+00:00","twitter_card":"summary_large_image","twitter_misc":{"Estimated reading time":"1 minute"},"schema":{"@context":"https:\/\/schema.org","@graph":[{"@type":"WebPage","@id":"https:\/\/kreativtanulasesoktatas.hu\/adomanyozas\/","url":"https:\/\/kreativtanulasesoktatas.hu\/adomanyozas\/","name":"Adom\u00e1nyoz\u00e1s - Kreativ Tanul\u00e1s \u00e9s Oktat\u00e1s Alap\u00edtvany - KTOA","isPartOf":{"@id":"https:\/\/kreativtanulasesoktatas.hu\/#website"},"datePublished":"2022-07-26T20:21:11+00:00","dateModified":"2025-02-25T11:37:19+00:00","breadcrumb":{"@id":"https:\/\/kreativtanulasesoktatas.hu\/adomanyozas\/#breadcrumb"},"inLanguage":"en-GB","potentialAction":[{"@type":"ReadAction","target":["https:\/\/kreativtanulasesoktatas.hu\/adomanyozas\/"]}]},{"@type":"BreadcrumbList","@id":"https:\/\/kreativtanulasesoktatas.hu\/adomanyozas\/#breadcrumb","itemListElement":[{"@type":"ListItem","position":1,"name":"Home","item":"https:\/\/kreativtanulasesoktatas.hu\/"},{"@type":"ListItem","position":2,"name":"Adom\u00e1nyoz\u00e1s"}]},{"@type":"WebSite","@id":"https:\/\/kreativtanulasesoktatas.hu\/#website","url":"https:\/\/kreativtanulasesoktatas.hu\/","name":"Kreativ Tanul\u00e1s \u00e9s Oktat\u00e1s Alap\u00edtvany - KTOA","description":"Oktat\u00e1s fejleszt\u00e9s \u00e9s innov\u00e1ci\u00f3 az iskol\u00e1kban","publisher":{"@id":"https:\/\/kreativtanulasesoktatas.hu\/#organization"},"potentialAction":[{"@type":"SearchAction","target":{"@type":"EntryPoint","urlTemplate":"https:\/\/kreativtanulasesoktatas.hu\/?s={search_term_string}"},"query-input":{"@type":"PropertyValueSpecification","valueRequired":true,"valueName":"search_term_string"}}],"inLanguage":"en-GB"},{"@type":"Organization","@id":"https:\/\/kreativtanulasesoktatas.hu\/#organization","name":"Kreativ Tanul\u00e1s \u00e9s Oktat\u00e1s Alap\u00edtvany - KTOA","url":"https:\/\/kreativtanulasesoktatas.hu\/","logo":{"@type":"ImageObject","inLanguage":"en-GB","@id":"https:\/\/kreativtanulasesoktatas.hu\/#\/schema\/logo\/image\/","url":"https:\/\/kreativtanulasesoktatas.hu\/wp-content\/uploads\/2022\/07\/logo.svg","contentUrl":"https:\/\/kreativtanulasesoktatas.hu\/wp-content\/uploads\/2022\/07\/logo.svg","width":315,"height":174,"caption":"Kreativ Tanul\u00e1s \u00e9s Oktat\u00e1s Alap\u00edtvany - KTOA"},"image":{"@id":"https:\/\/kreativtanulasesoktatas.hu\/#\/schema\/logo\/image\/"}}]}},"_links":{"self":[{"href":"https:\/\/kreativtanulasesoktatas.hu\/en\/wp-json\/wp\/v2\/pages\/114","targetHints":{"allow":["GET"]}}],"collection":[{"href":"https:\/\/kreativtanulasesoktatas.hu\/en\/wp-json\/wp\/v2\/pages"}],"about":[{"href":"https:\/\/kreativtanulasesoktatas.hu\/en\/wp-json\/wp\/v2\/types\/page"}],"author":[{"embeddable":true,"href":"https:\/\/kreativtanulasesoktatas.hu\/en\/wp-json\/wp\/v2\/users\/1"}],"replies":[{"embeddable":true,"href":"https:\/\/kreativtanulasesoktatas.hu\/en\/wp-json\/wp\/v2\/comments?post=114"}],"version-history":[{"count":10,"href":"https:\/\/kreativtanulasesoktatas.hu\/en\/wp-json\/wp\/v2\/pages\/114\/revisions"}],"predecessor-version":[{"id":4638,"href":"https:\/\/kreativtanulasesoktatas.hu\/en\/wp-json\/wp\/v2\/pages\/114\/revisions\/4638"}],"wp:attachment":[{"href":"https:\/\/kreativtanulasesoktatas.hu\/en\/wp-json\/wp\/v2\/media?parent=114"}],"curies":[{"name":"wp","href":"https:\/\/api.w.org\/{rel}","templated":true}]}}