{"id":1140,"date":"2022-10-03T22:33:52","date_gmt":"2022-10-03T22:33:52","guid":{"rendered":"https:\/\/kreativtanulasesoktatas.hu\/?page_id=1140"},"modified":"2022-12-06T13:32:24","modified_gmt":"2022-12-06T13:32:24","slug":"pedagogusoknak-intezmenyeknek","status":"publish","type":"page","link":"https:\/\/kreativtanulasesoktatas.hu\/en\/kiknek\/pedagogusoknak-intezmenyeknek\/","title":{"rendered":"For teachers and institutions"},"content":{"rendered":"<div class=\"wp-block-columns is-style-wide-width-120 is-layout-flex wp-container-core-columns-is-layout-28f84493 wp-block-columns-is-layout-flex\">\n<div class=\"wp-block-column is-layout-flow wp-block-column-is-layout-flow\"><div class=\"pebble pebble-index-1 pebble-shape-02 layout-text-above has-text-content keep-aspect-ratio\" style=\"width: 140%;margin: 0em 0em 0em -25%;padding: 0em 0em 0em 0em;--double-top: -8%;--double-left: -2%;--text-top: 0em;--text-left: 0.5em;--double-size: 100%;--double-opacity: 0.5;--double-blend-mode: multiply;--shapes-top: 0%;--shapes-left: 0%;--shapes-rotate: 0deg;--image-margin: 0em 0em 0em 0em;\" data-aspect-ratio=\"626\/235\"><span class=\"pebble-contents\"><h2 class=\"pebble-text has-huge-font-size has-text-align-center\" style=\"font-weight:default;\">Pedag\u00f3gusoknak, \nint\u00e9zm\u00e9nyeknek<\/h2><\/span><\/div>\n\n<div class=\"pebble pebble-index-2 pebble-shape-16 layout-text-above has-image-content keep-aspect-ratio\" style=\"--double-clip-path: url(#shape-18-svg-clipPath);width: 93%;margin: -1em 0em 0em auto;padding: 0em 0em 0em 0em;--double-top: -10%;--double-left: -5%;--text-top: 0em;--text-left: 0em;--double-size: 110%;--double-color: #ffdf03;--double-opacity: 0.5;--double-blend-mode: multiply;--shapes-top: 0%;--shapes-left: 0%;--shapes-rotate: 0deg;--image-margin: 0em 0em 0em 0em;\" data-aspect-ratio=\"654\/396\"><span class=\"pebble-contents\"><img loading=\"lazy\" decoding=\"async\" width=\"650\" height=\"432\" src=\"https:\/\/kreativtanulasesoktatas.hu\/wp-content\/uploads\/2022\/07\/4-650x432.jpg\" class=\"pebble-image\" alt=\"\" style=\"object-fit: cover\" srcset=\"https:\/\/kreativtanulasesoktatas.hu\/wp-content\/uploads\/2022\/07\/4-650x432.jpg 650w, https:\/\/kreativtanulasesoktatas.hu\/wp-content\/uploads\/2022\/07\/4-1024x681.jpg 1024w, https:\/\/kreativtanulasesoktatas.hu\/wp-content\/uploads\/2022\/07\/4-300x200.jpg 300w, https:\/\/kreativtanulasesoktatas.hu\/wp-content\/uploads\/2022\/07\/4-768x511.jpg 768w, https:\/\/kreativtanulasesoktatas.hu\/wp-content\/uploads\/2022\/07\/4.jpg 1275w\" sizes=\"auto, (max-width: 650px) 100vw, 650px\" \/><h2 class=\"pebble-text has-text-align-center\" style=\"font-weight:default;\"><\/h2><\/span><\/div><\/div>\n\n\n\n<div class=\"wp-block-column is-layout-flow wp-block-column-is-layout-flow\" style=\"flex-basis:38%\">\n<div style=\"height:1.5em\" aria-hidden=\"true\" class=\"wp-block-spacer is-style-default\"><\/div>\n\n\n\n<div style=\"height:1.5em\" aria-hidden=\"true\" class=\"wp-block-spacer is-style-mobil-hide\"><\/div>\n\n\n\n<p>Our in-school programmes and trainings can be valuable for all teachers who want to expand their methodological toolbox, motivate their students, develop their creativity and critical thinking. Our core pedagogical concept - the \"well-functioning classroom\" - encourages teachers to transform their classroom work and inspires them to approach problems not only within the school but also in everyday life in a new way.<\/p>\n<\/div>\n\n\n\n<div class=\"wp-block-column is-vertically-aligned-bottom is-style-mobil-hide is-layout-flow wp-block-column-is-layout-flow\" style=\"padding-left:3em;flex-basis:15%\"><div class=\"pebble pebble-index-3 pebble-shape-11 layout-text-above keep-aspect-ratio is-empty\" style=\"width: 140%;margin: 0em 0em 0em -30%;padding: 0em 0em 0em 0em;--double-top: -8%;--double-left: -2%;--text-top: 0em;--text-left: 0em;--double-size: 100%;--double-opacity: 0.5;--double-blend-mode: multiply;--shapes-top: 0%;--shapes-left: 0%;--shapes-rotate: 0deg;--image-margin: 0em 0em 0em 0em;\" data-aspect-ratio=\"130\/108\"><span class=\"pebble-contents\"><svg version=\"1.1\" xmlns=\"http:\/\/www.w3.org\/2000\/svg\"  viewbox=\"0 0 130 108\"  height=\"108\"  width=\"130\"  style=\"\" ><path fill=\"rgba(228, 133, 37, 1)\" transform=\"\" d=\"M87.738,16.35c-2.763-1.341-5.205-3.217-7.285-5.477C75.105,5.067,61.177-5.568,36.08,3.559 C2.756,15.676-7.848,49,5.785,67.177c13.633,18.178,54.53,49.986,74.222,39.383s51.501-33.324,49.985-53.016 C128.779,37.776,99.396,22.006,87.738,16.35\"\/><\/svg><h2 class=\"pebble-text has-text-align-center\" style=\"font-weight:default;\"><\/h2><\/span><\/div><\/div>\n<\/div>\n\n\n\n<div style=\"height:100px\" aria-hidden=\"true\" class=\"wp-block-spacer\"><\/div>\n\n\n\n<h2 class=\"has-text-align-center has-primary-color has-text-color wp-block-heading\">Our programmes<\/h2>\n\n\n\n<div style=\"height:50px\" aria-hidden=\"true\" class=\"wp-block-spacer\"><\/div>\n\n\n\n<div class=\"wp-block-group is-style-programs-alternate-list is-layout-constrained wp-block-group-is-layout-constrained\">\n<div class=\"wp-block-columns is-layout-flex wp-container-core-columns-is-layout-28f84493 wp-block-columns-is-layout-flex\">\n<div class=\"wp-block-column is-vertically-aligned-center is-layout-flow wp-block-column-is-layout-flow\" style=\"flex-basis:20%\"><div class=\"pebble pebble-index-4 pebble-shape-11 layout-text-above has-text-content keep-aspect-ratio\" style=\"margin: 0em auto 0em auto;padding: 0em 0em 0em 0em;--double-top: -8%;--double-left: -2%;--text-top: 0em;--text-left: 0em;--double-size: 100%;--double-opacity: 0.5;--double-blend-mode: multiply;--shapes-top: 0%;--shapes-left: 0%;--shapes-rotate: 0deg;--image-margin: 0em 0em 0em 0em;\" data-aspect-ratio=\"130\/108\"><span class=\"pebble-contents\"><h2 class=\"pebble-text has-medium-font-size has-text-align-center\" style=\"font-weight:default;\">Trainings<\/h2><\/span><\/div><\/div>\n\n\n\n<div class=\"wp-block-column is-vertically-aligned-center is-layout-flow wp-block-column-is-layout-flow\" style=\"flex-basis:66.66%\">\n<p style=\"font-style:normal;font-weight:400\">Our training and individual mentoring activities aim to provide professional support for teachers' work and the introduction of creative education in the classroom, and to support the internal professional development of educational institutions. Building on the concept of the 'well-functioning classroom' as the professional basis for our programmes, and through an understanding of the five pillars of creativity, we provide concrete methodological tools that can be integrated into teachers' classroom practice.<\/p>\n<\/div>\n<\/div>\n\n\n\n<div class=\"wp-block-columns is-layout-flex wp-container-core-columns-is-layout-28f84493 wp-block-columns-is-layout-flex\">\n<div class=\"wp-block-column is-vertically-aligned-center is-layout-flow wp-block-column-is-layout-flow\" style=\"flex-basis:66.66%\">\n<p class=\"has-text-align-right\" style=\"font-style:normal;font-weight:400\">The Creative Partnerships programme develops innovative and long-lasting relationships between schools and creative professionals from different sectors (e.g. performing artists, visual artists, architects, multimedia professionals, scientists). The programme is based on active classroom collaboration between teachers and artists.<\/p>\n<\/div>\n\n\n\n<div class=\"wp-block-column is-vertically-aligned-center is-layout-flow wp-block-column-is-layout-flow\" style=\"flex-basis:20%\"><div class=\"pebble pebble-index-5 pebble-shape-10 layout-text-above has-text-content keep-aspect-ratio\" style=\"margin: 0em auto 0em auto;padding: 0em 0em 0em 0em;--double-top: -8%;--double-left: -2%;--text-top: 0em;--text-left: 0em;--double-size: 100%;--double-opacity: 0.5;--double-blend-mode: multiply;--shapes-top: 0%;--shapes-left: 0%;--shapes-rotate: 0deg;--image-margin: 0em 0em 0em 0em;\" data-aspect-ratio=\"232\/99\"><span class=\"pebble-contents\"><h2 class=\"pebble-text has-medium-font-size has-text-align-center\" style=\"font-weight:default;\">Creative Partnerships<\/h2><\/span><\/div><\/div>\n<\/div>\n\n\n\n<div class=\"wp-block-columns is-layout-flex wp-container-core-columns-is-layout-28f84493 wp-block-columns-is-layout-flex\">\n<div class=\"wp-block-column is-vertically-aligned-center is-layout-flow wp-block-column-is-layout-flow\" style=\"flex-basis:20%\"><div class=\"pebble pebble-index-6 pebble-shape-02 layout-text-above has-text-content keep-aspect-ratio\" style=\"margin: 0em auto 0em auto;padding: 0em 0em 0em 0em;--double-top: -8%;--double-left: -2%;--text-top: 0em;--text-left: 0em;--double-size: 100%;--double-opacity: 0.5;--double-blend-mode: multiply;--shapes-top: 0%;--shapes-left: 0%;--shapes-rotate: 0deg;--image-margin: 0em 0em 0em 0em;\" data-aspect-ratio=\"626\/235\"><span class=\"pebble-contents\"><h2 class=\"pebble-text has-medium-font-size has-text-align-center\" style=\"font-weight:default;\">The Art of Learning<\/h2><\/span><\/div><\/div>\n\n\n\n<div class=\"wp-block-column is-vertically-aligned-center is-layout-flow wp-block-column-is-layout-flow\" style=\"flex-basis:66.66%\">\n<p style=\"font-style:normal;font-weight:400\">The Art of Learning is a long-lasting intensive development programme for primary school students. Through art and culture, it supports students to develop their executive functions (self-control, working memory, flexibility of thinking) and to acquire a tangible knowledge of the \"how\" of learning.<\/p>\n<\/div>\n<\/div>\n\n\n\n<div class=\"wp-block-columns is-layout-flex wp-container-core-columns-is-layout-28f84493 wp-block-columns-is-layout-flex\">\n<div class=\"wp-block-column is-vertically-aligned-center is-layout-flow wp-block-column-is-layout-flow\" style=\"flex-basis:66.66%\">\n<p class=\"has-text-align-right\" style=\"font-style:normal;font-weight:400\">During our art education sessions, students and their teachers work with staff from contemporary art centres and galleries on subject content and learning questions, providing them with a learning experience that breaks out of their usual learning routine and experiences the greatness of learning together through art and culture.<\/p>\n<\/div>\n\n\n\n<div class=\"wp-block-column is-vertically-aligned-center is-layout-flow wp-block-column-is-layout-flow\" style=\"flex-basis:20%\"><div class=\"pebble pebble-index-7 pebble-shape-09 layout-text-above has-text-content keep-aspect-ratio\" style=\"margin: 0em auto 0em auto;padding: 0em 0em 0em 0em;--double-top: -8%;--double-left: -2%;--text-top: 0em;--text-left: 0em;--double-size: 100%;--double-opacity: 0.5;--double-blend-mode: multiply;--shapes-top: 0%;--shapes-left: 0%;--shapes-rotate: 0deg;--image-margin: 0em 0em 0em 0em;\" data-aspect-ratio=\"194\/143\"><span class=\"pebble-contents\"><h2 class=\"pebble-text has-small-font-size has-text-align-center\" style=\"font-weight:default;\">Art-pedagogy<\/h2><\/span><\/div><\/div>\n<\/div>\n<\/div>\n\n\n\n<div style=\"height:300px\" aria-hidden=\"true\" class=\"wp-block-spacer\"><\/div>\n\n\n\n<div class=\"wp-block-group is-layout-flow wp-block-group-is-layout-flow\"><div class=\"pebble pebble-index-8 pebble-shape-01 layout-text-above is-background keep-aspect-ratio is-empty\" style=\"width: 35em;margin: -10em 0em 0em -15em!important;padding: 0em 0em 0em 0em;--double-top: -8%;--double-left: -2%;--text-top: 0em;--text-left: 0em;--double-size: 100%;--double-opacity: 0.5;--double-blend-mode: multiply;--shapes-top: 0%;--shapes-left: 0%;--shapes-rotate: 0deg;--image-margin: 0em 0em 0em 0em;\" data-aspect-ratio=\"650\/670\"><span class=\"pebble-contents\"><svg version=\"1.1\" xmlns=\"http:\/\/www.w3.org\/2000\/svg\"  viewbox=\"0 0 650 670\"  height=\"670\"  width=\"650\"  style=\"\" ><path fill=\"rgba(254, 223, 0, 1)\" transform=\"\" d=\"M376.006,626.941c0,0,158.218,115.604,232.513-30.794c74.296-146.396,52.698-402.992-85.67-474.222 C384.482,50.695,171.967-67.243,90.812,48.938C9.657,165.121-43.622,328.74,48.478,400.699 C140.577,472.658,244.498,585.925,376.006,626.941\"\/><\/svg><h2 class=\"pebble-text has-text-align-center\" style=\"font-weight:default;\"><\/h2><\/span><\/div>\n\n\n<h2 class=\"wp-block-heading has-text-align-center has-primary-color has-text-color\">Subscribe to newsletter<\/h2>\n\n\n\n<p>Subscribe to our newsletter to stay up to date with our programmes. If we are starting a new training course or looking for qualified creative professionals we can contact you.<\/p>\n\n\n\n<div class=\"wp-block-group is-layout-constrained wp-container-core-group-is-layout-92ef7b19 wp-block-group-is-layout-constrained\">\n<div class=\"wp-block-contact-form-7-contact-form-selector\">\n<div class=\"wpcf7 no-js\" id=\"wpcf7-f593-o1\" lang=\"en-US\" dir=\"ltr\" data-wpcf7-id=\"593\">\n<div class=\"screen-reader-response\"><p role=\"status\" aria-live=\"polite\" aria-atomic=\"true\"><\/p> <ul><\/ul><\/div>\n<form action=\"\/en\/wp-json\/wp\/v2\/pages\/1140#wpcf7-f593-o1\" method=\"post\" class=\"wpcf7-form init\" aria-label=\"Contact form\" novalidate=\"novalidate\" data-status=\"init\" data-trp-original-action=\"\/en\/wp-json\/wp\/v2\/pages\/1140#wpcf7-f593-o1\">\n<fieldset class=\"hidden-fields-container\"><input type=\"hidden\" name=\"_wpcf7\" value=\"593\" \/><input type=\"hidden\" name=\"_wpcf7_version\" value=\"6.1.5\" \/><input type=\"hidden\" name=\"_wpcf7_locale\" value=\"en_US\" \/><input type=\"hidden\" name=\"_wpcf7_unit_tag\" value=\"wpcf7-f593-o1\" \/><input type=\"hidden\" name=\"_wpcf7_container_post\" value=\"0\" \/><input type=\"hidden\" name=\"_wpcf7_posted_data_hash\" value=\"\" \/><input type=\"hidden\" name=\"_wpcf7_recaptcha_response\" value=\"\" \/>\n<\/fieldset>\n<p><label> <span class=\"wpcf7-form-control-wrap\" data-name=\"your-name\"><input size=\"40\" maxlength=\"400\" class=\"wpcf7-form-control wpcf7-text wpcf7-validates-as-required\" aria-required=\"true\" aria-invalid=\"false\" placeholder=\"Name\" value=\"\" type=\"text\" name=\"your-name\" \/><\/span> <\/label>\n<\/p>\n<p><label> <span class=\"wpcf7-form-control-wrap\" data-name=\"your-email\"><input size=\"40\" maxlength=\"400\" class=\"wpcf7-form-control wpcf7-email wpcf7-validates-as-required wpcf7-text wpcf7-validates-as-email\" aria-required=\"true\" aria-invalid=\"false\" placeholder=\"E-MAIL\" value=\"\" type=\"email\" name=\"your-email\" \/><\/span> <\/label>\n<\/p>\n<p class=\"mv2rem\"><span class=\"wpcf7-form-control-wrap\" data-name=\"accept_privacy_policy\"><span class=\"wpcf7-form-control wpcf7-acceptance\"><span class=\"wpcf7-list-item\"><label><input type=\"checkbox\" name=\"accept_privacy_policy\" value=\"1\" class=\"mv2rem\" aria-invalid=\"false\" \/><span class=\"wpcf7-list-item-label\">I accept the <a href=\"\/wp-content\/uploads\/2024\/04\/Adatvedelmi-Tajekoztato_KTOA_Honlap.pdf\" style=\"text-decoration: underline\" target=\"_blank\" >privacy statement<\/a> .<\/span><\/span><\/label><\/span><\/span><\/span>\n<\/p>\n<p><label> <input class=\"wpcf7-form-control wpcf7-submit has-spinner pebble-04\" type=\"submit\" value=\"Subscribe\" \/> <\/label>\n<\/p><div class=\"wpcf7-response-output\" aria-hidden=\"true\"><\/div>\n<input type=\"hidden\" name=\"trp-form-language\" value=\"en\"\/><\/form>\n<\/div>\n<\/div>\n<\/div>\n<\/div>","protected":false},"excerpt":{"rendered":"<p>Iskolai programjaink \u00e9s tr\u00e9ningjeink \u00e9rt\u00e9kesek lehetnek minden olyan pedag\u00f3gusnak, aki szeretn\u00e9 b\u0151v\u00edteni m\u00f3dszertani eszk\u00f6zt\u00e1r\u00e1t, motiv\u00e1ltt\u00e1 tenni tanul\u00f3it, fejleszteni azok kreativit\u00e1s\u00e1t, kritikai gondolkod\u00e1s\u00e1t. M\u0171k\u00f6d\u00e9s\u00fcnk pedag\u00f3giai alapkoncepci\u00f3ja &#8211; a \u201ej\u00f3l m\u0171k\u00f6d\u0151 oszt\u00e1lyterem\u201d &#8211; a pedag\u00f3gusokat oszt\u00e1lytermi munk\u00e1juk \u00e1talak\u00edt\u00e1s\u00e1ra b\u00e1tor\u00edtja, \u00e9s arra inspir\u00e1lja \u0151ket, hogy \u00fajfajta m\u00f3don k\u00f6zel\u00edtsenek ne csak az iskol\u00e1n bel\u00fcli, hanem a mindennapokban felmer\u00fcl\u0151 probl\u00e9m\u00e1khoz [&hellip;]<\/p>\n","protected":false},"author":1,"featured_media":0,"parent":111,"menu_order":0,"comment_status":"closed","ping_status":"closed","template":"","meta":{"_acf_changed":false,"inline_featured_image":false,"footnotes":""},"class_list":["post-1140","page","type-page","status-publish","hentry"],"acf":[],"yoast_head":"<!-- This site is optimized with the Yoast SEO plugin v27.4 - https:\/\/yoast.com\/product\/yoast-seo-wordpress\/ -->\n<title>Pedag\u00f3gusoknak, int\u00e9zm\u00e9nyeknek - Kreativ Tanul\u00e1s \u00e9s Oktat\u00e1s Alap\u00edtvany - KTOA<\/title>\n<meta name=\"robots\" content=\"index, follow, max-snippet:-1, max-image-preview:large, max-video-preview:-1\" \/>\n<link rel=\"canonical\" href=\"https:\/\/kreativtanulasesoktatas.hu\/en\/kiknek\/pedagogusoknak-intezmenyeknek\/\" \/>\n<meta property=\"og:locale\" content=\"en_GB\" \/>\n<meta property=\"og:type\" content=\"article\" \/>\n<meta property=\"og:title\" content=\"Pedag\u00f3gusoknak, int\u00e9zm\u00e9nyeknek - Kreativ Tanul\u00e1s \u00e9s Oktat\u00e1s Alap\u00edtvany - KTOA\" \/>\n<meta property=\"og:description\" content=\"Iskolai programjaink \u00e9s tr\u00e9ningjeink \u00e9rt\u00e9kesek lehetnek minden olyan pedag\u00f3gusnak, aki szeretn\u00e9 b\u0151v\u00edteni m\u00f3dszertani eszk\u00f6zt\u00e1r\u00e1t, motiv\u00e1ltt\u00e1 tenni tanul\u00f3it, fejleszteni azok kreativit\u00e1s\u00e1t, kritikai gondolkod\u00e1s\u00e1t. M\u0171k\u00f6d\u00e9s\u00fcnk pedag\u00f3giai alapkoncepci\u00f3ja &#8211; a \u201ej\u00f3l m\u0171k\u00f6d\u0151 oszt\u00e1lyterem\u201d &#8211; a pedag\u00f3gusokat oszt\u00e1lytermi munk\u00e1juk \u00e1talak\u00edt\u00e1s\u00e1ra b\u00e1tor\u00edtja, \u00e9s arra inspir\u00e1lja \u0151ket, hogy \u00fajfajta m\u00f3don k\u00f6zel\u00edtsenek ne csak az iskol\u00e1n bel\u00fcli, hanem a mindennapokban felmer\u00fcl\u0151 probl\u00e9m\u00e1khoz [&hellip;]\" \/>\n<meta property=\"og:url\" content=\"https:\/\/kreativtanulasesoktatas.hu\/en\/kiknek\/pedagogusoknak-intezmenyeknek\/\" \/>\n<meta property=\"og:site_name\" content=\"Kreativ Tanul\u00e1s \u00e9s Oktat\u00e1s Alap\u00edtvany - KTOA\" \/>\n<meta property=\"article:modified_time\" content=\"2022-12-06T13:32:24+00:00\" \/>\n<meta name=\"twitter:card\" content=\"summary_large_image\" \/>\n<meta name=\"twitter:label1\" content=\"Estimated reading time\" \/>\n\t<meta name=\"twitter:data1\" content=\"1 minute\" \/>\n<script type=\"application\/ld+json\" class=\"yoast-schema-graph\">{\"@context\":\"https:\\\/\\\/schema.org\",\"@graph\":[{\"@type\":\"WebPage\",\"@id\":\"https:\\\/\\\/kreativtanulasesoktatas.hu\\\/kiknek\\\/pedagogusoknak-intezmenyeknek\\\/\",\"url\":\"https:\\\/\\\/kreativtanulasesoktatas.hu\\\/kiknek\\\/pedagogusoknak-intezmenyeknek\\\/\",\"name\":\"Pedag\u00f3gusoknak, int\u00e9zm\u00e9nyeknek - Kreativ Tanul\u00e1s \u00e9s Oktat\u00e1s Alap\u00edtvany - KTOA\",\"isPartOf\":{\"@id\":\"https:\\\/\\\/kreativtanulasesoktatas.hu\\\/#website\"},\"datePublished\":\"2022-10-03T22:33:52+00:00\",\"dateModified\":\"2022-12-06T13:32:24+00:00\",\"breadcrumb\":{\"@id\":\"https:\\\/\\\/kreativtanulasesoktatas.hu\\\/kiknek\\\/pedagogusoknak-intezmenyeknek\\\/#breadcrumb\"},\"inLanguage\":\"en-GB\",\"potentialAction\":[{\"@type\":\"ReadAction\",\"target\":[\"https:\\\/\\\/kreativtanulasesoktatas.hu\\\/kiknek\\\/pedagogusoknak-intezmenyeknek\\\/\"]}]},{\"@type\":\"BreadcrumbList\",\"@id\":\"https:\\\/\\\/kreativtanulasesoktatas.hu\\\/kiknek\\\/pedagogusoknak-intezmenyeknek\\\/#breadcrumb\",\"itemListElement\":[{\"@type\":\"ListItem\",\"position\":1,\"name\":\"Home\",\"item\":\"https:\\\/\\\/kreativtanulasesoktatas.hu\\\/\"},{\"@type\":\"ListItem\",\"position\":2,\"name\":\"Kiknek\",\"item\":\"https:\\\/\\\/kreativtanulasesoktatas.hu\\\/kiknek\\\/\"},{\"@type\":\"ListItem\",\"position\":3,\"name\":\"Pedag\u00f3gusoknak, int\u00e9zm\u00e9nyeknek\"}]},{\"@type\":\"WebSite\",\"@id\":\"https:\\\/\\\/kreativtanulasesoktatas.hu\\\/#website\",\"url\":\"https:\\\/\\\/kreativtanulasesoktatas.hu\\\/\",\"name\":\"Kreativ Tanul\u00e1s \u00e9s Oktat\u00e1s Alap\u00edtvany - KTOA\",\"description\":\"Oktat\u00e1s fejleszt\u00e9s \u00e9s innov\u00e1ci\u00f3 az iskol\u00e1kban\",\"publisher\":{\"@id\":\"https:\\\/\\\/kreativtanulasesoktatas.hu\\\/#organization\"},\"potentialAction\":[{\"@type\":\"SearchAction\",\"target\":{\"@type\":\"EntryPoint\",\"urlTemplate\":\"https:\\\/\\\/kreativtanulasesoktatas.hu\\\/?s={search_term_string}\"},\"query-input\":{\"@type\":\"PropertyValueSpecification\",\"valueRequired\":true,\"valueName\":\"search_term_string\"}}],\"inLanguage\":\"en-GB\"},{\"@type\":\"Organization\",\"@id\":\"https:\\\/\\\/kreativtanulasesoktatas.hu\\\/#organization\",\"name\":\"Kreativ Tanul\u00e1s \u00e9s Oktat\u00e1s Alap\u00edtvany - KTOA\",\"url\":\"https:\\\/\\\/kreativtanulasesoktatas.hu\\\/\",\"logo\":{\"@type\":\"ImageObject\",\"inLanguage\":\"en-GB\",\"@id\":\"https:\\\/\\\/kreativtanulasesoktatas.hu\\\/#\\\/schema\\\/logo\\\/image\\\/\",\"url\":\"https:\\\/\\\/kreativtanulasesoktatas.hu\\\/wp-content\\\/uploads\\\/2022\\\/07\\\/logo.svg\",\"contentUrl\":\"https:\\\/\\\/kreativtanulasesoktatas.hu\\\/wp-content\\\/uploads\\\/2022\\\/07\\\/logo.svg\",\"width\":315,\"height\":174,\"caption\":\"Kreativ Tanul\u00e1s \u00e9s Oktat\u00e1s Alap\u00edtvany - KTOA\"},\"image\":{\"@id\":\"https:\\\/\\\/kreativtanulasesoktatas.hu\\\/#\\\/schema\\\/logo\\\/image\\\/\"}}]}<\/script>\n<!-- \/ Yoast SEO plugin. -->","yoast_head_json":{"title":"Pedag\u00f3gusoknak, int\u00e9zm\u00e9nyeknek - Kreativ Tanul\u00e1s \u00e9s Oktat\u00e1s Alap\u00edtvany - KTOA","robots":{"index":"index","follow":"follow","max-snippet":"max-snippet:-1","max-image-preview":"max-image-preview:large","max-video-preview":"max-video-preview:-1"},"canonical":"https:\/\/kreativtanulasesoktatas.hu\/en\/kiknek\/pedagogusoknak-intezmenyeknek\/","og_locale":"en_GB","og_type":"article","og_title":"Pedag\u00f3gusoknak, int\u00e9zm\u00e9nyeknek - Kreativ Tanul\u00e1s \u00e9s Oktat\u00e1s Alap\u00edtvany - KTOA","og_description":"Iskolai programjaink \u00e9s tr\u00e9ningjeink \u00e9rt\u00e9kesek lehetnek minden olyan pedag\u00f3gusnak, aki szeretn\u00e9 b\u0151v\u00edteni m\u00f3dszertani eszk\u00f6zt\u00e1r\u00e1t, motiv\u00e1ltt\u00e1 tenni tanul\u00f3it, fejleszteni azok kreativit\u00e1s\u00e1t, kritikai gondolkod\u00e1s\u00e1t. M\u0171k\u00f6d\u00e9s\u00fcnk pedag\u00f3giai alapkoncepci\u00f3ja &#8211; a \u201ej\u00f3l m\u0171k\u00f6d\u0151 oszt\u00e1lyterem\u201d &#8211; a pedag\u00f3gusokat oszt\u00e1lytermi munk\u00e1juk \u00e1talak\u00edt\u00e1s\u00e1ra b\u00e1tor\u00edtja, \u00e9s arra inspir\u00e1lja \u0151ket, hogy \u00fajfajta m\u00f3don k\u00f6zel\u00edtsenek ne csak az iskol\u00e1n bel\u00fcli, hanem a mindennapokban felmer\u00fcl\u0151 probl\u00e9m\u00e1khoz [&hellip;]","og_url":"https:\/\/kreativtanulasesoktatas.hu\/en\/kiknek\/pedagogusoknak-intezmenyeknek\/","og_site_name":"Kreativ Tanul\u00e1s \u00e9s Oktat\u00e1s Alap\u00edtvany - KTOA","article_modified_time":"2022-12-06T13:32:24+00:00","twitter_card":"summary_large_image","twitter_misc":{"Estimated reading time":"1 minute"},"schema":{"@context":"https:\/\/schema.org","@graph":[{"@type":"WebPage","@id":"https:\/\/kreativtanulasesoktatas.hu\/kiknek\/pedagogusoknak-intezmenyeknek\/","url":"https:\/\/kreativtanulasesoktatas.hu\/kiknek\/pedagogusoknak-intezmenyeknek\/","name":"Pedag\u00f3gusoknak, int\u00e9zm\u00e9nyeknek - Kreativ Tanul\u00e1s \u00e9s Oktat\u00e1s Alap\u00edtvany - KTOA","isPartOf":{"@id":"https:\/\/kreativtanulasesoktatas.hu\/#website"},"datePublished":"2022-10-03T22:33:52+00:00","dateModified":"2022-12-06T13:32:24+00:00","breadcrumb":{"@id":"https:\/\/kreativtanulasesoktatas.hu\/kiknek\/pedagogusoknak-intezmenyeknek\/#breadcrumb"},"inLanguage":"en-GB","potentialAction":[{"@type":"ReadAction","target":["https:\/\/kreativtanulasesoktatas.hu\/kiknek\/pedagogusoknak-intezmenyeknek\/"]}]},{"@type":"BreadcrumbList","@id":"https:\/\/kreativtanulasesoktatas.hu\/kiknek\/pedagogusoknak-intezmenyeknek\/#breadcrumb","itemListElement":[{"@type":"ListItem","position":1,"name":"Home","item":"https:\/\/kreativtanulasesoktatas.hu\/"},{"@type":"ListItem","position":2,"name":"Kiknek","item":"https:\/\/kreativtanulasesoktatas.hu\/kiknek\/"},{"@type":"ListItem","position":3,"name":"Pedag\u00f3gusoknak, int\u00e9zm\u00e9nyeknek"}]},{"@type":"WebSite","@id":"https:\/\/kreativtanulasesoktatas.hu\/#website","url":"https:\/\/kreativtanulasesoktatas.hu\/","name":"Kreativ Tanul\u00e1s \u00e9s Oktat\u00e1s Alap\u00edtvany - KTOA","description":"Oktat\u00e1s fejleszt\u00e9s \u00e9s innov\u00e1ci\u00f3 az iskol\u00e1kban","publisher":{"@id":"https:\/\/kreativtanulasesoktatas.hu\/#organization"},"potentialAction":[{"@type":"SearchAction","target":{"@type":"EntryPoint","urlTemplate":"https:\/\/kreativtanulasesoktatas.hu\/?s={search_term_string}"},"query-input":{"@type":"PropertyValueSpecification","valueRequired":true,"valueName":"search_term_string"}}],"inLanguage":"en-GB"},{"@type":"Organization","@id":"https:\/\/kreativtanulasesoktatas.hu\/#organization","name":"Kreativ Tanul\u00e1s \u00e9s Oktat\u00e1s Alap\u00edtvany - KTOA","url":"https:\/\/kreativtanulasesoktatas.hu\/","logo":{"@type":"ImageObject","inLanguage":"en-GB","@id":"https:\/\/kreativtanulasesoktatas.hu\/#\/schema\/logo\/image\/","url":"https:\/\/kreativtanulasesoktatas.hu\/wp-content\/uploads\/2022\/07\/logo.svg","contentUrl":"https:\/\/kreativtanulasesoktatas.hu\/wp-content\/uploads\/2022\/07\/logo.svg","width":315,"height":174,"caption":"Kreativ Tanul\u00e1s \u00e9s Oktat\u00e1s Alap\u00edtvany - KTOA"},"image":{"@id":"https:\/\/kreativtanulasesoktatas.hu\/#\/schema\/logo\/image\/"}}]}},"_links":{"self":[{"href":"https:\/\/kreativtanulasesoktatas.hu\/en\/wp-json\/wp\/v2\/pages\/1140","targetHints":{"allow":["GET"]}}],"collection":[{"href":"https:\/\/kreativtanulasesoktatas.hu\/en\/wp-json\/wp\/v2\/pages"}],"about":[{"href":"https:\/\/kreativtanulasesoktatas.hu\/en\/wp-json\/wp\/v2\/types\/page"}],"author":[{"embeddable":true,"href":"https:\/\/kreativtanulasesoktatas.hu\/en\/wp-json\/wp\/v2\/users\/1"}],"replies":[{"embeddable":true,"href":"https:\/\/kreativtanulasesoktatas.hu\/en\/wp-json\/wp\/v2\/comments?post=1140"}],"version-history":[{"count":8,"href":"https:\/\/kreativtanulasesoktatas.hu\/en\/wp-json\/wp\/v2\/pages\/1140\/revisions"}],"predecessor-version":[{"id":1804,"href":"https:\/\/kreativtanulasesoktatas.hu\/en\/wp-json\/wp\/v2\/pages\/1140\/revisions\/1804"}],"up":[{"embeddable":true,"href":"https:\/\/kreativtanulasesoktatas.hu\/en\/wp-json\/wp\/v2\/pages\/111"}],"wp:attachment":[{"href":"https:\/\/kreativtanulasesoktatas.hu\/en\/wp-json\/wp\/v2\/media?parent=1140"}],"curies":[{"name":"wp","href":"https:\/\/api.w.org\/{rel}","templated":true}]}}