{"id":1141,"date":"2022-10-03T22:33:54","date_gmt":"2022-10-03T22:33:54","guid":{"rendered":"https:\/\/kreativtanulasesoktatas.hu\/?page_id=1141"},"modified":"2022-11-16T20:35:40","modified_gmt":"2022-11-16T20:35:40","slug":"vallalatoknak","status":"publish","type":"page","link":"https:\/\/kreativtanulasesoktatas.hu\/en\/kiknek\/vallalatoknak\/","title":{"rendered":"Companies"},"content":{"rendered":"<div class=\"wp-block-columns is-style-wide-width-120 is-layout-flex wp-container-core-columns-is-layout-28f84493 wp-block-columns-is-layout-flex\">\n<div class=\"wp-block-column is-layout-flow wp-block-column-is-layout-flow\"><div class=\"pebble pebble-index-1 pebble-shape-02 layout-text-above has-text-content keep-aspect-ratio\" style=\"width: 140%;margin: 0em 0em 0em -25%;padding: 0em 0em 0em 0em;--double-top: -8%;--double-left: -2%;--text-top: 0em;--text-left: 0.5em;--double-size: 100%;--double-opacity: 0.5;--double-blend-mode: multiply;--shapes-top: 0%;--shapes-left: 0%;--shapes-rotate: 0deg;--image-margin: 0em 0em 0em 0em;\" data-aspect-ratio=\"626\/235\"><span class=\"pebble-contents\"><h2 class=\"pebble-text has-text-align-center\" style=\"font-weight:default;\">Companies<\/h2><\/span><\/div>\n\n<div class=\"pebble pebble-index-2 pebble-shape-16 layout-text-above has-image-content keep-aspect-ratio\" style=\"--double-clip-path: url(#shape-18-svg-clipPath);width: 93%;margin: -1em 0em 0em auto;padding: 0em 0em 0em 0em;--double-top: -10%;--double-left: -5%;--text-top: 0em;--text-left: 0em;--double-size: 110%;--double-color: #ffdf03;--double-opacity: 0.5;--double-blend-mode: multiply;--shapes-top: 0%;--shapes-left: 0%;--shapes-rotate: 0deg;--image-margin: 0em 0em 0em 0em;\" data-aspect-ratio=\"654\/396\"><span class=\"pebble-contents\"><img loading=\"lazy\" decoding=\"async\" width=\"650\" height=\"433\" src=\"https:\/\/kreativtanulasesoktatas.hu\/wp-content\/uploads\/2022\/07\/3-650x433.jpg\" class=\"pebble-image\" alt=\"\" style=\"object-fit: cover\" srcset=\"https:\/\/kreativtanulasesoktatas.hu\/wp-content\/uploads\/2022\/07\/3-650x433.jpg 650w, https:\/\/kreativtanulasesoktatas.hu\/wp-content\/uploads\/2022\/07\/3-1024x683.jpg 1024w, https:\/\/kreativtanulasesoktatas.hu\/wp-content\/uploads\/2022\/07\/3-300x200.jpg 300w, https:\/\/kreativtanulasesoktatas.hu\/wp-content\/uploads\/2022\/07\/3-768x512.jpg 768w, https:\/\/kreativtanulasesoktatas.hu\/wp-content\/uploads\/2022\/07\/3.jpg 1275w\" sizes=\"auto, (max-width: 650px) 100vw, 650px\" \/><h2 class=\"pebble-text has-text-align-center\" style=\"font-weight:default;\"><\/h2><\/span><\/div><\/div>\n\n\n\n<div class=\"wp-block-column is-layout-flow wp-block-column-is-layout-flow\" style=\"flex-basis:38%\">\n<div style=\"height:3em\" aria-hidden=\"true\" class=\"wp-block-spacer is-style-mobil-hide\"><\/div>\n\n\n\n<p>Creative problem solving and innovative working environment. Motivated employees and idea-rich meetings.<\/p>\n<\/div>\n\n\n\n<div class=\"wp-block-column is-vertically-aligned-bottom is-style-mobil-hide is-layout-flow wp-block-column-is-layout-flow\" style=\"padding-left:3em;flex-basis:15%\"><div class=\"pebble pebble-index-3 pebble-shape-11 layout-text-above keep-aspect-ratio is-empty\" style=\"width: 140%;margin: 0em 0em 0em -30%;padding: 0em 0em 0em 0em;--double-top: -8%;--double-left: -2%;--text-top: 0em;--text-left: 0em;--double-size: 100%;--double-opacity: 0.5;--double-blend-mode: multiply;--shapes-top: 0%;--shapes-left: 0%;--shapes-rotate: 0deg;--image-margin: 0em 0em 0em 0em;\" data-aspect-ratio=\"130\/108\"><span class=\"pebble-contents\"><svg version=\"1.1\" xmlns=\"http:\/\/www.w3.org\/2000\/svg\"  viewbox=\"0 0 130 108\"  height=\"108\"  width=\"130\"  style=\"\" ><path fill=\"rgba(228, 133, 37, 1)\" transform=\"\" d=\"M87.738,16.35c-2.763-1.341-5.205-3.217-7.285-5.477C75.105,5.067,61.177-5.568,36.08,3.559 C2.756,15.676-7.848,49,5.785,67.177c13.633,18.178,54.53,49.986,74.222,39.383s51.501-33.324,49.985-53.016 C128.779,37.776,99.396,22.006,87.738,16.35\"\/><\/svg><h2 class=\"pebble-text has-text-align-center\" style=\"font-weight:default;\"><\/h2><\/span><\/div><\/div>\n<\/div>\n\n\n\n<div style=\"height:100px\" aria-hidden=\"true\" class=\"wp-block-spacer\"><\/div>\n\n\n\n<h2 class=\"has-text-align-center has-primary-color has-text-color wp-block-heading\">Our programmes<\/h2>\n\n\n\n<div style=\"height:50px\" aria-hidden=\"true\" class=\"wp-block-spacer\"><\/div>\n\n\n\n<div class=\"wp-block-group is-style-programs-alternate-list is-layout-constrained wp-block-group-is-layout-constrained\">\n<div class=\"wp-block-columns is-layout-flex wp-container-core-columns-is-layout-28f84493 wp-block-columns-is-layout-flex\">\n<div class=\"wp-block-column is-vertically-aligned-center is-layout-flow wp-block-column-is-layout-flow\" style=\"flex-basis:20%\"><div class=\"pebble pebble-index-4 pebble-shape-11 layout-text-above has-text-content keep-aspect-ratio\" style=\"margin: 0em auto 0em auto;padding: 0em 0em 0em 0em;--double-top: -8%;--double-left: -2%;--text-top: 0em;--text-left: 0em;--double-size: 100%;--double-opacity: 0.5;--double-blend-mode: multiply;--shapes-top: 0%;--shapes-left: 0%;--shapes-rotate: 0deg;--image-margin: 0em 0em 0em 0em;\" data-aspect-ratio=\"130\/108\"><span class=\"pebble-contents\"><h2 class=\"pebble-text has-medium-font-size has-text-align-center\" style=\"font-weight:default;\">Trainings<\/h2><\/span><\/div><\/div>\n\n\n\n<div class=\"wp-block-column is-vertically-aligned-center is-layout-flow wp-block-column-is-layout-flow\" style=\"flex-basis:66.66%\">\n<p style=\"font-style:normal;font-weight:400\">Creativity trainings - under upload<\/p>\n<\/div>\n<\/div>\n\n\n\n<div class=\"wp-block-columns is-layout-flex wp-container-core-columns-is-layout-28f84493 wp-block-columns-is-layout-flex\">\n<div class=\"wp-block-column is-vertically-aligned-center is-layout-flow wp-block-column-is-layout-flow\" style=\"flex-basis:66.66%\">\n<p class=\"has-text-align-right\" style=\"font-style:normal;font-weight:400\">Adopt a child in one of our alleys to help disadvantaged children learn.<\/p>\n<\/div>\n\n\n\n<div class=\"wp-block-column is-vertically-aligned-center is-layout-flow wp-block-column-is-layout-flow\" style=\"flex-basis:20%\"><div class=\"pebble pebble-index-5 pebble-shape-10 layout-text-above has-text-content keep-aspect-ratio\" style=\"margin: 0em auto 0em auto;padding: 0em 0em 0em 0em;--double-top: -8%;--double-left: -2%;--text-top: 0em;--text-left: 0em;--double-size: 100%;--double-opacity: 0.5;--double-blend-mode: multiply;--shapes-top: 0%;--shapes-left: 0%;--shapes-rotate: 0deg;--image-margin: 0em 0em 0em 0em;\" data-aspect-ratio=\"232\/99\"><span class=\"pebble-contents\"><h2 class=\"pebble-text has-medium-font-size has-text-align-center\" style=\"font-weight:default;\">Creative Partnerships<\/h2><\/span><\/div><\/div>\n<\/div>\n\n\n\n<div class=\"wp-block-columns is-layout-flex wp-container-core-columns-is-layout-28f84493 wp-block-columns-is-layout-flex\">\n<div class=\"wp-block-column is-vertically-aligned-center is-layout-flow wp-block-column-is-layout-flow\" style=\"flex-basis:20%\"><div class=\"pebble pebble-index-6 pebble-shape-02 layout-text-above has-text-content keep-aspect-ratio\" style=\"margin: 0em auto 0em auto;padding: 0em 0em 0em 0em;--double-top: -8%;--double-left: -2%;--text-top: 0em;--text-left: 0em;--double-size: 100%;--double-opacity: 0.5;--double-blend-mode: multiply;--shapes-top: 0%;--shapes-left: 0%;--shapes-rotate: 0deg;--image-margin: 0em 0em 0em 0em;\" data-aspect-ratio=\"626\/235\"><span class=\"pebble-contents\"><h2 class=\"pebble-text has-medium-font-size has-text-align-center\" style=\"font-weight:default;\">The Art of Learning<\/h2><\/span><\/div><\/div>\n\n\n\n<div class=\"wp-block-column is-vertically-aligned-center is-layout-flow wp-block-column-is-layout-flow\" style=\"flex-basis:66.66%\">\n<p style=\"font-style:normal;font-weight:400\">Be part of a unique global research project and support our work. Read more about the project.<\/p>\n<\/div>\n<\/div>\n\n\n\n<div class=\"wp-block-columns is-layout-flex wp-container-core-columns-is-layout-28f84493 wp-block-columns-is-layout-flex\">\n<div class=\"wp-block-column is-vertically-aligned-center is-layout-flow wp-block-column-is-layout-flow\" style=\"flex-basis:66.66%\">\n<p class=\"has-text-align-right\" style=\"font-style:normal;font-weight:400\">He explores social issues through exhibited artworks in a collaborative creative process with students. Let's start a programme together.<\/p>\n<\/div>\n\n\n\n<div class=\"wp-block-column is-vertically-aligned-center is-layout-flow wp-block-column-is-layout-flow\" style=\"flex-basis:20%\"><div class=\"pebble pebble-index-7 pebble-shape-09 layout-text-above has-text-content keep-aspect-ratio\" style=\"margin: 0em auto 0em auto;padding: 0em 0em 0em 0em;--double-top: -8%;--double-left: -2%;--text-top: 0em;--text-left: 0em;--double-size: 100%;--double-opacity: 0.5;--double-blend-mode: multiply;--shapes-top: 0%;--shapes-left: 0%;--shapes-rotate: 0deg;--image-margin: 0em 0em 0em 0em;\" data-aspect-ratio=\"194\/143\"><span class=\"pebble-contents\"><h2 class=\"pebble-text has-small-font-size has-text-align-center\" style=\"font-weight:default;\">Art-pedagogy<\/h2><\/span><\/div><\/div>\n<\/div>\n<\/div>\n\n\n\n<div style=\"height:300px\" aria-hidden=\"true\" class=\"wp-block-spacer\"><\/div>\n\n\n\n<div class=\"wp-block-group is-layout-flow wp-block-group-is-layout-flow\"><div class=\"pebble pebble-index-8 pebble-shape-01 layout-text-above is-background keep-aspect-ratio is-empty\" style=\"width: 35em;margin: -10em 0em 0em -15em!important;padding: 0em 0em 0em 0em;--double-top: -8%;--double-left: -2%;--text-top: 0em;--text-left: 0em;--double-size: 100%;--double-opacity: 0.5;--double-blend-mode: multiply;--shapes-top: 0%;--shapes-left: 0%;--shapes-rotate: 0deg;--image-margin: 0em 0em 0em 0em;\" data-aspect-ratio=\"650\/670\"><span class=\"pebble-contents\"><svg version=\"1.1\" xmlns=\"http:\/\/www.w3.org\/2000\/svg\"  viewbox=\"0 0 650 670\"  height=\"670\"  width=\"650\"  style=\"\" ><path fill=\"rgba(254, 223, 0, 1)\" transform=\"\" d=\"M376.006,626.941c0,0,158.218,115.604,232.513-30.794c74.296-146.396,52.698-402.992-85.67-474.222 C384.482,50.695,171.967-67.243,90.812,48.938C9.657,165.121-43.622,328.74,48.478,400.699 C140.577,472.658,244.498,585.925,376.006,626.941\"\/><\/svg><h2 class=\"pebble-text has-text-align-center\" style=\"font-weight:default;\"><\/h2><\/span><\/div>\n\n\n<h2 class=\"wp-block-heading has-text-align-center has-primary-color has-text-color\">Subscribe to newsletter<\/h2>\n\n\n\n<p>Subscribe to our newsletter to stay up to date with our programmes. If we are starting a new training course or looking for qualified creative professionals we can contact you.<\/p>\n\n\n\n<div class=\"wp-block-group is-layout-constrained wp-container-core-group-is-layout-92ef7b19 wp-block-group-is-layout-constrained\">\n<div class=\"wp-block-contact-form-7-contact-form-selector\">\n<div class=\"wpcf7 no-js\" id=\"wpcf7-f593-o1\" lang=\"en-US\" dir=\"ltr\" data-wpcf7-id=\"593\">\n<div class=\"screen-reader-response\"><p role=\"status\" aria-live=\"polite\" aria-atomic=\"true\"><\/p> <ul><\/ul><\/div>\n<form action=\"\/en\/wp-json\/wp\/v2\/pages\/1141#wpcf7-f593-o1\" method=\"post\" class=\"wpcf7-form init\" aria-label=\"Contact form\" novalidate=\"novalidate\" data-status=\"init\" data-trp-original-action=\"\/en\/wp-json\/wp\/v2\/pages\/1141#wpcf7-f593-o1\">\n<fieldset class=\"hidden-fields-container\"><input type=\"hidden\" name=\"_wpcf7\" value=\"593\" \/><input type=\"hidden\" name=\"_wpcf7_version\" value=\"6.1.5\" \/><input type=\"hidden\" name=\"_wpcf7_locale\" value=\"en_US\" \/><input type=\"hidden\" name=\"_wpcf7_unit_tag\" value=\"wpcf7-f593-o1\" \/><input type=\"hidden\" name=\"_wpcf7_container_post\" value=\"0\" \/><input type=\"hidden\" name=\"_wpcf7_posted_data_hash\" value=\"\" \/><input type=\"hidden\" name=\"_wpcf7_recaptcha_response\" value=\"\" \/>\n<\/fieldset>\n<p><label> <span class=\"wpcf7-form-control-wrap\" data-name=\"your-name\"><input size=\"40\" maxlength=\"400\" class=\"wpcf7-form-control wpcf7-text wpcf7-validates-as-required\" aria-required=\"true\" aria-invalid=\"false\" placeholder=\"Name\" value=\"\" type=\"text\" name=\"your-name\" \/><\/span> <\/label>\n<\/p>\n<p><label> <span class=\"wpcf7-form-control-wrap\" data-name=\"your-email\"><input size=\"40\" maxlength=\"400\" class=\"wpcf7-form-control wpcf7-email wpcf7-validates-as-required wpcf7-text wpcf7-validates-as-email\" aria-required=\"true\" aria-invalid=\"false\" placeholder=\"E-MAIL\" value=\"\" type=\"email\" name=\"your-email\" \/><\/span> <\/label>\n<\/p>\n<p class=\"mv2rem\"><span class=\"wpcf7-form-control-wrap\" data-name=\"accept_privacy_policy\"><span class=\"wpcf7-form-control wpcf7-acceptance\"><span class=\"wpcf7-list-item\"><label><input type=\"checkbox\" name=\"accept_privacy_policy\" value=\"1\" class=\"mv2rem\" aria-invalid=\"false\" \/><span class=\"wpcf7-list-item-label\">I accept the <a href=\"\/wp-content\/uploads\/2024\/04\/Adatvedelmi-Tajekoztato_KTOA_Honlap.pdf\" style=\"text-decoration: underline\" target=\"_blank\" >privacy statement<\/a> .<\/span><\/span><\/label><\/span><\/span><\/span>\n<\/p>\n<p><label> <input class=\"wpcf7-form-control wpcf7-submit has-spinner pebble-04\" type=\"submit\" value=\"Subscribe\" \/> <\/label>\n<\/p><div class=\"wpcf7-response-output\" aria-hidden=\"true\"><\/div>\n<input type=\"hidden\" name=\"trp-form-language\" value=\"en\"\/><\/form>\n<\/div>\n<\/div>\n<\/div>\n<\/div>","protected":false},"excerpt":{"rendered":"<p>A kreativ probl\u00e9mamegold\u00e1s \u00e9s innovat\u00edv munkak\u00f6rnyezet. Motiv\u00e1lt dolgoz\u00f3k \u00e9s \u00f6tletgazdag meetingek. Programjaink Kreativit\u00e1st fejleszt\u0151 tr\u00e9ningek &#8211; felt\u00f6lt\u00e9s alatt Fogadja \u00f6r\u00f6kbe programunkat egyik sikol\u00e1nkban, hogy seg\u00edthesse a h\u00e1tr\u00e1nyos helyzet\u0171 gyermekek tanul\u00e1s\u00e1t. Legyen r\u00e9szese egy vil\u00e1gszinten egyed\u00fcl\u00e1ll\u00f3 kutat\u00e1si projektnek \u00e9s t\u00e1mogassa munk\u00e1nkat. Olvasson tov\u00e1bb a projektr\u0151l. T\u00e1rsadalmi k\u00e9rd\u00e9seket a ki\u00e1ll\u00edt\u00f3tt m\u0171alkot\u00e1sokon kereszt\u00fcl egy k\u00f6z\u00f6s alkot\u00f3folyamtban fedez fel [&hellip;]<\/p>\n","protected":false},"author":1,"featured_media":0,"parent":111,"menu_order":0,"comment_status":"closed","ping_status":"closed","template":"","meta":{"_acf_changed":false,"inline_featured_image":false,"footnotes":""},"class_list":["post-1141","page","type-page","status-publish","hentry"],"acf":[],"yoast_head":"<!-- This site is optimized with the Yoast SEO plugin v27.4 - https:\/\/yoast.com\/product\/yoast-seo-wordpress\/ -->\n<title>V\u00e1llalatoknak - Kreativ Tanul\u00e1s \u00e9s Oktat\u00e1s Alap\u00edtvany - KTOA<\/title>\n<meta name=\"robots\" content=\"index, follow, max-snippet:-1, max-image-preview:large, max-video-preview:-1\" \/>\n<link rel=\"canonical\" href=\"https:\/\/kreativtanulasesoktatas.hu\/en\/kiknek\/vallalatoknak\/\" \/>\n<meta property=\"og:locale\" content=\"en_GB\" \/>\n<meta property=\"og:type\" content=\"article\" \/>\n<meta property=\"og:title\" content=\"V\u00e1llalatoknak - Kreativ Tanul\u00e1s \u00e9s Oktat\u00e1s Alap\u00edtvany - KTOA\" \/>\n<meta property=\"og:description\" content=\"A kreativ probl\u00e9mamegold\u00e1s \u00e9s innovat\u00edv munkak\u00f6rnyezet. Motiv\u00e1lt dolgoz\u00f3k \u00e9s \u00f6tletgazdag meetingek. Programjaink Kreativit\u00e1st fejleszt\u0151 tr\u00e9ningek &#8211; felt\u00f6lt\u00e9s alatt Fogadja \u00f6r\u00f6kbe programunkat egyik sikol\u00e1nkban, hogy seg\u00edthesse a h\u00e1tr\u00e1nyos helyzet\u0171 gyermekek tanul\u00e1s\u00e1t. Legyen r\u00e9szese egy vil\u00e1gszinten egyed\u00fcl\u00e1ll\u00f3 kutat\u00e1si projektnek \u00e9s t\u00e1mogassa munk\u00e1nkat. Olvasson tov\u00e1bb a projektr\u0151l. T\u00e1rsadalmi k\u00e9rd\u00e9seket a ki\u00e1ll\u00edt\u00f3tt m\u0171alkot\u00e1sokon kereszt\u00fcl egy k\u00f6z\u00f6s alkot\u00f3folyamtban fedez fel [&hellip;]\" \/>\n<meta property=\"og:url\" content=\"https:\/\/kreativtanulasesoktatas.hu\/en\/kiknek\/vallalatoknak\/\" \/>\n<meta property=\"og:site_name\" content=\"Kreativ Tanul\u00e1s \u00e9s Oktat\u00e1s Alap\u00edtvany - KTOA\" \/>\n<meta property=\"article:modified_time\" content=\"2022-11-16T20:35:40+00:00\" \/>\n<meta name=\"twitter:card\" content=\"summary_large_image\" \/>\n<meta name=\"twitter:label1\" content=\"Estimated reading time\" \/>\n\t<meta name=\"twitter:data1\" content=\"1 minute\" \/>\n<script type=\"application\/ld+json\" class=\"yoast-schema-graph\">{\"@context\":\"https:\\\/\\\/schema.org\",\"@graph\":[{\"@type\":\"WebPage\",\"@id\":\"https:\\\/\\\/kreativtanulasesoktatas.hu\\\/kiknek\\\/vallalatoknak\\\/\",\"url\":\"https:\\\/\\\/kreativtanulasesoktatas.hu\\\/kiknek\\\/vallalatoknak\\\/\",\"name\":\"V\u00e1llalatoknak - Kreativ Tanul\u00e1s \u00e9s Oktat\u00e1s Alap\u00edtvany - KTOA\",\"isPartOf\":{\"@id\":\"https:\\\/\\\/kreativtanulasesoktatas.hu\\\/#website\"},\"datePublished\":\"2022-10-03T22:33:54+00:00\",\"dateModified\":\"2022-11-16T20:35:40+00:00\",\"breadcrumb\":{\"@id\":\"https:\\\/\\\/kreativtanulasesoktatas.hu\\\/kiknek\\\/vallalatoknak\\\/#breadcrumb\"},\"inLanguage\":\"en-GB\",\"potentialAction\":[{\"@type\":\"ReadAction\",\"target\":[\"https:\\\/\\\/kreativtanulasesoktatas.hu\\\/kiknek\\\/vallalatoknak\\\/\"]}]},{\"@type\":\"BreadcrumbList\",\"@id\":\"https:\\\/\\\/kreativtanulasesoktatas.hu\\\/kiknek\\\/vallalatoknak\\\/#breadcrumb\",\"itemListElement\":[{\"@type\":\"ListItem\",\"position\":1,\"name\":\"Home\",\"item\":\"https:\\\/\\\/kreativtanulasesoktatas.hu\\\/\"},{\"@type\":\"ListItem\",\"position\":2,\"name\":\"Kiknek\",\"item\":\"https:\\\/\\\/kreativtanulasesoktatas.hu\\\/kiknek\\\/\"},{\"@type\":\"ListItem\",\"position\":3,\"name\":\"V\u00e1llalatoknak\"}]},{\"@type\":\"WebSite\",\"@id\":\"https:\\\/\\\/kreativtanulasesoktatas.hu\\\/#website\",\"url\":\"https:\\\/\\\/kreativtanulasesoktatas.hu\\\/\",\"name\":\"Kreativ Tanul\u00e1s \u00e9s Oktat\u00e1s Alap\u00edtvany - KTOA\",\"description\":\"Oktat\u00e1s fejleszt\u00e9s \u00e9s innov\u00e1ci\u00f3 az iskol\u00e1kban\",\"publisher\":{\"@id\":\"https:\\\/\\\/kreativtanulasesoktatas.hu\\\/#organization\"},\"potentialAction\":[{\"@type\":\"SearchAction\",\"target\":{\"@type\":\"EntryPoint\",\"urlTemplate\":\"https:\\\/\\\/kreativtanulasesoktatas.hu\\\/?s={search_term_string}\"},\"query-input\":{\"@type\":\"PropertyValueSpecification\",\"valueRequired\":true,\"valueName\":\"search_term_string\"}}],\"inLanguage\":\"en-GB\"},{\"@type\":\"Organization\",\"@id\":\"https:\\\/\\\/kreativtanulasesoktatas.hu\\\/#organization\",\"name\":\"Kreativ Tanul\u00e1s \u00e9s Oktat\u00e1s Alap\u00edtvany - KTOA\",\"url\":\"https:\\\/\\\/kreativtanulasesoktatas.hu\\\/\",\"logo\":{\"@type\":\"ImageObject\",\"inLanguage\":\"en-GB\",\"@id\":\"https:\\\/\\\/kreativtanulasesoktatas.hu\\\/#\\\/schema\\\/logo\\\/image\\\/\",\"url\":\"https:\\\/\\\/kreativtanulasesoktatas.hu\\\/wp-content\\\/uploads\\\/2022\\\/07\\\/logo.svg\",\"contentUrl\":\"https:\\\/\\\/kreativtanulasesoktatas.hu\\\/wp-content\\\/uploads\\\/2022\\\/07\\\/logo.svg\",\"width\":315,\"height\":174,\"caption\":\"Kreativ Tanul\u00e1s \u00e9s Oktat\u00e1s Alap\u00edtvany - KTOA\"},\"image\":{\"@id\":\"https:\\\/\\\/kreativtanulasesoktatas.hu\\\/#\\\/schema\\\/logo\\\/image\\\/\"}}]}<\/script>\n<!-- \/ Yoast SEO plugin. -->","yoast_head_json":{"title":"V\u00e1llalatoknak - Kreativ Tanul\u00e1s \u00e9s Oktat\u00e1s Alap\u00edtvany - KTOA","robots":{"index":"index","follow":"follow","max-snippet":"max-snippet:-1","max-image-preview":"max-image-preview:large","max-video-preview":"max-video-preview:-1"},"canonical":"https:\/\/kreativtanulasesoktatas.hu\/en\/kiknek\/vallalatoknak\/","og_locale":"en_GB","og_type":"article","og_title":"V\u00e1llalatoknak - Kreativ Tanul\u00e1s \u00e9s Oktat\u00e1s Alap\u00edtvany - KTOA","og_description":"A kreativ probl\u00e9mamegold\u00e1s \u00e9s innovat\u00edv munkak\u00f6rnyezet. Motiv\u00e1lt dolgoz\u00f3k \u00e9s \u00f6tletgazdag meetingek. Programjaink Kreativit\u00e1st fejleszt\u0151 tr\u00e9ningek &#8211; felt\u00f6lt\u00e9s alatt Fogadja \u00f6r\u00f6kbe programunkat egyik sikol\u00e1nkban, hogy seg\u00edthesse a h\u00e1tr\u00e1nyos helyzet\u0171 gyermekek tanul\u00e1s\u00e1t. Legyen r\u00e9szese egy vil\u00e1gszinten egyed\u00fcl\u00e1ll\u00f3 kutat\u00e1si projektnek \u00e9s t\u00e1mogassa munk\u00e1nkat. Olvasson tov\u00e1bb a projektr\u0151l. T\u00e1rsadalmi k\u00e9rd\u00e9seket a ki\u00e1ll\u00edt\u00f3tt m\u0171alkot\u00e1sokon kereszt\u00fcl egy k\u00f6z\u00f6s alkot\u00f3folyamtban fedez fel [&hellip;]","og_url":"https:\/\/kreativtanulasesoktatas.hu\/en\/kiknek\/vallalatoknak\/","og_site_name":"Kreativ Tanul\u00e1s \u00e9s Oktat\u00e1s Alap\u00edtvany - KTOA","article_modified_time":"2022-11-16T20:35:40+00:00","twitter_card":"summary_large_image","twitter_misc":{"Estimated reading time":"1 minute"},"schema":{"@context":"https:\/\/schema.org","@graph":[{"@type":"WebPage","@id":"https:\/\/kreativtanulasesoktatas.hu\/kiknek\/vallalatoknak\/","url":"https:\/\/kreativtanulasesoktatas.hu\/kiknek\/vallalatoknak\/","name":"V\u00e1llalatoknak - Kreativ Tanul\u00e1s \u00e9s Oktat\u00e1s Alap\u00edtvany - KTOA","isPartOf":{"@id":"https:\/\/kreativtanulasesoktatas.hu\/#website"},"datePublished":"2022-10-03T22:33:54+00:00","dateModified":"2022-11-16T20:35:40+00:00","breadcrumb":{"@id":"https:\/\/kreativtanulasesoktatas.hu\/kiknek\/vallalatoknak\/#breadcrumb"},"inLanguage":"en-GB","potentialAction":[{"@type":"ReadAction","target":["https:\/\/kreativtanulasesoktatas.hu\/kiknek\/vallalatoknak\/"]}]},{"@type":"BreadcrumbList","@id":"https:\/\/kreativtanulasesoktatas.hu\/kiknek\/vallalatoknak\/#breadcrumb","itemListElement":[{"@type":"ListItem","position":1,"name":"Home","item":"https:\/\/kreativtanulasesoktatas.hu\/"},{"@type":"ListItem","position":2,"name":"Kiknek","item":"https:\/\/kreativtanulasesoktatas.hu\/kiknek\/"},{"@type":"ListItem","position":3,"name":"V\u00e1llalatoknak"}]},{"@type":"WebSite","@id":"https:\/\/kreativtanulasesoktatas.hu\/#website","url":"https:\/\/kreativtanulasesoktatas.hu\/","name":"Kreativ Tanul\u00e1s \u00e9s Oktat\u00e1s Alap\u00edtvany - KTOA","description":"Oktat\u00e1s fejleszt\u00e9s \u00e9s innov\u00e1ci\u00f3 az iskol\u00e1kban","publisher":{"@id":"https:\/\/kreativtanulasesoktatas.hu\/#organization"},"potentialAction":[{"@type":"SearchAction","target":{"@type":"EntryPoint","urlTemplate":"https:\/\/kreativtanulasesoktatas.hu\/?s={search_term_string}"},"query-input":{"@type":"PropertyValueSpecification","valueRequired":true,"valueName":"search_term_string"}}],"inLanguage":"en-GB"},{"@type":"Organization","@id":"https:\/\/kreativtanulasesoktatas.hu\/#organization","name":"Kreativ Tanul\u00e1s \u00e9s Oktat\u00e1s Alap\u00edtvany - KTOA","url":"https:\/\/kreativtanulasesoktatas.hu\/","logo":{"@type":"ImageObject","inLanguage":"en-GB","@id":"https:\/\/kreativtanulasesoktatas.hu\/#\/schema\/logo\/image\/","url":"https:\/\/kreativtanulasesoktatas.hu\/wp-content\/uploads\/2022\/07\/logo.svg","contentUrl":"https:\/\/kreativtanulasesoktatas.hu\/wp-content\/uploads\/2022\/07\/logo.svg","width":315,"height":174,"caption":"Kreativ Tanul\u00e1s \u00e9s Oktat\u00e1s Alap\u00edtvany - KTOA"},"image":{"@id":"https:\/\/kreativtanulasesoktatas.hu\/#\/schema\/logo\/image\/"}}]}},"_links":{"self":[{"href":"https:\/\/kreativtanulasesoktatas.hu\/en\/wp-json\/wp\/v2\/pages\/1141","targetHints":{"allow":["GET"]}}],"collection":[{"href":"https:\/\/kreativtanulasesoktatas.hu\/en\/wp-json\/wp\/v2\/pages"}],"about":[{"href":"https:\/\/kreativtanulasesoktatas.hu\/en\/wp-json\/wp\/v2\/types\/page"}],"author":[{"embeddable":true,"href":"https:\/\/kreativtanulasesoktatas.hu\/en\/wp-json\/wp\/v2\/users\/1"}],"replies":[{"embeddable":true,"href":"https:\/\/kreativtanulasesoktatas.hu\/en\/wp-json\/wp\/v2\/comments?post=1141"}],"version-history":[{"count":5,"href":"https:\/\/kreativtanulasesoktatas.hu\/en\/wp-json\/wp\/v2\/pages\/1141\/revisions"}],"predecessor-version":[{"id":1514,"href":"https:\/\/kreativtanulasesoktatas.hu\/en\/wp-json\/wp\/v2\/pages\/1141\/revisions\/1514"}],"up":[{"embeddable":true,"href":"https:\/\/kreativtanulasesoktatas.hu\/en\/wp-json\/wp\/v2\/pages\/111"}],"wp:attachment":[{"href":"https:\/\/kreativtanulasesoktatas.hu\/en\/wp-json\/wp\/v2\/media?parent=1141"}],"curies":[{"name":"wp","href":"https:\/\/api.w.org\/{rel}","templated":true}]}}