{"id":116,"date":"2022-07-26T20:21:19","date_gmt":"2022-07-26T20:21:19","guid":{"rendered":"https:\/\/kreativtanulasesoktatas.hu\/?page_id=116"},"modified":"2025-09-12T09:35:58","modified_gmt":"2025-09-12T09:35:58","slug":"kapcsolat","status":"publish","type":"page","link":"https:\/\/kreativtanulasesoktatas.hu\/en\/kapcsolat\/","title":{"rendered":"Contact"},"content":{"rendered":"<div class=\"wp-block-columns is-style-wide-width-120 is-layout-flex wp-container-core-columns-is-layout-28f84493 wp-block-columns-is-layout-flex\">\n<div class=\"wp-block-column is-layout-flow wp-block-column-is-layout-flow\"><div class=\"pebble pebble-index-1 pebble-shape-02 layout-text-above has-text-content keep-aspect-ratio\" style=\"width: 125%;margin: 0em 0em 0em -25%;padding: 0em 0em 0em 0em;--background-color: #0071ae;--double-top: 8%;--double-left: -2%;--text-top: 0em;--text-left: 1em;--double-size: 100%;--double-opacity: 0.5;--double-blend-mode: normal;--shapes-top: 0%;--shapes-left: 0%;--shapes-rotate: 0deg;--image-margin: 0em 0em 0em 0em;\" data-aspect-ratio=\"626\/235\"><span class=\"pebble-contents\"><h2 class=\"pebble-text has-text-align-center\" style=\"font-weight:default;\">Contact<\/h2><\/span><\/div>\n\n\n<div class=\"wp-block-group is-layout-flow wp-block-group-is-layout-flow\" style=\"padding-left:6.3em\">\n<p>+36 20 263 3107<\/p>\n\n\n\n<p>info@ktoa.hu<\/p>\n\n\n\n<p>1035 Budapest, Vihar utca 18.<br>Ad\u00f3sz\u00e1m: 19329408-1-41<br>Kreativ Tanul\u00e1s \u00e9s Oktat\u00e1s Alap\u00edtvany<\/p>\n<\/div>\n<\/div>\n\n\n\n<div class=\"wp-block-column is-layout-flow wp-block-column-is-layout-flow\"><div class=\"pebble pebble-index-2 pebble-shape-20 layout-text-above has-image-content keep-aspect-ratio\" style=\"width: 58%;margin: 0em auto 0em auto;padding: 0em 0em 0em 0em;--double-top: -4%;--double-left: 1%;--text-top: 0em;--text-left: 0em;--double-size: 104%;--double-opacity: 1;--double-blend-mode: multiply;--shapes-top: 0%;--shapes-left: 0%;--shapes-rotate: 0deg;--image-margin: 0em 0em 0em 0em;\" data-aspect-ratio=\"431\/617\"><span class=\"pebble-contents\"><img loading=\"lazy\" decoding=\"async\" width=\"487\" height=\"650\" src=\"https:\/\/kreativtanulasesoktatas.hu\/wp-content\/uploads\/2022\/07\/17-487x650.jpg\" class=\"pebble-image\" alt=\"\" style=\"object-fit: cover\" srcset=\"https:\/\/kreativtanulasesoktatas.hu\/wp-content\/uploads\/2022\/07\/17-487x650.jpg 487w, https:\/\/kreativtanulasesoktatas.hu\/wp-content\/uploads\/2022\/07\/17-768x1024.jpg 768w, https:\/\/kreativtanulasesoktatas.hu\/wp-content\/uploads\/2022\/07\/17-225x300.jpg 225w, https:\/\/kreativtanulasesoktatas.hu\/wp-content\/uploads\/2022\/07\/17.jpg 956w\" sizes=\"auto, (max-width: 487px) 100vw, 487px\" \/><h2 class=\"pebble-text has-text-align-center\" style=\"font-weight:default;\"><\/h2><\/span><\/div><\/div>\n<\/div>\n\n\n\n<div style=\"height:300px\" aria-hidden=\"true\" class=\"wp-block-spacer\"><\/div>\n\n\n\n<div class=\"wp-block-group is-layout-flow wp-block-group-is-layout-flow\"><div class=\"pebble pebble-index-3 pebble-shape-01 layout-text-above is-background keep-aspect-ratio is-empty\" style=\"width: 35em;margin: -5em 0em 0em -15em!important;padding: 0em 0em 0em 0em;--double-top: -8%;--double-left: -2%;--text-top: 0em;--text-left: 0em;--double-size: 100%;--double-opacity: 0.5;--double-blend-mode: multiply;--shapes-top: 0%;--shapes-left: 0%;--shapes-rotate: 0deg;--image-margin: 0em 0em 0em 0em;\" data-aspect-ratio=\"650\/670\"><span class=\"pebble-contents\"><svg version=\"1.1\" xmlns=\"http:\/\/www.w3.org\/2000\/svg\"  viewbox=\"0 0 650 670\"  height=\"670\"  width=\"650\"  style=\"\" ><path fill=\"rgba(254, 223, 0, 1)\" transform=\"\" d=\"M376.006,626.941c0,0,158.218,115.604,232.513-30.794c74.296-146.396,52.698-402.992-85.67-474.222 C384.482,50.695,171.967-67.243,90.812,48.938C9.657,165.121-43.622,328.74,48.478,400.699 C140.577,472.658,244.498,585.925,376.006,626.941\"\/><\/svg><h2 class=\"pebble-text has-text-align-center\" style=\"font-weight:default;\"><\/h2><\/span><\/div>\n\n\n<h2 class=\"wp-block-heading has-text-align-center has-primary-color has-text-color\">Get in touch with us!<\/h2>\n\n\n\n<p>Ha b\u00e1rmivel kapcsolatban k\u00e9rd\u00e9sed lenne, vagy \u00e9rdekel a program \u00edrj nek\u00fcnk ak\u00e1r most r\u00f6gt\u00f6n:<\/p>\n\n\n\n<div class=\"wp-block-group is-layout-constrained wp-container-core-group-is-layout-92ef7b19 wp-block-group-is-layout-constrained\">\n<div class=\"wp-block-contact-form-7-contact-form-selector\">\n<div class=\"wpcf7 no-js\" id=\"wpcf7-f799-o1\" lang=\"en-US\" dir=\"ltr\" data-wpcf7-id=\"799\">\n<div class=\"screen-reader-response\"><p role=\"status\" aria-live=\"polite\" aria-atomic=\"true\"><\/p> <ul><\/ul><\/div>\n<form action=\"\/en\/wp-json\/wp\/v2\/pages\/116#wpcf7-f799-o1\" method=\"post\" class=\"wpcf7-form init\" aria-label=\"Contact form\" novalidate=\"novalidate\" data-status=\"init\" data-trp-original-action=\"\/en\/wp-json\/wp\/v2\/pages\/116#wpcf7-f799-o1\">\n<fieldset class=\"hidden-fields-container\"><input type=\"hidden\" name=\"_wpcf7\" value=\"799\" \/><input type=\"hidden\" name=\"_wpcf7_version\" value=\"6.1.5\" \/><input type=\"hidden\" name=\"_wpcf7_locale\" value=\"en_US\" \/><input type=\"hidden\" name=\"_wpcf7_unit_tag\" value=\"wpcf7-f799-o1\" \/><input type=\"hidden\" name=\"_wpcf7_container_post\" value=\"0\" \/><input type=\"hidden\" name=\"_wpcf7_posted_data_hash\" value=\"\" \/><input type=\"hidden\" name=\"_wpcf7_recaptcha_response\" value=\"\" \/>\n<\/fieldset>\n<p><label> <span class=\"wpcf7-form-control-wrap\" data-name=\"your-name\"><input size=\"40\" maxlength=\"400\" class=\"wpcf7-form-control wpcf7-text wpcf7-validates-as-required\" aria-required=\"true\" aria-invalid=\"false\" placeholder=\"Name\" value=\"\" type=\"text\" name=\"your-name\" \/><\/span> <\/label>\n<\/p>\n<p><label> <span class=\"wpcf7-form-control-wrap\" data-name=\"your-email\"><input size=\"40\" maxlength=\"400\" class=\"wpcf7-form-control wpcf7-email wpcf7-validates-as-required wpcf7-text wpcf7-validates-as-email\" aria-required=\"true\" aria-invalid=\"false\" placeholder=\"E-MAIL\" value=\"\" type=\"email\" name=\"your-email\" \/><\/span> <\/label>\n<\/p>\n<p><label> <span class=\"wpcf7-form-control-wrap\" data-name=\"your-message\"><textarea cols=\"40\" rows=\"10\" maxlength=\"2000\" class=\"wpcf7-form-control wpcf7-textarea\" aria-invalid=\"false\" placeholder=\"Message\" name=\"your-message\"><\/textarea><\/span> <\/label>\n<\/p>\n<p><span class=\"wpcf7-form-control-wrap\" data-name=\"subscribe-newsletters\"><span class=\"wpcf7-form-control wpcf7-checkbox\"><span class=\"wpcf7-list-item first last\"><label><input type=\"checkbox\" name=\"subscribe-newsletters[]\" value=\"Feliratkozom a Kreat\u00edv Tanul\u00e1s \u00e9s Oktat\u00e1s Alap\u00edtv\u00e1ny h\u00edrlevel\u00e9re\" \/><span class=\"wpcf7-list-item-label\">Feliratkozom a Kreat\u00edv Tanul\u00e1s \u00e9s Oktat\u00e1s Alap\u00edtv\u00e1ny h\u00edrlevel\u00e9re<\/span><\/label><\/span><\/span><\/span>\n<\/p>\n<p class=\"mv2rem\"><span class=\"wpcf7-form-control-wrap\" data-name=\"accept_privacy_policy\"><span class=\"wpcf7-form-control wpcf7-acceptance\"><span class=\"wpcf7-list-item\"><label><input type=\"checkbox\" name=\"accept_privacy_policy\" value=\"1\" class=\"mv2rem\" aria-invalid=\"false\" \/><span class=\"wpcf7-list-item-label\">I accept the <a href=\"\/wp-content\/uploads\/2024\/04\/Adatvedelmi-Tajekoztato_KTOA_Honlap.pdf\" style=\"text-decoration: underline\" target=\"_blank\" >privacy statement<\/a> .<\/span><\/span><\/label><\/span><\/span><\/span>\n<\/p>\n<p><label> <input class=\"wpcf7-form-control wpcf7-submit has-spinner pebble-04\" type=\"submit\" value=\"Send\" \/> <\/label>\n<\/p>\n<style>\n.wpcf7-form.align-center label {\n text-align: left;\n}\n<\/style><div class=\"wpcf7-response-output\" aria-hidden=\"true\"><\/div>\n<input type=\"hidden\" name=\"trp-form-language\" value=\"en\"\/><\/form>\n<\/div>\n<\/div>\n<\/div>\n<\/div>","protected":false},"excerpt":{"rendered":"<p>+36 20 263 3107 info@ktoa.hu 1035 Budapest, Vihar utca 18.Ad\u00f3sz\u00e1m: 19329408-1-41Kreativ Tanul\u00e1s \u00e9s Oktat\u00e1s Alap\u00edtvany Vedd fel vel\u00fcnk a kapcsolatot! Ha b\u00e1rmivel kapcsolatban k\u00e9rd\u00e9sed lenne, vagy \u00e9rdekel a program \u00edrj nek\u00fcnk ak\u00e1r most r\u00f6gt\u00f6n:<\/p>","protected":false},"author":1,"featured_media":0,"parent":0,"menu_order":0,"comment_status":"closed","ping_status":"closed","template":"","meta":{"_acf_changed":false,"inline_featured_image":false,"footnotes":""},"class_list":["post-116","page","type-page","status-publish","hentry"],"acf":[],"yoast_head":"<!-- This site is optimized with the Yoast SEO plugin v27.4 - https:\/\/yoast.com\/product\/yoast-seo-wordpress\/ -->\n<title>Kapcsolat - Kreativ Tanul\u00e1s \u00e9s Oktat\u00e1s Alap\u00edtvany - KTOA<\/title>\n<meta name=\"robots\" content=\"index, follow, max-snippet:-1, max-image-preview:large, max-video-preview:-1\" \/>\n<link rel=\"canonical\" href=\"https:\/\/kreativtanulasesoktatas.hu\/en\/kapcsolat\/\" \/>\n<meta property=\"og:locale\" content=\"en_GB\" \/>\n<meta property=\"og:type\" content=\"article\" \/>\n<meta property=\"og:title\" content=\"Kapcsolat - Kreativ Tanul\u00e1s \u00e9s Oktat\u00e1s Alap\u00edtvany - KTOA\" \/>\n<meta property=\"og:description\" content=\"+36 20 263 3107 info@ktoa.hu 1035 Budapest, Vihar utca 18.Ad\u00f3sz\u00e1m: 19329408-1-41Kreativ Tanul\u00e1s \u00e9s Oktat\u00e1s Alap\u00edtvany Vedd fel vel\u00fcnk a kapcsolatot! Ha b\u00e1rmivel kapcsolatban k\u00e9rd\u00e9sed lenne, vagy \u00e9rdekel a program \u00edrj nek\u00fcnk ak\u00e1r most r\u00f6gt\u00f6n:\" \/>\n<meta property=\"og:url\" content=\"https:\/\/kreativtanulasesoktatas.hu\/en\/kapcsolat\/\" \/>\n<meta property=\"og:site_name\" content=\"Kreativ Tanul\u00e1s \u00e9s Oktat\u00e1s Alap\u00edtvany - KTOA\" \/>\n<meta property=\"article:modified_time\" content=\"2025-09-12T09:35:58+00:00\" \/>\n<meta name=\"twitter:card\" content=\"summary_large_image\" \/>\n<meta name=\"twitter:label1\" content=\"Estimated reading time\" \/>\n\t<meta name=\"twitter:data1\" content=\"1 minute\" \/>\n<script type=\"application\/ld+json\" class=\"yoast-schema-graph\">{\"@context\":\"https:\\\/\\\/schema.org\",\"@graph\":[{\"@type\":\"WebPage\",\"@id\":\"https:\\\/\\\/kreativtanulasesoktatas.hu\\\/kapcsolat\\\/\",\"url\":\"https:\\\/\\\/kreativtanulasesoktatas.hu\\\/kapcsolat\\\/\",\"name\":\"Kapcsolat - Kreativ Tanul\u00e1s \u00e9s Oktat\u00e1s Alap\u00edtvany - KTOA\",\"isPartOf\":{\"@id\":\"https:\\\/\\\/kreativtanulasesoktatas.hu\\\/#website\"},\"datePublished\":\"2022-07-26T20:21:19+00:00\",\"dateModified\":\"2025-09-12T09:35:58+00:00\",\"breadcrumb\":{\"@id\":\"https:\\\/\\\/kreativtanulasesoktatas.hu\\\/kapcsolat\\\/#breadcrumb\"},\"inLanguage\":\"en-GB\",\"potentialAction\":[{\"@type\":\"ReadAction\",\"target\":[\"https:\\\/\\\/kreativtanulasesoktatas.hu\\\/kapcsolat\\\/\"]}]},{\"@type\":\"BreadcrumbList\",\"@id\":\"https:\\\/\\\/kreativtanulasesoktatas.hu\\\/kapcsolat\\\/#breadcrumb\",\"itemListElement\":[{\"@type\":\"ListItem\",\"position\":1,\"name\":\"Home\",\"item\":\"https:\\\/\\\/kreativtanulasesoktatas.hu\\\/\"},{\"@type\":\"ListItem\",\"position\":2,\"name\":\"Kapcsolat\"}]},{\"@type\":\"WebSite\",\"@id\":\"https:\\\/\\\/kreativtanulasesoktatas.hu\\\/#website\",\"url\":\"https:\\\/\\\/kreativtanulasesoktatas.hu\\\/\",\"name\":\"Kreativ Tanul\u00e1s \u00e9s Oktat\u00e1s Alap\u00edtvany - KTOA\",\"description\":\"Oktat\u00e1s fejleszt\u00e9s \u00e9s innov\u00e1ci\u00f3 az iskol\u00e1kban\",\"publisher\":{\"@id\":\"https:\\\/\\\/kreativtanulasesoktatas.hu\\\/#organization\"},\"potentialAction\":[{\"@type\":\"SearchAction\",\"target\":{\"@type\":\"EntryPoint\",\"urlTemplate\":\"https:\\\/\\\/kreativtanulasesoktatas.hu\\\/?s={search_term_string}\"},\"query-input\":{\"@type\":\"PropertyValueSpecification\",\"valueRequired\":true,\"valueName\":\"search_term_string\"}}],\"inLanguage\":\"en-GB\"},{\"@type\":\"Organization\",\"@id\":\"https:\\\/\\\/kreativtanulasesoktatas.hu\\\/#organization\",\"name\":\"Kreativ Tanul\u00e1s \u00e9s Oktat\u00e1s Alap\u00edtvany - KTOA\",\"url\":\"https:\\\/\\\/kreativtanulasesoktatas.hu\\\/\",\"logo\":{\"@type\":\"ImageObject\",\"inLanguage\":\"en-GB\",\"@id\":\"https:\\\/\\\/kreativtanulasesoktatas.hu\\\/#\\\/schema\\\/logo\\\/image\\\/\",\"url\":\"https:\\\/\\\/kreativtanulasesoktatas.hu\\\/wp-content\\\/uploads\\\/2022\\\/07\\\/logo.svg\",\"contentUrl\":\"https:\\\/\\\/kreativtanulasesoktatas.hu\\\/wp-content\\\/uploads\\\/2022\\\/07\\\/logo.svg\",\"width\":315,\"height\":174,\"caption\":\"Kreativ Tanul\u00e1s \u00e9s Oktat\u00e1s Alap\u00edtvany - KTOA\"},\"image\":{\"@id\":\"https:\\\/\\\/kreativtanulasesoktatas.hu\\\/#\\\/schema\\\/logo\\\/image\\\/\"}}]}<\/script>\n<!-- \/ Yoast SEO plugin. -->","yoast_head_json":{"title":"Kapcsolat - Kreativ Tanul\u00e1s \u00e9s Oktat\u00e1s Alap\u00edtvany - KTOA","robots":{"index":"index","follow":"follow","max-snippet":"max-snippet:-1","max-image-preview":"max-image-preview:large","max-video-preview":"max-video-preview:-1"},"canonical":"https:\/\/kreativtanulasesoktatas.hu\/en\/kapcsolat\/","og_locale":"en_GB","og_type":"article","og_title":"Kapcsolat - Kreativ Tanul\u00e1s \u00e9s Oktat\u00e1s Alap\u00edtvany - KTOA","og_description":"+36 20 263 3107 info@ktoa.hu 1035 Budapest, Vihar utca 18.Ad\u00f3sz\u00e1m: 19329408-1-41Kreativ Tanul\u00e1s \u00e9s Oktat\u00e1s Alap\u00edtvany Vedd fel vel\u00fcnk a kapcsolatot! Ha b\u00e1rmivel kapcsolatban k\u00e9rd\u00e9sed lenne, vagy \u00e9rdekel a program \u00edrj nek\u00fcnk ak\u00e1r most r\u00f6gt\u00f6n:","og_url":"https:\/\/kreativtanulasesoktatas.hu\/en\/kapcsolat\/","og_site_name":"Kreativ Tanul\u00e1s \u00e9s Oktat\u00e1s Alap\u00edtvany - KTOA","article_modified_time":"2025-09-12T09:35:58+00:00","twitter_card":"summary_large_image","twitter_misc":{"Estimated reading time":"1 minute"},"schema":{"@context":"https:\/\/schema.org","@graph":[{"@type":"WebPage","@id":"https:\/\/kreativtanulasesoktatas.hu\/kapcsolat\/","url":"https:\/\/kreativtanulasesoktatas.hu\/kapcsolat\/","name":"Kapcsolat - Kreativ Tanul\u00e1s \u00e9s Oktat\u00e1s Alap\u00edtvany - KTOA","isPartOf":{"@id":"https:\/\/kreativtanulasesoktatas.hu\/#website"},"datePublished":"2022-07-26T20:21:19+00:00","dateModified":"2025-09-12T09:35:58+00:00","breadcrumb":{"@id":"https:\/\/kreativtanulasesoktatas.hu\/kapcsolat\/#breadcrumb"},"inLanguage":"en-GB","potentialAction":[{"@type":"ReadAction","target":["https:\/\/kreativtanulasesoktatas.hu\/kapcsolat\/"]}]},{"@type":"BreadcrumbList","@id":"https:\/\/kreativtanulasesoktatas.hu\/kapcsolat\/#breadcrumb","itemListElement":[{"@type":"ListItem","position":1,"name":"Home","item":"https:\/\/kreativtanulasesoktatas.hu\/"},{"@type":"ListItem","position":2,"name":"Kapcsolat"}]},{"@type":"WebSite","@id":"https:\/\/kreativtanulasesoktatas.hu\/#website","url":"https:\/\/kreativtanulasesoktatas.hu\/","name":"Kreativ Tanul\u00e1s \u00e9s Oktat\u00e1s Alap\u00edtvany - KTOA","description":"Oktat\u00e1s fejleszt\u00e9s \u00e9s innov\u00e1ci\u00f3 az iskol\u00e1kban","publisher":{"@id":"https:\/\/kreativtanulasesoktatas.hu\/#organization"},"potentialAction":[{"@type":"SearchAction","target":{"@type":"EntryPoint","urlTemplate":"https:\/\/kreativtanulasesoktatas.hu\/?s={search_term_string}"},"query-input":{"@type":"PropertyValueSpecification","valueRequired":true,"valueName":"search_term_string"}}],"inLanguage":"en-GB"},{"@type":"Organization","@id":"https:\/\/kreativtanulasesoktatas.hu\/#organization","name":"Kreativ Tanul\u00e1s \u00e9s Oktat\u00e1s Alap\u00edtvany - KTOA","url":"https:\/\/kreativtanulasesoktatas.hu\/","logo":{"@type":"ImageObject","inLanguage":"en-GB","@id":"https:\/\/kreativtanulasesoktatas.hu\/#\/schema\/logo\/image\/","url":"https:\/\/kreativtanulasesoktatas.hu\/wp-content\/uploads\/2022\/07\/logo.svg","contentUrl":"https:\/\/kreativtanulasesoktatas.hu\/wp-content\/uploads\/2022\/07\/logo.svg","width":315,"height":174,"caption":"Kreativ Tanul\u00e1s \u00e9s Oktat\u00e1s Alap\u00edtvany - KTOA"},"image":{"@id":"https:\/\/kreativtanulasesoktatas.hu\/#\/schema\/logo\/image\/"}}]}},"_links":{"self":[{"href":"https:\/\/kreativtanulasesoktatas.hu\/en\/wp-json\/wp\/v2\/pages\/116","targetHints":{"allow":["GET"]}}],"collection":[{"href":"https:\/\/kreativtanulasesoktatas.hu\/en\/wp-json\/wp\/v2\/pages"}],"about":[{"href":"https:\/\/kreativtanulasesoktatas.hu\/en\/wp-json\/wp\/v2\/types\/page"}],"author":[{"embeddable":true,"href":"https:\/\/kreativtanulasesoktatas.hu\/en\/wp-json\/wp\/v2\/users\/1"}],"replies":[{"embeddable":true,"href":"https:\/\/kreativtanulasesoktatas.hu\/en\/wp-json\/wp\/v2\/comments?post=116"}],"version-history":[{"count":7,"href":"https:\/\/kreativtanulasesoktatas.hu\/en\/wp-json\/wp\/v2\/pages\/116\/revisions"}],"predecessor-version":[{"id":6877,"href":"https:\/\/kreativtanulasesoktatas.hu\/en\/wp-json\/wp\/v2\/pages\/116\/revisions\/6877"}],"wp:attachment":[{"href":"https:\/\/kreativtanulasesoktatas.hu\/en\/wp-json\/wp\/v2\/media?parent=116"}],"curies":[{"name":"wp","href":"https:\/\/api.w.org\/{rel}","templated":true}]}}