{"id":1231,"date":"2022-11-04T14:58:26","date_gmt":"2022-11-04T14:58:26","guid":{"rendered":"https:\/\/kreativtanulasesoktatas.hu\/?page_id=1231"},"modified":"2022-11-23T22:07:23","modified_gmt":"2022-11-23T22:07:23","slug":"muveszeknek","status":"publish","type":"page","link":"https:\/\/kreativtanulasesoktatas.hu\/en\/treningek\/muveszeknek\/","title":{"rendered":"Tr\u00e9ningek m\u0171v\u00e9szeknek"},"content":{"rendered":"<div class=\"wp-block-columns is-layout-flex wp-container-core-columns-is-layout-28f84493 wp-block-columns-is-layout-flex\">\n<div class=\"wp-block-column is-layout-flow wp-block-column-is-layout-flow\" style=\"flex-basis:15em\"><style>@media (max-width: 782px){.pebble-index-1{ min-width: 300px }}<\/style><div class=\"pebble pebble-index-1 pebble-shape-11 layout-text-above has-text-content keep-aspect-ratio\" style=\"width: 95%;margin: 0em auto 0em auto;padding: 0em 0em 0em 0em;--double-top: -8%;--double-left: -2%;--text-top: 0em;--text-left: 0em;--double-size: 100%;--double-opacity: 1;--double-blend-mode: multiply;--shapes-top: 0%;--shapes-left: 0%;--shapes-rotate: 0deg;--image-margin: 0em 0em 0em 0em;\" data-aspect-ratio=\"130\/108\"><span class=\"pebble-contents\"><h2 class=\"pebble-text has-text-align-center\" style=\"font-weight:default;\">Trainings<\/h2><\/span><\/div><\/div>\n\n\n\n<div class=\"wp-block-column is-vertically-aligned-bottom is-layout-flow wp-block-column-is-layout-flow\">\n<div style=\"height:3.6em\" aria-hidden=\"true\" class=\"wp-block-spacer is-style-mobil-hide\"><\/div>\n\n\n\n<h2 class=\"has-primary-color has-text-color wp-block-heading\">Artists<\/h2>\n\n\n<style>@media (max-width: 782px){.pebble-index-2{ margin-left: 0!important; }}<\/style><div class=\"pebble pebble-index-2 pebble-shape-23 layout-text-above has-image-content keep-aspect-ratio\" style=\"width: 90%;margin: 0em 0em 0em 2.5em;padding: 0em 0em 0em 0em;--double-top: -2%;--double-left: -2%;--text-top: 0em;--text-left: 0em;--double-size: 106%;--double-opacity: 1;--double-blend-mode: multiply;--shapes-top: 0%;--shapes-left: 0%;--shapes-rotate: 0deg;--image-margin: em 0em 0em 0em;\" data-aspect-ratio=\"605\/344\"><span class=\"pebble-contents\"><img loading=\"lazy\" decoding=\"async\" width=\"472\" height=\"650\" src=\"https:\/\/kreativtanulasesoktatas.hu\/wp-content\/uploads\/2022\/07\/5-e1667780423847-472x650.jpg\" class=\"pebble-image\" alt=\"\" style=\"object-fit: cover\" srcset=\"https:\/\/kreativtanulasesoktatas.hu\/wp-content\/uploads\/2022\/07\/5-e1667780423847-472x650.jpg 472w, https:\/\/kreativtanulasesoktatas.hu\/wp-content\/uploads\/2022\/07\/5-e1667780423847-744x1024.jpg 744w, https:\/\/kreativtanulasesoktatas.hu\/wp-content\/uploads\/2022\/07\/5-e1667780423847-218x300.jpg 218w, https:\/\/kreativtanulasesoktatas.hu\/wp-content\/uploads\/2022\/07\/5-e1667780423847-768x1057.jpg 768w, https:\/\/kreativtanulasesoktatas.hu\/wp-content\/uploads\/2022\/07\/5-e1667780423847.jpg 841w\" sizes=\"auto, (max-width: 472px) 100vw, 472px\" \/><h2 class=\"pebble-text has-text-align-center\" style=\"font-weight:default;\"><\/h2><\/span><\/div><\/div>\n<\/div>\n\n\n\n<div class=\"wp-block-columns is-layout-flex wp-container-core-columns-is-layout-28f84493 wp-block-columns-is-layout-flex\">\n<div class=\"wp-block-column is-vertically-aligned-center is-layout-flow wp-block-column-is-layout-flow\" style=\"flex-basis:60%\">\n<p>M\u0171v\u00e9szeknek sz\u00f3l\u00f3 tr\u00e9ningjeinken betekint\u00e9st nyerhetsz a &#8222;j\u00f3l m\u0171k\u00f6d\u0151 oszt\u00e1lyterem&#8221; m\u00f3dszertanunkba \u00e9s megtanulhatod hogyan v\u00e1lhatsz kreat\u00edv szakemberr\u00e9<\/p>\n<\/div>\n\n\n\n<div class=\"wp-block-column is-vertically-aligned-center is-style-mobil-hide is-layout-flow wp-block-column-is-layout-flow\"><div class=\"pebble pebble-index-3 pebble-shape-17 layout-text-above keep-aspect-ratio is-empty\" style=\"width: 185%;right: 1%;margin: -1em 0em 0em 0em;padding: 0em 0em 0em 0em;--double-top: -8%;--double-left: -2%;--text-top: 0em;--text-left: 0em;--double-size: 100%;--double-opacity: 0.5;--double-blend-mode: multiply;--shapes-top: 0%;--shapes-left: 0%;--shapes-rotate: 0deg;--image-margin: 0em 0em 0em 0em;\" data-aspect-ratio=\"689\/460\"><span class=\"pebble-contents\"><svg version=\"1.1\" xmlns=\"http:\/\/www.w3.org\/2000\/svg\"  viewbox=\"0 0 689 460\"  height=\"460\"  width=\"689\"  style=\"\" ><path fill=\"rgba(223, 31, 121, 1)\" transform=\"\" d=\"M465.496,69.318c-14.662-5.685-27.619-13.639-38.656-23.218C398.47,21.48,324.574-23.609,191.42,15.086 C14.621,66.463-41.633,207.749,30.694,284.815c72.327,77.064,289.307,211.93,393.779,166.975 c104.472-44.953,273.234-141.285,265.198-224.774C683.236,160.158,527.343,93.299,465.496,69.318\"\/><\/svg><h2 class=\"pebble-text has-text-align-center\" style=\"font-weight:default;\"><\/h2><\/span><\/div><\/div>\n<\/div>\n\n\n\n<div class=\"wp-block-group is-style-trainings-alternate-list is-layout-constrained wp-block-group-is-layout-constrained\">\n<div class=\"wp-block-columns are-vertically-aligned-center is-layout-flex wp-container-core-columns-is-layout-28f84493 wp-block-columns-is-layout-flex\">\n<div class=\"wp-block-column is-vertically-aligned-center is-layout-flow wp-block-column-is-layout-flow\" style=\"flex-basis:33.33%\"><div class=\"pebble pebble-index-4 pebble-shape-24 layout-text-above has-image-content keep-aspect-ratio\" style=\"margin: 0em auto 0em auto;padding: 0em 0em 0em 0em;--double-top: -12%;--double-left: -12%;--text-top: 0em;--text-left: 0em;--double-size: 112%;--double-color: #0071ae;--double-opacity: 1;--double-blend-mode: multiply;--shapes-top: 0%;--shapes-left: 0%;--shapes-rotate: 0deg;--image-margin: 0em 0em 0em 0em;\" data-aspect-ratio=\"460\/358\"><span class=\"pebble-contents\"><img loading=\"lazy\" decoding=\"async\" width=\"650\" height=\"433\" src=\"https:\/\/kreativtanulasesoktatas.hu\/wp-content\/uploads\/2022\/07\/16-650x433.jpg\" class=\"pebble-image\" alt=\"\" style=\"object-fit: cover\" srcset=\"https:\/\/kreativtanulasesoktatas.hu\/wp-content\/uploads\/2022\/07\/16-650x433.jpg 650w, https:\/\/kreativtanulasesoktatas.hu\/wp-content\/uploads\/2022\/07\/16-1024x683.jpg 1024w, https:\/\/kreativtanulasesoktatas.hu\/wp-content\/uploads\/2022\/07\/16-300x200.jpg 300w, https:\/\/kreativtanulasesoktatas.hu\/wp-content\/uploads\/2022\/07\/16-768x512.jpg 768w, https:\/\/kreativtanulasesoktatas.hu\/wp-content\/uploads\/2022\/07\/16.jpg 1275w\" sizes=\"auto, (max-width: 650px) 100vw, 650px\" \/><h2 class=\"pebble-text has-text-align-center\" style=\"font-weight:default;\"><\/h2><\/span><\/div><\/div>\n\n\n\n<div class=\"wp-block-column is-vertically-aligned-center is-layout-flow wp-block-column-is-layout-flow\" style=\"flex-basis:66.66%\">\n<h3 class=\"wp-block-heading\"><strong>J\u00f3l M\u0171k\u00f6d\u0151 oszt\u00e1lyterem tr\u00e9ning<\/strong><\/h3>\n\n\n\n<p>A 40 \u00f3r\u00e1s tr\u00e9ning felk\u00e9sz\u00edti a k\u00fcl\u00f6nf\u00e9le m\u0171v\u00e9szeti \u00e1g k\u00e9pvisel\u0151it az iskolai \u00e9s az oszt\u00e1lytermi munk\u00e1ra. Pedag\u00f3giai alapismereteken t\u00fal, bevezeti a m\u0171v\u00e9szeket a tanul\u00e1s \u00e9s tan\u00edt\u00e1s elm\u00e9let\u00e9be, \u00e9s megismerteti a k\u00e9pz\u00e9s r\u00e9sztvev\u0151ivel azt a kreat\u00edv oktat\u00e1si eszk\u00f6zt\u00e1rat, amelyre t\u00e1maszkodni tudnak az iskolai munka sor\u00e1n. A k\u00e9pz\u00e9s saj\u00e1t\u00e9lm\u00e9ny alap\u00fa, azaz a pedag\u00f3giai-m\u00f3dszertani eszk\u00f6zt\u00e1r minden egyes feladata kipr\u00f3b\u00e1l\u00e1sra ker\u00fcl, illetve a tr\u00e9ning felk\u00e9sz\u00edti a m\u0171v\u00e9szeket saj\u00e1t tan\u00f3rai feladatok, foglalkoz\u00e1sok tervez\u00e9s\u00e9re is.<\/p>\n<\/div>\n<\/div>\n\n\n\n<div class=\"wp-block-columns are-vertically-aligned-center is-layout-flex wp-container-core-columns-is-layout-28f84493 wp-block-columns-is-layout-flex\">\n<div class=\"wp-block-column is-vertically-aligned-center is-layout-flow wp-block-column-is-layout-flow\" style=\"flex-basis:66.66%\">\n<h3 class=\"has-text-align-right wp-block-heading\">A soksz\u00edn\u0171 oszt\u00e1lyterem \u2013 tan\u00e1r \u00e9s m\u0171v\u00e9sz tr\u00e9ning<\/h3>\n\n\n\n<p class=\"has-text-align-right\">Pedag\u00f3gus \u00e9s m\u0171v\u00e9sz p\u00e1rosoknak tartott k\u00f6z\u00f6s gondolkod\u00e1s az oszt\u00e1lytermi egy\u00fcttm\u0171k\u00f6d\u00e9sr\u0151l. M\u00f3dszertani tov\u00e1bbk\u00e9pz\u00e9s.<\/p>\n<\/div>\n\n\n\n<div class=\"wp-block-column is-vertically-aligned-center is-layout-flow wp-block-column-is-layout-flow\" style=\"flex-basis:33.33%\"><div class=\"pebble pebble-index-5 pebble-shape-25 layout-text-above has-image-content keep-aspect-ratio\" style=\"margin: 0em auto 0em auto;padding: 0em 0em 0em 0em;--double-top: -8%;--double-left: 0%;--text-top: 0em;--text-left: 0em;--double-size: 108%;--double-color: #d7007e;--double-opacity: 1;--double-blend-mode: multiply;--shapes-top: 0%;--shapes-left: 0%;--shapes-rotate: 0deg;--image-margin: 0em 0em 0em 0em;\" data-aspect-ratio=\"443\/298\"><span class=\"pebble-contents\"><img loading=\"lazy\" decoding=\"async\" width=\"487\" height=\"650\" src=\"https:\/\/kreativtanulasesoktatas.hu\/wp-content\/uploads\/2022\/07\/17-487x650.jpg\" class=\"pebble-image\" alt=\"\" style=\"object-fit: cover\" srcset=\"https:\/\/kreativtanulasesoktatas.hu\/wp-content\/uploads\/2022\/07\/17-487x650.jpg 487w, https:\/\/kreativtanulasesoktatas.hu\/wp-content\/uploads\/2022\/07\/17-768x1024.jpg 768w, https:\/\/kreativtanulasesoktatas.hu\/wp-content\/uploads\/2022\/07\/17-225x300.jpg 225w, https:\/\/kreativtanulasesoktatas.hu\/wp-content\/uploads\/2022\/07\/17.jpg 956w\" sizes=\"auto, (max-width: 487px) 100vw, 487px\" \/><h2 class=\"pebble-text has-text-align-center\" style=\"font-weight:default;\"><\/h2><\/span><\/div><\/div>\n<\/div>\n\n\n\n<div class=\"wp-block-columns are-vertically-aligned-center is-layout-flex wp-container-core-columns-is-layout-28f84493 wp-block-columns-is-layout-flex\">\n<div class=\"wp-block-column is-vertically-aligned-center is-layout-flow wp-block-column-is-layout-flow\" style=\"flex-basis:33.33%\"><div class=\"pebble pebble-index-6 pebble-shape-25 layout-text-above has-image-content keep-aspect-ratio\" style=\"margin: 0em auto 0em auto;padding: 0em 0em 0em 0em;--double-top: -8%;--double-left: 0%;--text-top: 0em;--text-left: 0em;--double-size: 108%;--double-color: #d7007e;--double-opacity: 1;--double-blend-mode: multiply;--shapes-top: 0%;--shapes-left: 0%;--shapes-rotate: 0deg;--image-margin: 0em 0em 0em 0em;\" data-aspect-ratio=\"443\/298\"><span class=\"pebble-contents\"><img loading=\"lazy\" decoding=\"async\" width=\"650\" height=\"488\" src=\"https:\/\/kreativtanulasesoktatas.hu\/wp-content\/uploads\/2022\/11\/20210823_095326-650x488.jpg\" class=\"pebble-image\" alt=\"\" style=\"object-fit: cover\" srcset=\"https:\/\/kreativtanulasesoktatas.hu\/wp-content\/uploads\/2022\/11\/20210823_095326-650x488.jpg 650w, https:\/\/kreativtanulasesoktatas.hu\/wp-content\/uploads\/2022\/11\/20210823_095326-1024x768.jpg 1024w, https:\/\/kreativtanulasesoktatas.hu\/wp-content\/uploads\/2022\/11\/20210823_095326-300x225.jpg 300w, https:\/\/kreativtanulasesoktatas.hu\/wp-content\/uploads\/2022\/11\/20210823_095326-768x576.jpg 768w, https:\/\/kreativtanulasesoktatas.hu\/wp-content\/uploads\/2022\/11\/20210823_095326-1536x1152.jpg 1536w, https:\/\/kreativtanulasesoktatas.hu\/wp-content\/uploads\/2022\/11\/20210823_095326-2048x1536.jpg 2048w\" sizes=\"auto, (max-width: 650px) 100vw, 650px\" \/><h2 class=\"pebble-text has-text-align-center\" style=\"font-weight:default;\"><\/h2><\/span><\/div><\/div>\n\n\n\n<div class=\"wp-block-column is-vertically-aligned-center is-layout-flow wp-block-column-is-layout-flow\" style=\"flex-basis:66.66%\">\n<h3 class=\"has-text-align-right wp-block-heading\">Kreat\u00edv Partners\u00e9g tr\u00e9nerk\u00e9pz\u00e9s<\/h3>\n\n\n\n<p class=\"has-text-align-right\">M\u00f3dszertanunkat felhaszn\u00e1lva tr\u00e9nereket is k\u00e9pz\u00fcnk, hogy egyre sz\u00e9lesebb k\u00f6rben eljuttathassuk az \u00e9rdekl\u0151d\u00f6knek a kreativit\u00e1s felhaszn\u00e1l\u00e1s\u00e1nak lehet\u0151s\u00e9geit.<\/p>\n<\/div>\n<\/div>\n<\/div>\n\n\n\n<div class=\"wp-block-group is-layout-constrained wp-block-group-is-layout-constrained\">\n<div style=\"height:100px\" aria-hidden=\"true\" class=\"wp-block-spacer\"><\/div>\n\n\n\n<h2 class=\"has-text-align-center has-primary-color has-text-color wp-block-heading\">Get in touch with us!<\/h2>\n\n\n\n<p class=\"has-text-align-center\">Creativity is not a privilege for artists, but the key to a fuller life for all children and adults<\/p>\n\n\n\n<div class=\"wpcf7 no-js\" id=\"wpcf7-f799-o1\" lang=\"en-US\" dir=\"ltr\" data-wpcf7-id=\"799\">\n<div class=\"screen-reader-response\"><p role=\"status\" aria-live=\"polite\" aria-atomic=\"true\"><\/p> <ul><\/ul><\/div>\n<form action=\"\/en\/wp-json\/wp\/v2\/pages\/1231#wpcf7-f799-o1\" method=\"post\" class=\"wpcf7-form init align-center\" aria-label=\"Contact form\" novalidate=\"novalidate\" data-status=\"init\" data-trp-original-action=\"\/en\/wp-json\/wp\/v2\/pages\/1231#wpcf7-f799-o1\">\n<fieldset class=\"hidden-fields-container\"><input type=\"hidden\" name=\"_wpcf7\" value=\"799\" \/><input type=\"hidden\" name=\"_wpcf7_version\" value=\"6.1.5\" \/><input type=\"hidden\" name=\"_wpcf7_locale\" value=\"en_US\" \/><input type=\"hidden\" name=\"_wpcf7_unit_tag\" value=\"wpcf7-f799-o1\" \/><input type=\"hidden\" name=\"_wpcf7_container_post\" value=\"0\" \/><input type=\"hidden\" name=\"_wpcf7_posted_data_hash\" value=\"\" \/><input type=\"hidden\" name=\"_wpcf7_recaptcha_response\" value=\"\" \/>\n<\/fieldset>\n<p><label> <span class=\"wpcf7-form-control-wrap\" data-name=\"your-name\"><input size=\"40\" maxlength=\"400\" class=\"wpcf7-form-control wpcf7-text wpcf7-validates-as-required\" aria-required=\"true\" aria-invalid=\"false\" placeholder=\"Name\" value=\"\" type=\"text\" name=\"your-name\" \/><\/span> <\/label>\n<\/p>\n<p><label> <span class=\"wpcf7-form-control-wrap\" data-name=\"your-email\"><input size=\"40\" maxlength=\"400\" class=\"wpcf7-form-control wpcf7-email wpcf7-validates-as-required wpcf7-text wpcf7-validates-as-email\" aria-required=\"true\" aria-invalid=\"false\" placeholder=\"E-MAIL\" value=\"\" type=\"email\" name=\"your-email\" \/><\/span> <\/label>\n<\/p>\n<p><label> <span class=\"wpcf7-form-control-wrap\" data-name=\"your-message\"><textarea cols=\"40\" rows=\"10\" maxlength=\"2000\" class=\"wpcf7-form-control wpcf7-textarea\" aria-invalid=\"false\" placeholder=\"Message\" name=\"your-message\"><\/textarea><\/span> <\/label>\n<\/p>\n<p><span class=\"wpcf7-form-control-wrap\" data-name=\"subscribe-newsletters\"><span class=\"wpcf7-form-control wpcf7-checkbox\"><span class=\"wpcf7-list-item first last\"><label><input type=\"checkbox\" name=\"subscribe-newsletters[]\" value=\"Feliratkozom a Kreat\u00edv Tanul\u00e1s \u00e9s Oktat\u00e1s Alap\u00edtv\u00e1ny h\u00edrlevel\u00e9re\" \/><span class=\"wpcf7-list-item-label\">Feliratkozom a Kreat\u00edv Tanul\u00e1s \u00e9s Oktat\u00e1s Alap\u00edtv\u00e1ny h\u00edrlevel\u00e9re<\/span><\/label><\/span><\/span><\/span>\n<\/p>\n<p class=\"mv2rem\"><span class=\"wpcf7-form-control-wrap\" data-name=\"accept_privacy_policy\"><span class=\"wpcf7-form-control wpcf7-acceptance\"><span class=\"wpcf7-list-item\"><label><input type=\"checkbox\" name=\"accept_privacy_policy\" value=\"1\" class=\"mv2rem\" aria-invalid=\"false\" \/><span class=\"wpcf7-list-item-label\">I accept the <a href=\"\/wp-content\/uploads\/2024\/04\/Adatvedelmi-Tajekoztato_KTOA_Honlap.pdf\" style=\"text-decoration: underline\" target=\"_blank\" >privacy statement<\/a> .<\/span><\/span><\/label><\/span><\/span><\/span>\n<\/p>\n<p><label> <input class=\"wpcf7-form-control wpcf7-submit has-spinner pebble-04\" type=\"submit\" value=\"Send\" \/> <\/label>\n<\/p>\n<style>\n.wpcf7-form.align-center label {\n text-align: left;\n}\n<\/style><div class=\"wpcf7-response-output\" aria-hidden=\"true\"><\/div>\n<input type=\"hidden\" name=\"trp-form-language\" value=\"en\"\/><\/form>\n<\/div>\n\n<\/div>","protected":false},"excerpt":{"rendered":"<p>M\u0171v\u00e9szeknek M\u0171v\u00e9szeknek sz\u00f3l\u00f3 tr\u00e9ningjeinken betekint\u00e9st nyerhetsz a &#8222;j\u00f3l m\u0171k\u00f6d\u0151 oszt\u00e1lyterem&#8221; m\u00f3dszertanunkba \u00e9s megtanulhatod hogyan v\u00e1lhatsz kreat\u00edv szakemberr\u00e9 J\u00f3l M\u0171k\u00f6d\u0151 oszt\u00e1lyterem tr\u00e9ning A 40 \u00f3r\u00e1s tr\u00e9ning felk\u00e9sz\u00edti a k\u00fcl\u00f6nf\u00e9le m\u0171v\u00e9szeti \u00e1g k\u00e9pvisel\u0151it az iskolai \u00e9s az oszt\u00e1lytermi munk\u00e1ra. Pedag\u00f3giai alapismereteken t\u00fal, bevezeti a m\u0171v\u00e9szeket a tanul\u00e1s \u00e9s tan\u00edt\u00e1s elm\u00e9let\u00e9be, \u00e9s megismerteti a k\u00e9pz\u00e9s r\u00e9sztvev\u0151ivel azt a [&hellip;]<\/p>\n","protected":false},"author":1,"featured_media":0,"parent":1201,"menu_order":0,"comment_status":"closed","ping_status":"closed","template":"","meta":{"_acf_changed":false,"inline_featured_image":false,"footnotes":""},"class_list":["post-1231","page","type-page","status-publish","hentry"],"acf":[],"yoast_head":"<!-- This site is optimized with the Yoast SEO plugin v27.3 - https:\/\/yoast.com\/product\/yoast-seo-wordpress\/ -->\n<title>Tr\u00e9ningek m\u0171v\u00e9szeknek - Kreativ Tanul\u00e1s \u00e9s Oktat\u00e1s Alap\u00edtvany - KTOA<\/title>\n<meta name=\"robots\" content=\"index, follow, max-snippet:-1, max-image-preview:large, max-video-preview:-1\" \/>\n<link rel=\"canonical\" href=\"https:\/\/kreativtanulasesoktatas.hu\/en\/treningek\/muveszeknek\/\" \/>\n<meta property=\"og:locale\" content=\"en_GB\" \/>\n<meta property=\"og:type\" content=\"article\" \/>\n<meta property=\"og:title\" content=\"Tr\u00e9ningek m\u0171v\u00e9szeknek - Kreativ Tanul\u00e1s \u00e9s Oktat\u00e1s Alap\u00edtvany - KTOA\" \/>\n<meta property=\"og:description\" content=\"M\u0171v\u00e9szeknek M\u0171v\u00e9szeknek sz\u00f3l\u00f3 tr\u00e9ningjeinken betekint\u00e9st nyerhetsz a &#8222;j\u00f3l m\u0171k\u00f6d\u0151 oszt\u00e1lyterem&#8221; m\u00f3dszertanunkba \u00e9s megtanulhatod hogyan v\u00e1lhatsz kreat\u00edv szakemberr\u00e9 J\u00f3l M\u0171k\u00f6d\u0151 oszt\u00e1lyterem tr\u00e9ning A 40 \u00f3r\u00e1s tr\u00e9ning felk\u00e9sz\u00edti a k\u00fcl\u00f6nf\u00e9le m\u0171v\u00e9szeti \u00e1g k\u00e9pvisel\u0151it az iskolai \u00e9s az oszt\u00e1lytermi munk\u00e1ra. Pedag\u00f3giai alapismereteken t\u00fal, bevezeti a m\u0171v\u00e9szeket a tanul\u00e1s \u00e9s tan\u00edt\u00e1s elm\u00e9let\u00e9be, \u00e9s megismerteti a k\u00e9pz\u00e9s r\u00e9sztvev\u0151ivel azt a [&hellip;]\" \/>\n<meta property=\"og:url\" content=\"https:\/\/kreativtanulasesoktatas.hu\/en\/treningek\/muveszeknek\/\" \/>\n<meta property=\"og:site_name\" content=\"Kreativ Tanul\u00e1s \u00e9s Oktat\u00e1s Alap\u00edtvany - KTOA\" \/>\n<meta property=\"article:modified_time\" content=\"2022-11-23T22:07:23+00:00\" \/>\n<meta name=\"twitter:card\" content=\"summary_large_image\" \/>\n<meta name=\"twitter:label1\" content=\"Estimated reading time\" \/>\n\t<meta name=\"twitter:data1\" content=\"1 minute\" \/>\n<script type=\"application\/ld+json\" class=\"yoast-schema-graph\">{\"@context\":\"https:\\\/\\\/schema.org\",\"@graph\":[{\"@type\":\"WebPage\",\"@id\":\"https:\\\/\\\/kreativtanulasesoktatas.hu\\\/treningek\\\/muveszeknek\\\/\",\"url\":\"https:\\\/\\\/kreativtanulasesoktatas.hu\\\/treningek\\\/muveszeknek\\\/\",\"name\":\"Tr\u00e9ningek m\u0171v\u00e9szeknek - Kreativ Tanul\u00e1s \u00e9s Oktat\u00e1s Alap\u00edtvany - KTOA\",\"isPartOf\":{\"@id\":\"https:\\\/\\\/kreativtanulasesoktatas.hu\\\/#website\"},\"datePublished\":\"2022-11-04T14:58:26+00:00\",\"dateModified\":\"2022-11-23T22:07:23+00:00\",\"breadcrumb\":{\"@id\":\"https:\\\/\\\/kreativtanulasesoktatas.hu\\\/treningek\\\/muveszeknek\\\/#breadcrumb\"},\"inLanguage\":\"en-GB\",\"potentialAction\":[{\"@type\":\"ReadAction\",\"target\":[\"https:\\\/\\\/kreativtanulasesoktatas.hu\\\/treningek\\\/muveszeknek\\\/\"]}]},{\"@type\":\"BreadcrumbList\",\"@id\":\"https:\\\/\\\/kreativtanulasesoktatas.hu\\\/treningek\\\/muveszeknek\\\/#breadcrumb\",\"itemListElement\":[{\"@type\":\"ListItem\",\"position\":1,\"name\":\"Home\",\"item\":\"https:\\\/\\\/kreativtanulasesoktatas.hu\\\/\"},{\"@type\":\"ListItem\",\"position\":2,\"name\":\"Tr\u00e9ningek\",\"item\":\"https:\\\/\\\/kreativtanulasesoktatas.hu\\\/treningek\\\/\"},{\"@type\":\"ListItem\",\"position\":3,\"name\":\"Tr\u00e9ningek m\u0171v\u00e9szeknek\"}]},{\"@type\":\"WebSite\",\"@id\":\"https:\\\/\\\/kreativtanulasesoktatas.hu\\\/#website\",\"url\":\"https:\\\/\\\/kreativtanulasesoktatas.hu\\\/\",\"name\":\"Kreativ Tanul\u00e1s \u00e9s Oktat\u00e1s Alap\u00edtvany - KTOA\",\"description\":\"Oktat\u00e1s fejleszt\u00e9s \u00e9s innov\u00e1ci\u00f3 az iskol\u00e1kban\",\"publisher\":{\"@id\":\"https:\\\/\\\/kreativtanulasesoktatas.hu\\\/#organization\"},\"potentialAction\":[{\"@type\":\"SearchAction\",\"target\":{\"@type\":\"EntryPoint\",\"urlTemplate\":\"https:\\\/\\\/kreativtanulasesoktatas.hu\\\/?s={search_term_string}\"},\"query-input\":{\"@type\":\"PropertyValueSpecification\",\"valueRequired\":true,\"valueName\":\"search_term_string\"}}],\"inLanguage\":\"en-GB\"},{\"@type\":\"Organization\",\"@id\":\"https:\\\/\\\/kreativtanulasesoktatas.hu\\\/#organization\",\"name\":\"Kreativ Tanul\u00e1s \u00e9s Oktat\u00e1s Alap\u00edtvany - KTOA\",\"url\":\"https:\\\/\\\/kreativtanulasesoktatas.hu\\\/\",\"logo\":{\"@type\":\"ImageObject\",\"inLanguage\":\"en-GB\",\"@id\":\"https:\\\/\\\/kreativtanulasesoktatas.hu\\\/#\\\/schema\\\/logo\\\/image\\\/\",\"url\":\"https:\\\/\\\/kreativtanulasesoktatas.hu\\\/wp-content\\\/uploads\\\/2022\\\/07\\\/logo.svg\",\"contentUrl\":\"https:\\\/\\\/kreativtanulasesoktatas.hu\\\/wp-content\\\/uploads\\\/2022\\\/07\\\/logo.svg\",\"width\":315,\"height\":174,\"caption\":\"Kreativ Tanul\u00e1s \u00e9s Oktat\u00e1s Alap\u00edtvany - KTOA\"},\"image\":{\"@id\":\"https:\\\/\\\/kreativtanulasesoktatas.hu\\\/#\\\/schema\\\/logo\\\/image\\\/\"}}]}<\/script>\n<!-- \/ Yoast SEO plugin. -->","yoast_head_json":{"title":"Tr\u00e9ningek m\u0171v\u00e9szeknek - Kreativ Tanul\u00e1s \u00e9s Oktat\u00e1s Alap\u00edtvany - KTOA","robots":{"index":"index","follow":"follow","max-snippet":"max-snippet:-1","max-image-preview":"max-image-preview:large","max-video-preview":"max-video-preview:-1"},"canonical":"https:\/\/kreativtanulasesoktatas.hu\/en\/treningek\/muveszeknek\/","og_locale":"en_GB","og_type":"article","og_title":"Tr\u00e9ningek m\u0171v\u00e9szeknek - Kreativ Tanul\u00e1s \u00e9s Oktat\u00e1s Alap\u00edtvany - KTOA","og_description":"M\u0171v\u00e9szeknek M\u0171v\u00e9szeknek sz\u00f3l\u00f3 tr\u00e9ningjeinken betekint\u00e9st nyerhetsz a &#8222;j\u00f3l m\u0171k\u00f6d\u0151 oszt\u00e1lyterem&#8221; m\u00f3dszertanunkba \u00e9s megtanulhatod hogyan v\u00e1lhatsz kreat\u00edv szakemberr\u00e9 J\u00f3l M\u0171k\u00f6d\u0151 oszt\u00e1lyterem tr\u00e9ning A 40 \u00f3r\u00e1s tr\u00e9ning felk\u00e9sz\u00edti a k\u00fcl\u00f6nf\u00e9le m\u0171v\u00e9szeti \u00e1g k\u00e9pvisel\u0151it az iskolai \u00e9s az oszt\u00e1lytermi munk\u00e1ra. Pedag\u00f3giai alapismereteken t\u00fal, bevezeti a m\u0171v\u00e9szeket a tanul\u00e1s \u00e9s tan\u00edt\u00e1s elm\u00e9let\u00e9be, \u00e9s megismerteti a k\u00e9pz\u00e9s r\u00e9sztvev\u0151ivel azt a [&hellip;]","og_url":"https:\/\/kreativtanulasesoktatas.hu\/en\/treningek\/muveszeknek\/","og_site_name":"Kreativ Tanul\u00e1s \u00e9s Oktat\u00e1s Alap\u00edtvany - KTOA","article_modified_time":"2022-11-23T22:07:23+00:00","twitter_card":"summary_large_image","twitter_misc":{"Estimated reading time":"1 minute"},"schema":{"@context":"https:\/\/schema.org","@graph":[{"@type":"WebPage","@id":"https:\/\/kreativtanulasesoktatas.hu\/treningek\/muveszeknek\/","url":"https:\/\/kreativtanulasesoktatas.hu\/treningek\/muveszeknek\/","name":"Tr\u00e9ningek m\u0171v\u00e9szeknek - Kreativ Tanul\u00e1s \u00e9s Oktat\u00e1s Alap\u00edtvany - KTOA","isPartOf":{"@id":"https:\/\/kreativtanulasesoktatas.hu\/#website"},"datePublished":"2022-11-04T14:58:26+00:00","dateModified":"2022-11-23T22:07:23+00:00","breadcrumb":{"@id":"https:\/\/kreativtanulasesoktatas.hu\/treningek\/muveszeknek\/#breadcrumb"},"inLanguage":"en-GB","potentialAction":[{"@type":"ReadAction","target":["https:\/\/kreativtanulasesoktatas.hu\/treningek\/muveszeknek\/"]}]},{"@type":"BreadcrumbList","@id":"https:\/\/kreativtanulasesoktatas.hu\/treningek\/muveszeknek\/#breadcrumb","itemListElement":[{"@type":"ListItem","position":1,"name":"Home","item":"https:\/\/kreativtanulasesoktatas.hu\/"},{"@type":"ListItem","position":2,"name":"Tr\u00e9ningek","item":"https:\/\/kreativtanulasesoktatas.hu\/treningek\/"},{"@type":"ListItem","position":3,"name":"Tr\u00e9ningek m\u0171v\u00e9szeknek"}]},{"@type":"WebSite","@id":"https:\/\/kreativtanulasesoktatas.hu\/#website","url":"https:\/\/kreativtanulasesoktatas.hu\/","name":"Kreativ Tanul\u00e1s \u00e9s Oktat\u00e1s Alap\u00edtvany - KTOA","description":"Oktat\u00e1s fejleszt\u00e9s \u00e9s innov\u00e1ci\u00f3 az iskol\u00e1kban","publisher":{"@id":"https:\/\/kreativtanulasesoktatas.hu\/#organization"},"potentialAction":[{"@type":"SearchAction","target":{"@type":"EntryPoint","urlTemplate":"https:\/\/kreativtanulasesoktatas.hu\/?s={search_term_string}"},"query-input":{"@type":"PropertyValueSpecification","valueRequired":true,"valueName":"search_term_string"}}],"inLanguage":"en-GB"},{"@type":"Organization","@id":"https:\/\/kreativtanulasesoktatas.hu\/#organization","name":"Kreativ Tanul\u00e1s \u00e9s Oktat\u00e1s Alap\u00edtvany - KTOA","url":"https:\/\/kreativtanulasesoktatas.hu\/","logo":{"@type":"ImageObject","inLanguage":"en-GB","@id":"https:\/\/kreativtanulasesoktatas.hu\/#\/schema\/logo\/image\/","url":"https:\/\/kreativtanulasesoktatas.hu\/wp-content\/uploads\/2022\/07\/logo.svg","contentUrl":"https:\/\/kreativtanulasesoktatas.hu\/wp-content\/uploads\/2022\/07\/logo.svg","width":315,"height":174,"caption":"Kreativ Tanul\u00e1s \u00e9s Oktat\u00e1s Alap\u00edtvany - KTOA"},"image":{"@id":"https:\/\/kreativtanulasesoktatas.hu\/#\/schema\/logo\/image\/"}}]}},"_links":{"self":[{"href":"https:\/\/kreativtanulasesoktatas.hu\/en\/wp-json\/wp\/v2\/pages\/1231","targetHints":{"allow":["GET"]}}],"collection":[{"href":"https:\/\/kreativtanulasesoktatas.hu\/en\/wp-json\/wp\/v2\/pages"}],"about":[{"href":"https:\/\/kreativtanulasesoktatas.hu\/en\/wp-json\/wp\/v2\/types\/page"}],"author":[{"embeddable":true,"href":"https:\/\/kreativtanulasesoktatas.hu\/en\/wp-json\/wp\/v2\/users\/1"}],"replies":[{"embeddable":true,"href":"https:\/\/kreativtanulasesoktatas.hu\/en\/wp-json\/wp\/v2\/comments?post=1231"}],"version-history":[{"count":11,"href":"https:\/\/kreativtanulasesoktatas.hu\/en\/wp-json\/wp\/v2\/pages\/1231\/revisions"}],"predecessor-version":[{"id":1730,"href":"https:\/\/kreativtanulasesoktatas.hu\/en\/wp-json\/wp\/v2\/pages\/1231\/revisions\/1730"}],"up":[{"embeddable":true,"href":"https:\/\/kreativtanulasesoktatas.hu\/en\/wp-json\/wp\/v2\/pages\/1201"}],"wp:attachment":[{"href":"https:\/\/kreativtanulasesoktatas.hu\/en\/wp-json\/wp\/v2\/media?parent=1231"}],"curies":[{"name":"wp","href":"https:\/\/api.w.org\/{rel}","templated":true}]}}