{"id":1455,"date":"2022-11-07T12:43:42","date_gmt":"2022-11-07T12:43:42","guid":{"rendered":"https:\/\/kreativtanulasesoktatas.hu\/?page_id=1455"},"modified":"2022-11-28T19:17:30","modified_gmt":"2022-11-28T19:17:30","slug":"koszonjuk","status":"publish","type":"page","link":"https:\/\/kreativtanulasesoktatas.hu\/en\/adomanyozas-teszt\/koszonjuk\/","title":{"rendered":"K\u00f6sz\u00f6nj\u00fck"},"content":{"rendered":"","protected":false},"excerpt":{"rendered":"","protected":false},"author":1,"featured_media":0,"parent":1598,"menu_order":0,"comment_status":"closed","ping_status":"closed","template":"","meta":{"_acf_changed":false,"inline_featured_image":false,"footnotes":""},"class_list":["post-1455","page","type-page","status-publish","hentry"],"acf":[],"yoast_head":"<!-- This site is optimized with the Yoast SEO plugin v27.4 - https:\/\/yoast.com\/product\/yoast-seo-wordpress\/ -->\n<title>K\u00f6sz\u00f6nj\u00fck - Kreativ Tanul\u00e1s \u00e9s Oktat\u00e1s Alap\u00edtvany - KTOA<\/title>\n<meta name=\"robots\" content=\"index, follow, max-snippet:-1, max-image-preview:large, max-video-preview:-1\" \/>\n<link rel=\"canonical\" href=\"https:\/\/kreativtanulasesoktatas.hu\/en\/adomanyozas-teszt\/koszonjuk\/\" \/>\n<meta property=\"og:locale\" content=\"en_GB\" \/>\n<meta property=\"og:type\" content=\"article\" \/>\n<meta property=\"og:title\" content=\"K\u00f6sz\u00f6nj\u00fck - Kreativ Tanul\u00e1s \u00e9s Oktat\u00e1s Alap\u00edtvany - KTOA\" \/>\n<meta property=\"og:url\" content=\"https:\/\/kreativtanulasesoktatas.hu\/en\/adomanyozas-teszt\/koszonjuk\/\" \/>\n<meta property=\"og:site_name\" content=\"Kreativ Tanul\u00e1s \u00e9s Oktat\u00e1s Alap\u00edtvany - KTOA\" \/>\n<meta property=\"article:modified_time\" content=\"2022-11-28T19:17:30+00:00\" \/>\n<meta name=\"twitter:card\" content=\"summary_large_image\" \/>\n<script type=\"application\/ld+json\" class=\"yoast-schema-graph\">{\"@context\":\"https:\\\/\\\/schema.org\",\"@graph\":[{\"@type\":\"WebPage\",\"@id\":\"https:\\\/\\\/kreativtanulasesoktatas.hu\\\/adomanyozas-teszt\\\/koszonjuk\\\/\",\"url\":\"https:\\\/\\\/kreativtanulasesoktatas.hu\\\/adomanyozas-teszt\\\/koszonjuk\\\/\",\"name\":\"K\u00f6sz\u00f6nj\u00fck - Kreativ Tanul\u00e1s \u00e9s Oktat\u00e1s Alap\u00edtvany - KTOA\",\"isPartOf\":{\"@id\":\"https:\\\/\\\/kreativtanulasesoktatas.hu\\\/#website\"},\"datePublished\":\"2022-11-07T12:43:42+00:00\",\"dateModified\":\"2022-11-28T19:17:30+00:00\",\"breadcrumb\":{\"@id\":\"https:\\\/\\\/kreativtanulasesoktatas.hu\\\/adomanyozas-teszt\\\/koszonjuk\\\/#breadcrumb\"},\"inLanguage\":\"en-GB\",\"potentialAction\":[{\"@type\":\"ReadAction\",\"target\":[\"https:\\\/\\\/kreativtanulasesoktatas.hu\\\/adomanyozas-teszt\\\/koszonjuk\\\/\"]}]},{\"@type\":\"BreadcrumbList\",\"@id\":\"https:\\\/\\\/kreativtanulasesoktatas.hu\\\/adomanyozas-teszt\\\/koszonjuk\\\/#breadcrumb\",\"itemListElement\":[{\"@type\":\"ListItem\",\"position\":1,\"name\":\"Home\",\"item\":\"https:\\\/\\\/kreativtanulasesoktatas.hu\\\/\"},{\"@type\":\"ListItem\",\"position\":2,\"name\":\"Adom\u00e1nyoz\u00e1s teszt\",\"item\":\"https:\\\/\\\/kreativtanulasesoktatas.hu\\\/adomanyozas-teszt\\\/\"},{\"@type\":\"ListItem\",\"position\":3,\"name\":\"K\u00f6sz\u00f6nj\u00fck\"}]},{\"@type\":\"WebSite\",\"@id\":\"https:\\\/\\\/kreativtanulasesoktatas.hu\\\/#website\",\"url\":\"https:\\\/\\\/kreativtanulasesoktatas.hu\\\/\",\"name\":\"Kreativ Tanul\u00e1s \u00e9s Oktat\u00e1s Alap\u00edtvany - KTOA\",\"description\":\"Oktat\u00e1s fejleszt\u00e9s \u00e9s innov\u00e1ci\u00f3 az iskol\u00e1kban\",\"publisher\":{\"@id\":\"https:\\\/\\\/kreativtanulasesoktatas.hu\\\/#organization\"},\"potentialAction\":[{\"@type\":\"SearchAction\",\"target\":{\"@type\":\"EntryPoint\",\"urlTemplate\":\"https:\\\/\\\/kreativtanulasesoktatas.hu\\\/?s={search_term_string}\"},\"query-input\":{\"@type\":\"PropertyValueSpecification\",\"valueRequired\":true,\"valueName\":\"search_term_string\"}}],\"inLanguage\":\"en-GB\"},{\"@type\":\"Organization\",\"@id\":\"https:\\\/\\\/kreativtanulasesoktatas.hu\\\/#organization\",\"name\":\"Kreativ Tanul\u00e1s \u00e9s Oktat\u00e1s Alap\u00edtvany - KTOA\",\"url\":\"https:\\\/\\\/kreativtanulasesoktatas.hu\\\/\",\"logo\":{\"@type\":\"ImageObject\",\"inLanguage\":\"en-GB\",\"@id\":\"https:\\\/\\\/kreativtanulasesoktatas.hu\\\/#\\\/schema\\\/logo\\\/image\\\/\",\"url\":\"https:\\\/\\\/kreativtanulasesoktatas.hu\\\/wp-content\\\/uploads\\\/2022\\\/07\\\/logo.svg\",\"contentUrl\":\"https:\\\/\\\/kreativtanulasesoktatas.hu\\\/wp-content\\\/uploads\\\/2022\\\/07\\\/logo.svg\",\"width\":315,\"height\":174,\"caption\":\"Kreativ Tanul\u00e1s \u00e9s Oktat\u00e1s Alap\u00edtvany - KTOA\"},\"image\":{\"@id\":\"https:\\\/\\\/kreativtanulasesoktatas.hu\\\/#\\\/schema\\\/logo\\\/image\\\/\"}}]}<\/script>\n<!-- \/ Yoast SEO plugin. -->","yoast_head_json":{"title":"K\u00f6sz\u00f6nj\u00fck - Kreativ Tanul\u00e1s \u00e9s Oktat\u00e1s Alap\u00edtvany - KTOA","robots":{"index":"index","follow":"follow","max-snippet":"max-snippet:-1","max-image-preview":"max-image-preview:large","max-video-preview":"max-video-preview:-1"},"canonical":"https:\/\/kreativtanulasesoktatas.hu\/en\/adomanyozas-teszt\/koszonjuk\/","og_locale":"en_GB","og_type":"article","og_title":"K\u00f6sz\u00f6nj\u00fck - Kreativ Tanul\u00e1s \u00e9s Oktat\u00e1s Alap\u00edtvany - KTOA","og_url":"https:\/\/kreativtanulasesoktatas.hu\/en\/adomanyozas-teszt\/koszonjuk\/","og_site_name":"Kreativ Tanul\u00e1s \u00e9s Oktat\u00e1s Alap\u00edtvany - KTOA","article_modified_time":"2022-11-28T19:17:30+00:00","twitter_card":"summary_large_image","schema":{"@context":"https:\/\/schema.org","@graph":[{"@type":"WebPage","@id":"https:\/\/kreativtanulasesoktatas.hu\/adomanyozas-teszt\/koszonjuk\/","url":"https:\/\/kreativtanulasesoktatas.hu\/adomanyozas-teszt\/koszonjuk\/","name":"K\u00f6sz\u00f6nj\u00fck - Kreativ Tanul\u00e1s \u00e9s Oktat\u00e1s Alap\u00edtvany - KTOA","isPartOf":{"@id":"https:\/\/kreativtanulasesoktatas.hu\/#website"},"datePublished":"2022-11-07T12:43:42+00:00","dateModified":"2022-11-28T19:17:30+00:00","breadcrumb":{"@id":"https:\/\/kreativtanulasesoktatas.hu\/adomanyozas-teszt\/koszonjuk\/#breadcrumb"},"inLanguage":"en-GB","potentialAction":[{"@type":"ReadAction","target":["https:\/\/kreativtanulasesoktatas.hu\/adomanyozas-teszt\/koszonjuk\/"]}]},{"@type":"BreadcrumbList","@id":"https:\/\/kreativtanulasesoktatas.hu\/adomanyozas-teszt\/koszonjuk\/#breadcrumb","itemListElement":[{"@type":"ListItem","position":1,"name":"Home","item":"https:\/\/kreativtanulasesoktatas.hu\/"},{"@type":"ListItem","position":2,"name":"Adom\u00e1nyoz\u00e1s teszt","item":"https:\/\/kreativtanulasesoktatas.hu\/adomanyozas-teszt\/"},{"@type":"ListItem","position":3,"name":"K\u00f6sz\u00f6nj\u00fck"}]},{"@type":"WebSite","@id":"https:\/\/kreativtanulasesoktatas.hu\/#website","url":"https:\/\/kreativtanulasesoktatas.hu\/","name":"Kreativ Tanul\u00e1s \u00e9s Oktat\u00e1s Alap\u00edtvany - KTOA","description":"Oktat\u00e1s fejleszt\u00e9s \u00e9s innov\u00e1ci\u00f3 az iskol\u00e1kban","publisher":{"@id":"https:\/\/kreativtanulasesoktatas.hu\/#organization"},"potentialAction":[{"@type":"SearchAction","target":{"@type":"EntryPoint","urlTemplate":"https:\/\/kreativtanulasesoktatas.hu\/?s={search_term_string}"},"query-input":{"@type":"PropertyValueSpecification","valueRequired":true,"valueName":"search_term_string"}}],"inLanguage":"en-GB"},{"@type":"Organization","@id":"https:\/\/kreativtanulasesoktatas.hu\/#organization","name":"Kreativ Tanul\u00e1s \u00e9s Oktat\u00e1s Alap\u00edtvany - KTOA","url":"https:\/\/kreativtanulasesoktatas.hu\/","logo":{"@type":"ImageObject","inLanguage":"en-GB","@id":"https:\/\/kreativtanulasesoktatas.hu\/#\/schema\/logo\/image\/","url":"https:\/\/kreativtanulasesoktatas.hu\/wp-content\/uploads\/2022\/07\/logo.svg","contentUrl":"https:\/\/kreativtanulasesoktatas.hu\/wp-content\/uploads\/2022\/07\/logo.svg","width":315,"height":174,"caption":"Kreativ Tanul\u00e1s \u00e9s Oktat\u00e1s Alap\u00edtvany - KTOA"},"image":{"@id":"https:\/\/kreativtanulasesoktatas.hu\/#\/schema\/logo\/image\/"}}]}},"_links":{"self":[{"href":"https:\/\/kreativtanulasesoktatas.hu\/en\/wp-json\/wp\/v2\/pages\/1455","targetHints":{"allow":["GET"]}}],"collection":[{"href":"https:\/\/kreativtanulasesoktatas.hu\/en\/wp-json\/wp\/v2\/pages"}],"about":[{"href":"https:\/\/kreativtanulasesoktatas.hu\/en\/wp-json\/wp\/v2\/types\/page"}],"author":[{"embeddable":true,"href":"https:\/\/kreativtanulasesoktatas.hu\/en\/wp-json\/wp\/v2\/users\/1"}],"replies":[{"embeddable":true,"href":"https:\/\/kreativtanulasesoktatas.hu\/en\/wp-json\/wp\/v2\/comments?post=1455"}],"version-history":[{"count":1,"href":"https:\/\/kreativtanulasesoktatas.hu\/en\/wp-json\/wp\/v2\/pages\/1455\/revisions"}],"predecessor-version":[{"id":1456,"href":"https:\/\/kreativtanulasesoktatas.hu\/en\/wp-json\/wp\/v2\/pages\/1455\/revisions\/1456"}],"up":[{"embeddable":true,"href":"https:\/\/kreativtanulasesoktatas.hu\/en\/wp-json\/wp\/v2\/pages\/1598"}],"wp:attachment":[{"href":"https:\/\/kreativtanulasesoktatas.hu\/en\/wp-json\/wp\/v2\/media?parent=1455"}],"curies":[{"name":"wp","href":"https:\/\/api.w.org\/{rel}","templated":true}]}}