{"id":1604,"date":"2022-11-22T20:05:40","date_gmt":"2022-11-22T20:05:40","guid":{"rendered":"https:\/\/kreativtanulasesoktatas.hu\/?page_id=1604"},"modified":"2022-11-28T19:17:14","modified_gmt":"2022-11-28T19:17:14","slug":"fizetes","status":"publish","type":"page","link":"https:\/\/kreativtanulasesoktatas.hu\/en\/adomanyozas-teszt\/fizetes\/","title":{"rendered":"Fizet\u00e9s"},"content":{"rendered":"<h2 class=\"wp-block-heading\">Fizet\u00e9s<\/h2>\n\n\n\n<div class=\"wp-block-columns is-layout-flex wp-container-core-columns-is-layout-28f84493 wp-block-columns-is-layout-flex\">\n<div class=\"wp-block-column is-vertically-aligned-top is-layout-flow wp-block-column-is-layout-flow\">\n<figure class=\"wp-block-image alignright size-thumbnail is-resized\"><img loading=\"lazy\" decoding=\"async\" src=\"https:\/\/kreativtanulasesoktatas.hu\/wp-content\/uploads\/2022\/11\/KH-logo-300x241.png\" alt=\"\" class=\"wp-image-1737\" width=\"150\" height=\"121\" srcset=\"https:\/\/kreativtanulasesoktatas.hu\/wp-content\/uploads\/2022\/11\/KH-logo-300x241.png 300w, https:\/\/kreativtanulasesoktatas.hu\/wp-content\/uploads\/2022\/11\/KH-logo.png 560w\" sizes=\"auto, (max-width: 150px) 100vw, 150px\" \/><\/figure>\n\n\n\n<p>\u00d6nt a K&amp;H Bank weblapj\u00e1ra ir\u00e1ny\u00edtjuk, ahol a Bank \u00e1ltal haszn\u00e1lt, jelenleg legbiztons\u00e1gosabbnak \u00edt\u00e9lt, titkos\u00edt\u00e1ssal lebonyol\u00edtott tranzakci\u00f3n kereszt\u00fcl fizethet bankk\u00e1rty\u00e1j\u00e1val. A K&amp;H Bank a VISA, VISA Electron, V-Pay, MasterCard, Maestro \u00e9s JCB t\u00edpus\u00fa k\u00e1rty\u00e1kat fogadja el.<\/p>\n<\/div>\n\n\n\n<div class=\"wp-block-column is-vertically-aligned-top is-layout-flow wp-block-column-is-layout-flow\" style=\"flex-basis:5%\"><\/div>\n<\/div>\n\n\n\n<p>A K&amp;H Bank a sikeres v\u00e1s\u00e1rl\u00e1st k\u00f6vet\u0151en a tranzakci\u00f3r\u00f3l enged\u00e9lyez\u00e9si sz\u00e1mot bocs\u00e1t ki, amelyet \u00e9rdemes fel\u00edrni vagy elmenteni. Sikertelen tranzakci\u00f3 eset\u00e9n a K&amp;H Bank hiba\u00fczenetben k\u00f6zli a hiba ok\u00e1t.<\/p>\n\n\n\n<div style=\"height:5px\" aria-hidden=\"true\" class=\"wp-block-spacer\"><\/div>\n\n\n<div class=\"shop-step-buttons\">\r\n\t\t<div>\r\n\t\t\t<div class=\"\">\r\n\t\t\t\t<a class=\"has-small-font-size\" href=\"https:\/\/kreativtanulasesoktatas.hu\/en\/adomanyozas-teszt\/adomanyozo\/\">< VISSZA<\/a>\r\n\t\t\t<\/div>\r\n\t\t<\/div>\r\n\t\t<form class=\"payment-form\" method=\"post\" action=\"\/en\/wp-json\/wp\/v2\/pages\/1604\" data-trp-original-action=\"\/en\/wp-json\/wp\/v2\/pages\/1604\">\r\n\t\t\t<input type=\"hidden\" name=\"continue\" value=\"1\">\r\n\t\t\t<input type=\"hidden\" name=\"submited_step\" value=\"fizetes\">\r\n\t\t\t<div class=\"pebble pebble-shape-04 keep-aspect-ratio\">\r\n\t\t\t\t<button class=\"pebble-contents\">\r\n\t\t\t\t\t<span class=\"pebble-text\">FIZETEM<\/span>\r\n\t\t\t\t<\/button>\r\n\t\t\t<\/div>\r\n\t\t<input type=\"hidden\" name=\"trp-form-language\" value=\"en\"\/><\/form>\r\n\t<\/div>","protected":false},"excerpt":{"rendered":"<p>Fizet\u00e9s \u00d6nt a K&amp;H Bank weblapj\u00e1ra ir\u00e1ny\u00edtjuk, ahol a Bank \u00e1ltal haszn\u00e1lt, jelenleg legbiztons\u00e1gosabbnak \u00edt\u00e9lt, titkos\u00edt\u00e1ssal lebonyol\u00edtott tranzakci\u00f3n kereszt\u00fcl fizethet bankk\u00e1rty\u00e1j\u00e1val. A K&amp;H Bank a VISA, VISA Electron, V-Pay, MasterCard, Maestro \u00e9s JCB t\u00edpus\u00fa k\u00e1rty\u00e1kat fogadja el. A K&amp;H Bank a sikeres v\u00e1s\u00e1rl\u00e1st k\u00f6vet\u0151en a tranzakci\u00f3r\u00f3l enged\u00e9lyez\u00e9si sz\u00e1mot bocs\u00e1t ki, amelyet \u00e9rdemes fel\u00edrni vagy elmenteni. [&hellip;]<\/p>\n","protected":false},"author":1,"featured_media":0,"parent":1598,"menu_order":0,"comment_status":"closed","ping_status":"closed","template":"","meta":{"_acf_changed":false,"inline_featured_image":false,"footnotes":""},"class_list":["post-1604","page","type-page","status-publish","hentry"],"acf":[],"yoast_head":"<!-- This site is optimized with the Yoast SEO plugin v27.4 - https:\/\/yoast.com\/product\/yoast-seo-wordpress\/ -->\n<title>Fizet\u00e9s - Kreativ Tanul\u00e1s \u00e9s Oktat\u00e1s Alap\u00edtvany - KTOA<\/title>\n<meta name=\"robots\" content=\"index, follow, max-snippet:-1, max-image-preview:large, max-video-preview:-1\" \/>\n<link rel=\"canonical\" href=\"https:\/\/kreativtanulasesoktatas.hu\/en\/adomanyozas-teszt\/fizetes\/\" \/>\n<meta property=\"og:locale\" content=\"en_GB\" \/>\n<meta property=\"og:type\" content=\"article\" \/>\n<meta property=\"og:title\" content=\"Fizet\u00e9s - Kreativ Tanul\u00e1s \u00e9s Oktat\u00e1s Alap\u00edtvany - KTOA\" \/>\n<meta property=\"og:description\" content=\"Fizet\u00e9s \u00d6nt a K&amp;H Bank weblapj\u00e1ra ir\u00e1ny\u00edtjuk, ahol a Bank \u00e1ltal haszn\u00e1lt, jelenleg legbiztons\u00e1gosabbnak \u00edt\u00e9lt, titkos\u00edt\u00e1ssal lebonyol\u00edtott tranzakci\u00f3n kereszt\u00fcl fizethet bankk\u00e1rty\u00e1j\u00e1val. A K&amp;H Bank a VISA, VISA Electron, V-Pay, MasterCard, Maestro \u00e9s JCB t\u00edpus\u00fa k\u00e1rty\u00e1kat fogadja el. A K&amp;H Bank a sikeres v\u00e1s\u00e1rl\u00e1st k\u00f6vet\u0151en a tranzakci\u00f3r\u00f3l enged\u00e9lyez\u00e9si sz\u00e1mot bocs\u00e1t ki, amelyet \u00e9rdemes fel\u00edrni vagy elmenteni. [&hellip;]\" \/>\n<meta property=\"og:url\" content=\"https:\/\/kreativtanulasesoktatas.hu\/en\/adomanyozas-teszt\/fizetes\/\" \/>\n<meta property=\"og:site_name\" content=\"Kreativ Tanul\u00e1s \u00e9s Oktat\u00e1s Alap\u00edtvany - KTOA\" \/>\n<meta property=\"article:modified_time\" content=\"2022-11-28T19:17:14+00:00\" \/>\n<meta property=\"og:image\" content=\"https:\/\/kreativtanulasesoktatas.hu\/wp-content\/uploads\/2022\/11\/KH-logo-300x241.png\" \/>\n<meta name=\"twitter:card\" content=\"summary_large_image\" \/>\n<meta name=\"twitter:label1\" content=\"Estimated reading time\" \/>\n\t<meta name=\"twitter:data1\" content=\"1 minute\" \/>\n<script type=\"application\/ld+json\" class=\"yoast-schema-graph\">{\"@context\":\"https:\\\/\\\/schema.org\",\"@graph\":[{\"@type\":\"WebPage\",\"@id\":\"https:\\\/\\\/kreativtanulasesoktatas.hu\\\/adomanyozas-teszt\\\/fizetes\\\/\",\"url\":\"https:\\\/\\\/kreativtanulasesoktatas.hu\\\/adomanyozas-teszt\\\/fizetes\\\/\",\"name\":\"Fizet\u00e9s - Kreativ Tanul\u00e1s \u00e9s Oktat\u00e1s Alap\u00edtvany - KTOA\",\"isPartOf\":{\"@id\":\"https:\\\/\\\/kreativtanulasesoktatas.hu\\\/#website\"},\"primaryImageOfPage\":{\"@id\":\"https:\\\/\\\/kreativtanulasesoktatas.hu\\\/adomanyozas-teszt\\\/fizetes\\\/#primaryimage\"},\"image\":{\"@id\":\"https:\\\/\\\/kreativtanulasesoktatas.hu\\\/adomanyozas-teszt\\\/fizetes\\\/#primaryimage\"},\"thumbnailUrl\":\"https:\\\/\\\/kreativtanulasesoktatas.hu\\\/wp-content\\\/uploads\\\/2022\\\/11\\\/KH-logo-300x241.png\",\"datePublished\":\"2022-11-22T20:05:40+00:00\",\"dateModified\":\"2022-11-28T19:17:14+00:00\",\"breadcrumb\":{\"@id\":\"https:\\\/\\\/kreativtanulasesoktatas.hu\\\/adomanyozas-teszt\\\/fizetes\\\/#breadcrumb\"},\"inLanguage\":\"en-GB\",\"potentialAction\":[{\"@type\":\"ReadAction\",\"target\":[\"https:\\\/\\\/kreativtanulasesoktatas.hu\\\/adomanyozas-teszt\\\/fizetes\\\/\"]}]},{\"@type\":\"ImageObject\",\"inLanguage\":\"en-GB\",\"@id\":\"https:\\\/\\\/kreativtanulasesoktatas.hu\\\/adomanyozas-teszt\\\/fizetes\\\/#primaryimage\",\"url\":\"https:\\\/\\\/kreativtanulasesoktatas.hu\\\/wp-content\\\/uploads\\\/2022\\\/11\\\/KH-logo-300x241.png\",\"contentUrl\":\"https:\\\/\\\/kreativtanulasesoktatas.hu\\\/wp-content\\\/uploads\\\/2022\\\/11\\\/KH-logo-300x241.png\"},{\"@type\":\"BreadcrumbList\",\"@id\":\"https:\\\/\\\/kreativtanulasesoktatas.hu\\\/adomanyozas-teszt\\\/fizetes\\\/#breadcrumb\",\"itemListElement\":[{\"@type\":\"ListItem\",\"position\":1,\"name\":\"Home\",\"item\":\"https:\\\/\\\/kreativtanulasesoktatas.hu\\\/\"},{\"@type\":\"ListItem\",\"position\":2,\"name\":\"Adom\u00e1nyoz\u00e1s teszt\",\"item\":\"https:\\\/\\\/kreativtanulasesoktatas.hu\\\/adomanyozas-teszt\\\/\"},{\"@type\":\"ListItem\",\"position\":3,\"name\":\"Fizet\u00e9s\"}]},{\"@type\":\"WebSite\",\"@id\":\"https:\\\/\\\/kreativtanulasesoktatas.hu\\\/#website\",\"url\":\"https:\\\/\\\/kreativtanulasesoktatas.hu\\\/\",\"name\":\"Kreativ Tanul\u00e1s \u00e9s Oktat\u00e1s Alap\u00edtvany - KTOA\",\"description\":\"Oktat\u00e1s fejleszt\u00e9s \u00e9s innov\u00e1ci\u00f3 az iskol\u00e1kban\",\"publisher\":{\"@id\":\"https:\\\/\\\/kreativtanulasesoktatas.hu\\\/#organization\"},\"potentialAction\":[{\"@type\":\"SearchAction\",\"target\":{\"@type\":\"EntryPoint\",\"urlTemplate\":\"https:\\\/\\\/kreativtanulasesoktatas.hu\\\/?s={search_term_string}\"},\"query-input\":{\"@type\":\"PropertyValueSpecification\",\"valueRequired\":true,\"valueName\":\"search_term_string\"}}],\"inLanguage\":\"en-GB\"},{\"@type\":\"Organization\",\"@id\":\"https:\\\/\\\/kreativtanulasesoktatas.hu\\\/#organization\",\"name\":\"Kreativ Tanul\u00e1s \u00e9s Oktat\u00e1s Alap\u00edtvany - KTOA\",\"url\":\"https:\\\/\\\/kreativtanulasesoktatas.hu\\\/\",\"logo\":{\"@type\":\"ImageObject\",\"inLanguage\":\"en-GB\",\"@id\":\"https:\\\/\\\/kreativtanulasesoktatas.hu\\\/#\\\/schema\\\/logo\\\/image\\\/\",\"url\":\"https:\\\/\\\/kreativtanulasesoktatas.hu\\\/wp-content\\\/uploads\\\/2022\\\/07\\\/logo.svg\",\"contentUrl\":\"https:\\\/\\\/kreativtanulasesoktatas.hu\\\/wp-content\\\/uploads\\\/2022\\\/07\\\/logo.svg\",\"width\":315,\"height\":174,\"caption\":\"Kreativ Tanul\u00e1s \u00e9s Oktat\u00e1s Alap\u00edtvany - KTOA\"},\"image\":{\"@id\":\"https:\\\/\\\/kreativtanulasesoktatas.hu\\\/#\\\/schema\\\/logo\\\/image\\\/\"}}]}<\/script>\n<!-- \/ Yoast SEO plugin. -->","yoast_head_json":{"title":"Fizet\u00e9s - Kreativ Tanul\u00e1s \u00e9s Oktat\u00e1s Alap\u00edtvany - KTOA","robots":{"index":"index","follow":"follow","max-snippet":"max-snippet:-1","max-image-preview":"max-image-preview:large","max-video-preview":"max-video-preview:-1"},"canonical":"https:\/\/kreativtanulasesoktatas.hu\/en\/adomanyozas-teszt\/fizetes\/","og_locale":"en_GB","og_type":"article","og_title":"Fizet\u00e9s - Kreativ Tanul\u00e1s \u00e9s Oktat\u00e1s Alap\u00edtvany - KTOA","og_description":"Fizet\u00e9s \u00d6nt a K&amp;H Bank weblapj\u00e1ra ir\u00e1ny\u00edtjuk, ahol a Bank \u00e1ltal haszn\u00e1lt, jelenleg legbiztons\u00e1gosabbnak \u00edt\u00e9lt, titkos\u00edt\u00e1ssal lebonyol\u00edtott tranzakci\u00f3n kereszt\u00fcl fizethet bankk\u00e1rty\u00e1j\u00e1val. A K&amp;H Bank a VISA, VISA Electron, V-Pay, MasterCard, Maestro \u00e9s JCB t\u00edpus\u00fa k\u00e1rty\u00e1kat fogadja el. A K&amp;H Bank a sikeres v\u00e1s\u00e1rl\u00e1st k\u00f6vet\u0151en a tranzakci\u00f3r\u00f3l enged\u00e9lyez\u00e9si sz\u00e1mot bocs\u00e1t ki, amelyet \u00e9rdemes fel\u00edrni vagy elmenteni. [&hellip;]","og_url":"https:\/\/kreativtanulasesoktatas.hu\/en\/adomanyozas-teszt\/fizetes\/","og_site_name":"Kreativ Tanul\u00e1s \u00e9s Oktat\u00e1s Alap\u00edtvany - KTOA","article_modified_time":"2022-11-28T19:17:14+00:00","og_image":[{"url":"https:\/\/kreativtanulasesoktatas.hu\/wp-content\/uploads\/2022\/11\/KH-logo-300x241.png","type":"","width":"","height":""}],"twitter_card":"summary_large_image","twitter_misc":{"Estimated reading time":"1 minute"},"schema":{"@context":"https:\/\/schema.org","@graph":[{"@type":"WebPage","@id":"https:\/\/kreativtanulasesoktatas.hu\/adomanyozas-teszt\/fizetes\/","url":"https:\/\/kreativtanulasesoktatas.hu\/adomanyozas-teszt\/fizetes\/","name":"Fizet\u00e9s - Kreativ Tanul\u00e1s \u00e9s Oktat\u00e1s Alap\u00edtvany - KTOA","isPartOf":{"@id":"https:\/\/kreativtanulasesoktatas.hu\/#website"},"primaryImageOfPage":{"@id":"https:\/\/kreativtanulasesoktatas.hu\/adomanyozas-teszt\/fizetes\/#primaryimage"},"image":{"@id":"https:\/\/kreativtanulasesoktatas.hu\/adomanyozas-teszt\/fizetes\/#primaryimage"},"thumbnailUrl":"https:\/\/kreativtanulasesoktatas.hu\/wp-content\/uploads\/2022\/11\/KH-logo-300x241.png","datePublished":"2022-11-22T20:05:40+00:00","dateModified":"2022-11-28T19:17:14+00:00","breadcrumb":{"@id":"https:\/\/kreativtanulasesoktatas.hu\/adomanyozas-teszt\/fizetes\/#breadcrumb"},"inLanguage":"en-GB","potentialAction":[{"@type":"ReadAction","target":["https:\/\/kreativtanulasesoktatas.hu\/adomanyozas-teszt\/fizetes\/"]}]},{"@type":"ImageObject","inLanguage":"en-GB","@id":"https:\/\/kreativtanulasesoktatas.hu\/adomanyozas-teszt\/fizetes\/#primaryimage","url":"https:\/\/kreativtanulasesoktatas.hu\/wp-content\/uploads\/2022\/11\/KH-logo-300x241.png","contentUrl":"https:\/\/kreativtanulasesoktatas.hu\/wp-content\/uploads\/2022\/11\/KH-logo-300x241.png"},{"@type":"BreadcrumbList","@id":"https:\/\/kreativtanulasesoktatas.hu\/adomanyozas-teszt\/fizetes\/#breadcrumb","itemListElement":[{"@type":"ListItem","position":1,"name":"Home","item":"https:\/\/kreativtanulasesoktatas.hu\/"},{"@type":"ListItem","position":2,"name":"Adom\u00e1nyoz\u00e1s teszt","item":"https:\/\/kreativtanulasesoktatas.hu\/adomanyozas-teszt\/"},{"@type":"ListItem","position":3,"name":"Fizet\u00e9s"}]},{"@type":"WebSite","@id":"https:\/\/kreativtanulasesoktatas.hu\/#website","url":"https:\/\/kreativtanulasesoktatas.hu\/","name":"Kreativ Tanul\u00e1s \u00e9s Oktat\u00e1s Alap\u00edtvany - KTOA","description":"Oktat\u00e1s fejleszt\u00e9s \u00e9s innov\u00e1ci\u00f3 az iskol\u00e1kban","publisher":{"@id":"https:\/\/kreativtanulasesoktatas.hu\/#organization"},"potentialAction":[{"@type":"SearchAction","target":{"@type":"EntryPoint","urlTemplate":"https:\/\/kreativtanulasesoktatas.hu\/?s={search_term_string}"},"query-input":{"@type":"PropertyValueSpecification","valueRequired":true,"valueName":"search_term_string"}}],"inLanguage":"en-GB"},{"@type":"Organization","@id":"https:\/\/kreativtanulasesoktatas.hu\/#organization","name":"Kreativ Tanul\u00e1s \u00e9s Oktat\u00e1s Alap\u00edtvany - KTOA","url":"https:\/\/kreativtanulasesoktatas.hu\/","logo":{"@type":"ImageObject","inLanguage":"en-GB","@id":"https:\/\/kreativtanulasesoktatas.hu\/#\/schema\/logo\/image\/","url":"https:\/\/kreativtanulasesoktatas.hu\/wp-content\/uploads\/2022\/07\/logo.svg","contentUrl":"https:\/\/kreativtanulasesoktatas.hu\/wp-content\/uploads\/2022\/07\/logo.svg","width":315,"height":174,"caption":"Kreativ Tanul\u00e1s \u00e9s Oktat\u00e1s Alap\u00edtvany - KTOA"},"image":{"@id":"https:\/\/kreativtanulasesoktatas.hu\/#\/schema\/logo\/image\/"}}]}},"_links":{"self":[{"href":"https:\/\/kreativtanulasesoktatas.hu\/en\/wp-json\/wp\/v2\/pages\/1604","targetHints":{"allow":["GET"]}}],"collection":[{"href":"https:\/\/kreativtanulasesoktatas.hu\/en\/wp-json\/wp\/v2\/pages"}],"about":[{"href":"https:\/\/kreativtanulasesoktatas.hu\/en\/wp-json\/wp\/v2\/types\/page"}],"author":[{"embeddable":true,"href":"https:\/\/kreativtanulasesoktatas.hu\/en\/wp-json\/wp\/v2\/users\/1"}],"replies":[{"embeddable":true,"href":"https:\/\/kreativtanulasesoktatas.hu\/en\/wp-json\/wp\/v2\/comments?post=1604"}],"version-history":[{"count":2,"href":"https:\/\/kreativtanulasesoktatas.hu\/en\/wp-json\/wp\/v2\/pages\/1604\/revisions"}],"predecessor-version":[{"id":1739,"href":"https:\/\/kreativtanulasesoktatas.hu\/en\/wp-json\/wp\/v2\/pages\/1604\/revisions\/1739"}],"up":[{"embeddable":true,"href":"https:\/\/kreativtanulasesoktatas.hu\/en\/wp-json\/wp\/v2\/pages\/1598"}],"wp:attachment":[{"href":"https:\/\/kreativtanulasesoktatas.hu\/en\/wp-json\/wp\/v2\/media?parent=1604"}],"curies":[{"name":"wp","href":"https:\/\/api.w.org\/{rel}","templated":true}]}}