{"id":6889,"date":"2025-09-12T20:19:41","date_gmt":"2025-09-12T20:19:41","guid":{"rendered":"https:\/\/kreativtanulasesoktatas.hu\/?page_id=6889"},"modified":"2025-10-16T15:35:49","modified_gmt":"2025-10-16T15:35:49","slug":"regisztracio","status":"publish","type":"page","link":"https:\/\/kreativtanulasesoktatas.hu\/en\/kreativ-ter-tanulaskozpont\/regisztracio\/","title":{"rendered":"Kreat\u00edv T\u00e9r Tanul\u00e1sk\u00f6zpont \u2013 regisztr\u00e1ci\u00f3"},"content":{"rendered":"<h1 class=\"wp-block-heading has-text-align-center\"><strong>Regisztr\u00e1ci\u00f3<\/strong><\/h1>\n\n\n\n<p class=\"has-text-align-center\">d\u00edjmentes 30 perces telefonos konzult\u00e1ci\u00f3ra<\/p>\n\n\n\n<hr class=\"wp-block-separator has-alpha-channel-opacity is-style-default\" style=\"margin-top:var(--wp--preset--spacing--60);margin-bottom:var(--wp--preset--spacing--60)\"\/>\n\n\n\n<div class=\"wp-block-group is-layout-constrained wp-container-core-group-is-layout-40e9eaf8 wp-block-group-is-layout-constrained\">\n<div class=\"wp-block-contact-form-7-contact-form-selector\">\n<div class=\"wpcf7 no-js\" id=\"wpcf7-f6888-o1\" lang=\"en-US\" dir=\"ltr\" data-wpcf7-id=\"6888\">\n<div class=\"screen-reader-response\"><p role=\"status\" aria-live=\"polite\" aria-atomic=\"true\"><\/p> <ul><\/ul><\/div>\n<form action=\"\/en\/wp-json\/wp\/v2\/pages\/6889#wpcf7-f6888-o1\" method=\"post\" class=\"wpcf7-form init\" aria-label=\"Contact form\" novalidate=\"novalidate\" data-status=\"init\" data-trp-original-action=\"\/en\/wp-json\/wp\/v2\/pages\/6889#wpcf7-f6888-o1\">\n<fieldset class=\"hidden-fields-container\"><input type=\"hidden\" name=\"_wpcf7\" value=\"6888\" \/><input type=\"hidden\" name=\"_wpcf7_version\" value=\"6.1.5\" \/><input type=\"hidden\" name=\"_wpcf7_locale\" value=\"en_US\" \/><input type=\"hidden\" name=\"_wpcf7_unit_tag\" value=\"wpcf7-f6888-o1\" \/><input type=\"hidden\" name=\"_wpcf7_container_post\" value=\"0\" \/><input type=\"hidden\" name=\"_wpcf7_posted_data_hash\" value=\"\" \/><input type=\"hidden\" name=\"_wpcf7_recaptcha_response\" value=\"\" \/>\n<\/fieldset>\n<p><label> Sz\u00fcl\u0151 vezet\u00e9kneve: *<br \/>\n<span class=\"wpcf7-form-control-wrap\" data-name=\"vezeteknev\"><input size=\"40\" maxlength=\"400\" class=\"wpcf7-form-control wpcf7-text wpcf7-validates-as-required\" aria-required=\"true\" aria-invalid=\"false\" value=\"\" type=\"text\" name=\"vezeteknev\" \/><\/span> <\/label>\n<\/p>\n<p><label> Sz\u00fcl\u0151 keresztneve: *<br \/>\n<span class=\"wpcf7-form-control-wrap\" data-name=\"keresztnev\"><input size=\"40\" maxlength=\"400\" class=\"wpcf7-form-control wpcf7-text wpcf7-validates-as-required\" aria-required=\"true\" aria-invalid=\"false\" value=\"\" type=\"text\" name=\"keresztnev\" \/><\/span> <\/label>\n<\/p>\n<p><label> E-mail c\u00edm: *<br \/>\n<span class=\"wpcf7-form-control-wrap\" data-name=\"email\"><input size=\"40\" maxlength=\"400\" class=\"wpcf7-form-control wpcf7-email wpcf7-validates-as-required wpcf7-text wpcf7-validates-as-email\" aria-required=\"true\" aria-invalid=\"false\" value=\"\" type=\"email\" name=\"email\" \/><\/span> <\/label>\n<\/p>\n<p><label> Telefonsz\u00e1m: *<br \/>\n<span class=\"wpcf7-form-control-wrap\" data-name=\"telefon\"><input size=\"40\" maxlength=\"400\" class=\"wpcf7-form-control wpcf7-tel wpcf7-validates-as-required wpcf7-text wpcf7-validates-as-tel\" aria-required=\"true\" aria-invalid=\"false\" value=\"\" type=\"tel\" name=\"telefon\" \/><\/span> <\/label>\n<\/p>\n<p><label> H\u00e1nyadik oszt\u00e1lyos a gyermeked?*<br \/>\n<span class=\"wpcf7-form-control-wrap\" data-name=\"osztaly\"><select class=\"wpcf7-form-control wpcf7-select wpcf7-validates-as-required\" aria-required=\"true\" aria-invalid=\"false\" name=\"osztaly\"><option value=\"\"><\/option><option value=\"1\">1<\/option><option value=\"2\">2<\/option><option value=\"3\">3<\/option><option value=\"4\">4<\/option><option value=\"5\">5<\/option><option value=\"6\">6<\/option><option value=\"7\">7<\/option><option value=\"8\">8<\/option><option value=\"9\">9<\/option><option value=\"10\">10<\/option><option value=\"11\">11<\/option><option value=\"12\">12<\/option><\/select><\/span> <\/label>\n<\/p>\n<p>Mely foglalkoz\u00e1sok ir\u00e1nt \u00e9rdekl\u0151dt\u00f6k?*\n<\/p>\n<p><span class=\"wpcf7-form-control-wrap\" data-name=\"foglalkozas\"><span class=\"wpcf7-form-control wpcf7-checkbox wpcf7-validates-as-required\"><span class=\"wpcf7-list-item first\"><label><input type=\"checkbox\" name=\"foglalkozas[]\" value=\"Matek j\u00e1t\u00e9kosan \u2013 egy\u00e9ni utas\" \/><span class=\"wpcf7-list-item-label\">Matek j\u00e1t\u00e9kosan \u2013 egy\u00e9ni utas<\/span><\/label><\/span><span class=\"wpcf7-list-item\"><label><input type=\"checkbox\" name=\"foglalkozas[]\" value=\"Matek j\u00e1t\u00e9kosan \u2013 csoportos\" \/><span class=\"wpcf7-list-item-label\">Matek j\u00e1t\u00e9kosan \u2013 csoportos<\/span><\/label><\/span><span class=\"wpcf7-list-item\"><label><input type=\"checkbox\" name=\"foglalkozas[]\" value=\"A Te Matekod \u2013 egy\u00e9ni\" \/><span class=\"wpcf7-list-item-label\">A Te Matekod \u2013 egy\u00e9ni<\/span><\/label><\/span><span class=\"wpcf7-list-item\"><label><input type=\"checkbox\" name=\"foglalkozas[]\" value=\"A Te Matekod \u2013 egy\u00e9ni utas\" \/><span class=\"wpcf7-list-item-label\">A Te Matekod \u2013 egy\u00e9ni utas<\/span><\/label><\/span><span class=\"wpcf7-list-item\"><label><input type=\"checkbox\" name=\"foglalkozas[]\" value=\"Olvasd \u2013 \u00c9rtsd \u2013 J\u00e1tszd! \u2013 sz\u00f6veg\u00e9rt\u00e9s dr\u00e1mapedag\u00f3giai eszk\u00f6z\u00f6kkel\" \/><span class=\"wpcf7-list-item-label\">Olvasd \u2013 \u00c9rtsd \u2013 J\u00e1tszd! \u2013 sz\u00f6veg\u00e9rt\u00e9s dr\u00e1mapedag\u00f3giai eszk\u00f6z\u00f6kkel<\/span><\/label><\/span><span class=\"wpcf7-list-item\"><label><input type=\"checkbox\" name=\"foglalkozas[]\" value=\"Sz\u00f6veg\u00e9rt\u00e9s fejleszt\u00e9s \u2013 egy\u00e9ni\" \/><span class=\"wpcf7-list-item-label\">Sz\u00f6veg\u00e9rt\u00e9s fejleszt\u00e9s \u2013 egy\u00e9ni<\/span><\/label><\/span><span class=\"wpcf7-list-item\"><label><input type=\"checkbox\" name=\"foglalkozas[]\" value=\"Sz\u00f6veg\u00e9rt\u00e9s fejleszt\u00e9s \u2013 egy\u00e9ni utas\" \/><span class=\"wpcf7-list-item-label\">Sz\u00f6veg\u00e9rt\u00e9s fejleszt\u00e9s \u2013 egy\u00e9ni utas<\/span><\/label><\/span><span class=\"wpcf7-list-item\"><label><input type=\"checkbox\" name=\"foglalkozas[]\" value=\"A Kreat\u00edv \u00c9n - Kreat\u00edv \u00f6nismereti tr\u00e9ning\" \/><span class=\"wpcf7-list-item-label\">A Kreat\u00edv \u00c9n - Kreat\u00edv \u00f6nismereti tr\u00e9ning<\/span><\/label><\/span><span class=\"wpcf7-list-item\"><label><input type=\"checkbox\" name=\"foglalkozas[]\" value=\"Kreativit\u00e1sfejleszt\u00e9s \u2013 csoportos\" \/><span class=\"wpcf7-list-item-label\">Kreativit\u00e1sfejleszt\u00e9s \u2013 csoportos<\/span><\/label><\/span><span class=\"wpcf7-list-item\"><label><input type=\"checkbox\" name=\"foglalkozas[]\" value=\"Kreativit\u00e1sfejleszt\u00e9s \u2013 egy\u00e9ni\" \/><span class=\"wpcf7-list-item-label\">Kreativit\u00e1sfejleszt\u00e9s \u2013 egy\u00e9ni<\/span><\/label><\/span><span class=\"wpcf7-list-item\"><label><input type=\"checkbox\" name=\"foglalkozas[]\" value=\"Nagyszer\u0171 tanul\u00e1si \u00e9lm\u00e9ny \u2013 Tanul\u00e1sm\u00f3dszertani foglalkoz\u00e1s gyerek-sz\u00fcl\u0151 p\u00e1roknak\" \/><span class=\"wpcf7-list-item-label\">A great learning experience \u2013 Learning methodology workshop for parent-child pairs<\/span><\/label><\/span><span class=\"wpcf7-list-item\"><label><input type=\"checkbox\" name=\"foglalkozas[]\" value=\"Tanulni tanulni \u2013 Hat\u00e9kony tanul\u00e1si strat\u00e9gi\u00e1k\" \/><span class=\"wpcf7-list-item-label\">Tanulni tanulni \u2013 Hat\u00e9kony tanul\u00e1si strat\u00e9gi\u00e1k<\/span><\/label><\/span><span class=\"wpcf7-list-item\"><label><input type=\"checkbox\" name=\"foglalkozas[]\" value=\"Tanul\u00e1s t\u00e1mogat\u00e1sa coachinggal\" \/><span class=\"wpcf7-list-item-label\">Supporting learning with coaching<\/span><\/label><\/span><span class=\"wpcf7-list-item last\"><label><input type=\"checkbox\" name=\"foglalkozas[]\" value=\"P\u00e1lyaorient\u00e1ci\u00f3s seg\u00edts\u00e9gny\u00fajt\u00e1s\" \/><span class=\"wpcf7-list-item-label\">Career guidance assistance<\/span><\/label><\/span><\/span><\/span>\n<\/p>\n<p><label> Megjegyz\u00e9s:<br \/>\n<span class=\"wpcf7-form-control-wrap\" data-name=\"megjegyzes\"><textarea cols=\"40\" rows=\"10\" maxlength=\"2000\" class=\"wpcf7-form-control wpcf7-textarea\" aria-invalid=\"false\" name=\"megjegyzes\"><\/textarea><\/span> <\/label>\n<\/p>\n<p>A jelentkez\u00e9s bek\u00fcld\u00e9s\u00e9vel v\u00e1s\u00e1rl\u00e1s t\u00f6rt\u00e9nik, amir\u0151l \u00e1tutal\u00e1sos sz\u00e1ml\u00e1t fogunk ki\u00e1ll\u00edtani neked. A sz\u00e1ml\u00e1t a megadott e-mail c\u00edmedre k\u00fcldj\u00fck el. Az \u00f6sszeg be\u00e9rkez\u00e9se ut\u00e1n felvessz\u00fck veled a kapcsolatot a tov\u00e1bbi egyeztet\u00e9sek v\u00e9gett.\n<\/p>\n<p class=\"mv2rem\"><span class=\"wpcf7-form-control-wrap\" data-name=\"accept_privacy_policy\"><span class=\"wpcf7-form-control wpcf7-acceptance\"><span class=\"wpcf7-list-item\"><label><input type=\"checkbox\" name=\"accept_privacy_policy\" value=\"1\" class=\"mv2rem\" aria-invalid=\"false\" \/><span class=\"wpcf7-list-item-label\">A jelentkez\u00e9s bek\u00fcld\u00e9s\u00e9vel elfogadom az <a href=\"\/wp-content\/uploads\/2024\/04\/Adatvedelmi-Tajekoztato_KTOA_Honlap.pdf\" style=\"text-decoration: underline\" target=\"_blank\" >Adatv\u00e9delmi t\u00e1j\u00e9koztat\u00f3t.<\/a>*<\/span><\/span><\/label><\/span><\/span><\/span>\n<\/p>\n<p><span class=\"wpcf7-form-control-wrap\" data-name=\"subscribe-newsletters\"><span class=\"wpcf7-form-control wpcf7-checkbox\"><span class=\"wpcf7-list-item first last\"><label><input type=\"checkbox\" name=\"subscribe-newsletters[]\" value=\"Feliratkozom a Kreat\u00edv Tanul\u00e1s \u00e9s Oktat\u00e1s Alap\u00edtv\u00e1ny h\u00edrlevel\u00e9re\" \/><span class=\"wpcf7-list-item-label\">Feliratkozom a Kreat\u00edv Tanul\u00e1s \u00e9s Oktat\u00e1s Alap\u00edtv\u00e1ny h\u00edrlevel\u00e9re<\/span><\/label><\/span><\/span><\/span>\n<\/p>\n<div class=\"pebble pebble-shape-04 has-text-content keep-aspect-ratio\" style=\"width: 9em;margin: 0em auto 0em auto!important;padding: 0em 0em 0em 0em;--double-top: -8%;--double-left: -2%;--text-top: -0.5em;--text-left: 0em;--double-size: 100%;--double-opacity: 0;--double-blend-mode: normal;--shapes-top: 0%;--shapes-left: 0%;--shapes-rotate: 0deg;--image-margin: 0em 0em 0em 0em;\" data-aspect-ratio=\"171\/77\">\n\t<p><span class=\"pebble-contents\"><\/span>\n\t<\/p>\n\t<h2 class=\"pebble-text has-small-font-size has-text-align-center\" style=\"font-weight:default;\"><br \/>\n<input class=\"wpcf7-form-control wpcf7-submit has-spinner button\" type=\"submit\" value=\"K\u00dcLD\u00c9S\" \/>\n\t<\/h2>\n<\/div><div class=\"wpcf7-response-output\" aria-hidden=\"true\"><\/div>\n<input type=\"hidden\" name=\"trp-form-language\" value=\"en\"\/><\/form>\n<\/div>\n<\/div>\n<\/div>\n\n\n\n<p><\/p>","protected":false},"excerpt":{"rendered":"<p>Regisztr\u00e1ci\u00f3 d\u00edjmentes 30 perces telefonos konzult\u00e1ci\u00f3ra<\/p>","protected":false},"author":1,"featured_media":0,"parent":6756,"menu_order":0,"comment_status":"closed","ping_status":"closed","template":"page-without-menu","meta":{"_acf_changed":false,"inline_featured_image":false,"footnotes":""},"class_list":["post-6889","page","type-page","status-publish","hentry"],"acf":[],"yoast_head":"<!-- This site is optimized with the Yoast SEO plugin v27.4 - https:\/\/yoast.com\/product\/yoast-seo-wordpress\/ -->\n<title>Kreat\u00edv T\u00e9r Tanul\u00e1sk\u00f6zpont \u2013 regisztr\u00e1ci\u00f3 - Kreativ Tanul\u00e1s \u00e9s Oktat\u00e1s Alap\u00edtvany - KTOA<\/title>\n<meta name=\"robots\" content=\"index, follow, max-snippet:-1, max-image-preview:large, max-video-preview:-1\" \/>\n<link rel=\"canonical\" href=\"https:\/\/kreativtanulasesoktatas.hu\/en\/kreativ-ter-tanulaskozpont\/regisztracio\/\" \/>\n<meta property=\"og:locale\" content=\"en_GB\" \/>\n<meta property=\"og:type\" content=\"article\" \/>\n<meta property=\"og:title\" content=\"Kreat\u00edv T\u00e9r Tanul\u00e1sk\u00f6zpont \u2013 regisztr\u00e1ci\u00f3 - Kreativ Tanul\u00e1s \u00e9s Oktat\u00e1s Alap\u00edtvany - KTOA\" \/>\n<meta property=\"og:description\" content=\"Regisztr\u00e1ci\u00f3 d\u00edjmentes 30 perces telefonos konzult\u00e1ci\u00f3ra\" \/>\n<meta property=\"og:url\" content=\"https:\/\/kreativtanulasesoktatas.hu\/en\/kreativ-ter-tanulaskozpont\/regisztracio\/\" \/>\n<meta property=\"og:site_name\" content=\"Kreativ Tanul\u00e1s \u00e9s Oktat\u00e1s Alap\u00edtvany - KTOA\" \/>\n<meta property=\"article:modified_time\" content=\"2025-10-16T15:35:49+00:00\" \/>\n<meta name=\"twitter:card\" content=\"summary_large_image\" \/>\n<meta name=\"twitter:label1\" content=\"Estimated reading time\" \/>\n\t<meta name=\"twitter:data1\" content=\"1 minute\" \/>\n<script type=\"application\/ld+json\" class=\"yoast-schema-graph\">{\"@context\":\"https:\\\/\\\/schema.org\",\"@graph\":[{\"@type\":\"WebPage\",\"@id\":\"https:\\\/\\\/kreativtanulasesoktatas.hu\\\/kreativ-ter-tanulaskozpont\\\/regisztracio\\\/\",\"url\":\"https:\\\/\\\/kreativtanulasesoktatas.hu\\\/kreativ-ter-tanulaskozpont\\\/regisztracio\\\/\",\"name\":\"Kreat\u00edv T\u00e9r Tanul\u00e1sk\u00f6zpont \u2013 regisztr\u00e1ci\u00f3 - Kreativ Tanul\u00e1s \u00e9s Oktat\u00e1s Alap\u00edtvany - KTOA\",\"isPartOf\":{\"@id\":\"https:\\\/\\\/kreativtanulasesoktatas.hu\\\/#website\"},\"datePublished\":\"2025-09-12T20:19:41+00:00\",\"dateModified\":\"2025-10-16T15:35:49+00:00\",\"breadcrumb\":{\"@id\":\"https:\\\/\\\/kreativtanulasesoktatas.hu\\\/kreativ-ter-tanulaskozpont\\\/regisztracio\\\/#breadcrumb\"},\"inLanguage\":\"en-GB\",\"potentialAction\":[{\"@type\":\"ReadAction\",\"target\":[\"https:\\\/\\\/kreativtanulasesoktatas.hu\\\/kreativ-ter-tanulaskozpont\\\/regisztracio\\\/\"]}]},{\"@type\":\"BreadcrumbList\",\"@id\":\"https:\\\/\\\/kreativtanulasesoktatas.hu\\\/kreativ-ter-tanulaskozpont\\\/regisztracio\\\/#breadcrumb\",\"itemListElement\":[{\"@type\":\"ListItem\",\"position\":1,\"name\":\"Home\",\"item\":\"https:\\\/\\\/kreativtanulasesoktatas.hu\\\/\"},{\"@type\":\"ListItem\",\"position\":2,\"name\":\"Kreat\u00edv T\u00e9r Tanul\u00e1sk\u00f6zpont\",\"item\":\"https:\\\/\\\/kreativtanulasesoktatas.hu\\\/kreativ-ter-tanulaskozpont\\\/\"},{\"@type\":\"ListItem\",\"position\":3,\"name\":\"Kreat\u00edv T\u00e9r Tanul\u00e1sk\u00f6zpont \u2013 regisztr\u00e1ci\u00f3\"}]},{\"@type\":\"WebSite\",\"@id\":\"https:\\\/\\\/kreativtanulasesoktatas.hu\\\/#website\",\"url\":\"https:\\\/\\\/kreativtanulasesoktatas.hu\\\/\",\"name\":\"Kreativ Tanul\u00e1s \u00e9s Oktat\u00e1s Alap\u00edtvany - KTOA\",\"description\":\"Oktat\u00e1s fejleszt\u00e9s \u00e9s innov\u00e1ci\u00f3 az iskol\u00e1kban\",\"publisher\":{\"@id\":\"https:\\\/\\\/kreativtanulasesoktatas.hu\\\/#organization\"},\"potentialAction\":[{\"@type\":\"SearchAction\",\"target\":{\"@type\":\"EntryPoint\",\"urlTemplate\":\"https:\\\/\\\/kreativtanulasesoktatas.hu\\\/?s={search_term_string}\"},\"query-input\":{\"@type\":\"PropertyValueSpecification\",\"valueRequired\":true,\"valueName\":\"search_term_string\"}}],\"inLanguage\":\"en-GB\"},{\"@type\":\"Organization\",\"@id\":\"https:\\\/\\\/kreativtanulasesoktatas.hu\\\/#organization\",\"name\":\"Kreativ Tanul\u00e1s \u00e9s Oktat\u00e1s Alap\u00edtvany - KTOA\",\"url\":\"https:\\\/\\\/kreativtanulasesoktatas.hu\\\/\",\"logo\":{\"@type\":\"ImageObject\",\"inLanguage\":\"en-GB\",\"@id\":\"https:\\\/\\\/kreativtanulasesoktatas.hu\\\/#\\\/schema\\\/logo\\\/image\\\/\",\"url\":\"https:\\\/\\\/kreativtanulasesoktatas.hu\\\/wp-content\\\/uploads\\\/2022\\\/07\\\/logo.svg\",\"contentUrl\":\"https:\\\/\\\/kreativtanulasesoktatas.hu\\\/wp-content\\\/uploads\\\/2022\\\/07\\\/logo.svg\",\"width\":315,\"height\":174,\"caption\":\"Kreativ Tanul\u00e1s \u00e9s Oktat\u00e1s Alap\u00edtvany - KTOA\"},\"image\":{\"@id\":\"https:\\\/\\\/kreativtanulasesoktatas.hu\\\/#\\\/schema\\\/logo\\\/image\\\/\"}}]}<\/script>\n<!-- \/ Yoast SEO plugin. -->","yoast_head_json":{"title":"Kreat\u00edv T\u00e9r Tanul\u00e1sk\u00f6zpont \u2013 regisztr\u00e1ci\u00f3 - Kreativ Tanul\u00e1s \u00e9s Oktat\u00e1s Alap\u00edtvany - KTOA","robots":{"index":"index","follow":"follow","max-snippet":"max-snippet:-1","max-image-preview":"max-image-preview:large","max-video-preview":"max-video-preview:-1"},"canonical":"https:\/\/kreativtanulasesoktatas.hu\/en\/kreativ-ter-tanulaskozpont\/regisztracio\/","og_locale":"en_GB","og_type":"article","og_title":"Kreat\u00edv T\u00e9r Tanul\u00e1sk\u00f6zpont \u2013 regisztr\u00e1ci\u00f3 - Kreativ Tanul\u00e1s \u00e9s Oktat\u00e1s Alap\u00edtvany - KTOA","og_description":"Regisztr\u00e1ci\u00f3 d\u00edjmentes 30 perces telefonos konzult\u00e1ci\u00f3ra","og_url":"https:\/\/kreativtanulasesoktatas.hu\/en\/kreativ-ter-tanulaskozpont\/regisztracio\/","og_site_name":"Kreativ Tanul\u00e1s \u00e9s Oktat\u00e1s Alap\u00edtvany - KTOA","article_modified_time":"2025-10-16T15:35:49+00:00","twitter_card":"summary_large_image","twitter_misc":{"Estimated reading time":"1 minute"},"schema":{"@context":"https:\/\/schema.org","@graph":[{"@type":"WebPage","@id":"https:\/\/kreativtanulasesoktatas.hu\/kreativ-ter-tanulaskozpont\/regisztracio\/","url":"https:\/\/kreativtanulasesoktatas.hu\/kreativ-ter-tanulaskozpont\/regisztracio\/","name":"Kreat\u00edv T\u00e9r Tanul\u00e1sk\u00f6zpont \u2013 regisztr\u00e1ci\u00f3 - Kreativ Tanul\u00e1s \u00e9s Oktat\u00e1s Alap\u00edtvany - KTOA","isPartOf":{"@id":"https:\/\/kreativtanulasesoktatas.hu\/#website"},"datePublished":"2025-09-12T20:19:41+00:00","dateModified":"2025-10-16T15:35:49+00:00","breadcrumb":{"@id":"https:\/\/kreativtanulasesoktatas.hu\/kreativ-ter-tanulaskozpont\/regisztracio\/#breadcrumb"},"inLanguage":"en-GB","potentialAction":[{"@type":"ReadAction","target":["https:\/\/kreativtanulasesoktatas.hu\/kreativ-ter-tanulaskozpont\/regisztracio\/"]}]},{"@type":"BreadcrumbList","@id":"https:\/\/kreativtanulasesoktatas.hu\/kreativ-ter-tanulaskozpont\/regisztracio\/#breadcrumb","itemListElement":[{"@type":"ListItem","position":1,"name":"Home","item":"https:\/\/kreativtanulasesoktatas.hu\/"},{"@type":"ListItem","position":2,"name":"Kreat\u00edv T\u00e9r Tanul\u00e1sk\u00f6zpont","item":"https:\/\/kreativtanulasesoktatas.hu\/kreativ-ter-tanulaskozpont\/"},{"@type":"ListItem","position":3,"name":"Kreat\u00edv T\u00e9r Tanul\u00e1sk\u00f6zpont \u2013 regisztr\u00e1ci\u00f3"}]},{"@type":"WebSite","@id":"https:\/\/kreativtanulasesoktatas.hu\/#website","url":"https:\/\/kreativtanulasesoktatas.hu\/","name":"Kreativ Tanul\u00e1s \u00e9s Oktat\u00e1s Alap\u00edtvany - KTOA","description":"Oktat\u00e1s fejleszt\u00e9s \u00e9s innov\u00e1ci\u00f3 az iskol\u00e1kban","publisher":{"@id":"https:\/\/kreativtanulasesoktatas.hu\/#organization"},"potentialAction":[{"@type":"SearchAction","target":{"@type":"EntryPoint","urlTemplate":"https:\/\/kreativtanulasesoktatas.hu\/?s={search_term_string}"},"query-input":{"@type":"PropertyValueSpecification","valueRequired":true,"valueName":"search_term_string"}}],"inLanguage":"en-GB"},{"@type":"Organization","@id":"https:\/\/kreativtanulasesoktatas.hu\/#organization","name":"Kreativ Tanul\u00e1s \u00e9s Oktat\u00e1s Alap\u00edtvany - KTOA","url":"https:\/\/kreativtanulasesoktatas.hu\/","logo":{"@type":"ImageObject","inLanguage":"en-GB","@id":"https:\/\/kreativtanulasesoktatas.hu\/#\/schema\/logo\/image\/","url":"https:\/\/kreativtanulasesoktatas.hu\/wp-content\/uploads\/2022\/07\/logo.svg","contentUrl":"https:\/\/kreativtanulasesoktatas.hu\/wp-content\/uploads\/2022\/07\/logo.svg","width":315,"height":174,"caption":"Kreativ Tanul\u00e1s \u00e9s Oktat\u00e1s Alap\u00edtvany - KTOA"},"image":{"@id":"https:\/\/kreativtanulasesoktatas.hu\/#\/schema\/logo\/image\/"}}]}},"_links":{"self":[{"href":"https:\/\/kreativtanulasesoktatas.hu\/en\/wp-json\/wp\/v2\/pages\/6889","targetHints":{"allow":["GET"]}}],"collection":[{"href":"https:\/\/kreativtanulasesoktatas.hu\/en\/wp-json\/wp\/v2\/pages"}],"about":[{"href":"https:\/\/kreativtanulasesoktatas.hu\/en\/wp-json\/wp\/v2\/types\/page"}],"author":[{"embeddable":true,"href":"https:\/\/kreativtanulasesoktatas.hu\/en\/wp-json\/wp\/v2\/users\/1"}],"replies":[{"embeddable":true,"href":"https:\/\/kreativtanulasesoktatas.hu\/en\/wp-json\/wp\/v2\/comments?post=6889"}],"version-history":[{"count":4,"href":"https:\/\/kreativtanulasesoktatas.hu\/en\/wp-json\/wp\/v2\/pages\/6889\/revisions"}],"predecessor-version":[{"id":7416,"href":"https:\/\/kreativtanulasesoktatas.hu\/en\/wp-json\/wp\/v2\/pages\/6889\/revisions\/7416"}],"up":[{"embeddable":true,"href":"https:\/\/kreativtanulasesoktatas.hu\/en\/wp-json\/wp\/v2\/pages\/6756"}],"wp:attachment":[{"href":"https:\/\/kreativtanulasesoktatas.hu\/en\/wp-json\/wp\/v2\/media?parent=6889"}],"curies":[{"name":"wp","href":"https:\/\/api.w.org\/{rel}","templated":true}]}}