{"id":755,"date":"2022-08-17T18:11:35","date_gmt":"2022-08-17T18:11:35","guid":{"rendered":"https:\/\/kreativtanulasesoktatas.hu\/?page_id=755"},"modified":"2022-11-23T19:19:01","modified_gmt":"2022-11-23T19:19:01","slug":"modszertan","status":"publish","type":"page","link":"https:\/\/kreativtanulasesoktatas.hu\/en\/modszertan\/","title":{"rendered":"M\u00f3dszertan"},"content":{"rendered":"<div class=\"wp-block-columns is-style-wide-width-120 is-layout-flex wp-container-core-columns-is-layout-28f84493 wp-block-columns-is-layout-flex\">\n<div class=\"wp-block-column is-layout-flow wp-block-column-is-layout-flow\"><div class=\"pebble pebble-index-1 pebble-shape-02 layout-text-above has-text-content keep-aspect-ratio\" style=\"width: 125%;margin: 0em 0em 0em -25%;padding: 0em 0em 0em 0em;--background-color: #0071ae;--double-top: 8%;--double-left: -2%;--text-top: 0em;--text-left: 1em;--double-size: 100%;--double-opacity: 0.5;--double-blend-mode: normal;--shapes-top: 0%;--shapes-left: 0%;--shapes-rotate: 0deg;--image-margin: 0em 0em 0em 0em;\" data-aspect-ratio=\"626\/235\"><span class=\"pebble-contents\"><h2 class=\"pebble-text has-text-align-center\" style=\"font-weight:default;\">M\u00f3dszertan<\/h2><\/span><\/div><\/div>\n\n\n\n<div class=\"wp-block-column is-layout-flow wp-block-column-is-layout-flow\"><div class=\"pebble pebble-index-2 pebble-shape-20 layout-text-above has-image-content keep-aspect-ratio\" style=\"width: 58%;margin: 0em auto 0em auto;padding: 0em 0em 0em 0em;--double-top: -4%;--double-left: -2%;--text-top: 0em;--text-left: 0em;--double-size: 105%;--double-opacity: 1;--double-blend-mode: multiply;--shapes-top: 0%;--shapes-left: 0%;--shapes-rotate: 0deg;--image-margin: 0em 0em 0em 0em;\" data-aspect-ratio=\"431\/617\"><span class=\"pebble-contents\"><img loading=\"lazy\" decoding=\"async\" width=\"366\" height=\"650\" src=\"https:\/\/kreativtanulasesoktatas.hu\/wp-content\/uploads\/2022\/07\/26-366x650.jpg\" class=\"pebble-image\" alt=\"\" style=\"object-fit: cover\" srcset=\"https:\/\/kreativtanulasesoktatas.hu\/wp-content\/uploads\/2022\/07\/26-366x650.jpg 366w, https:\/\/kreativtanulasesoktatas.hu\/wp-content\/uploads\/2022\/07\/26-576x1024.jpg 576w, https:\/\/kreativtanulasesoktatas.hu\/wp-content\/uploads\/2022\/07\/26-169x300.jpg 169w, https:\/\/kreativtanulasesoktatas.hu\/wp-content\/uploads\/2022\/07\/26.jpg 717w\" sizes=\"auto, (max-width: 366px) 100vw, 366px\" \/><h2 class=\"pebble-text has-text-align-center\" style=\"font-weight:default;\"><\/h2><\/span><\/div><\/div>\n<\/div>\n\n\n\n<div style=\"height:10px\" aria-hidden=\"true\" class=\"wp-block-spacer\"><\/div>\n\n\n<div class=\"pebble pebble-index-3 pebble-shape-01 layout-text-above is-background keep-aspect-ratio is-empty\" style=\"width: 75%;right: -25%;margin: 0em auto 0em auto!important;padding: 0em 0em 0em 0em;--double-top: 8%;--double-left: -2%;--text-top: 0em;--text-left: 0em;--double-size: 100%;--double-opacity: 0.5;--double-blend-mode: multiply;--shapes-top: 0%;--shapes-left: 0%;--shapes-rotate: 0deg;--image-margin: 0em 0em 0em 0em;\" data-aspect-ratio=\"650\/670\"><span class=\"pebble-contents\"><svg version=\"1.1\" xmlns=\"http:\/\/www.w3.org\/2000\/svg\"  viewbox=\"0 0 650 670\"  height=\"670\"  width=\"650\"  style=\"\" ><path fill=\"rgba(254, 223, 0, 1)\" transform=\"\" d=\"M376.006,626.941c0,0,158.218,115.604,232.513-30.794c74.296-146.396,52.698-402.992-85.67-474.222 C384.482,50.695,171.967-67.243,90.812,48.938C9.657,165.121-43.622,328.74,48.478,400.699 C140.577,472.658,244.498,585.925,376.006,626.941\"\/><\/svg><h2 class=\"pebble-text has-text-align-center\" style=\"font-weight:default;\"><\/h2><\/span><\/div>\n\n\n<div class=\"wp-block-group is-layout-flow wp-block-group-is-layout-flow\" style=\"padding-left:3.5em\">\n<p>A Kreat\u00edv Tanul\u00e1s \u00e9s Oktat\u00e1s alap\u00edtv\u00e1ny k\u00f6z\u00e9ppontj\u00e1ban a kreat\u00edv szakemberek \u00e9s iskol\u00e1k k\u00f6z\u00f6tti hossz\u00fa t\u00e1v\u00fa kapcsolat \u00e1ll. A k\u00fcl\u00f6nf\u00e9le m\u0171v\u00e9szeti) ter\u00fcletekr\u0151l \u00e9rkez\u0151 szakemberek seg\u00edts\u00e9g\u00e9vel a di\u00e1kok m\u00e1s t\u00edpus\u00fa tud\u00e1st \u00e9s k\u00e9pess\u00e9geket saj\u00e1t\u00edtanak el. A m\u0171v\u00e9szek \u00fajszer\u0171 elv\u00e1r\u00e1sokat fogalmaznak meg, ami egy\u00e9rtelm\u0171en kih\u00edv\u00e1st jelent a di\u00e1kok sz\u00e1m\u00e1ra. De nemcsak a gyerekek tanulnak \u00e9s z\u00f6kkennek ki a napi rutinb\u00f3l az ilyen t\u00edpus\u00fa tanul\u00e1si folyamat sor\u00e1n, hanem az iskol\u00e1k is.<\/p>\n<\/div>\n\n\n\n<div style=\"height:50px\" aria-hidden=\"true\" class=\"wp-block-spacer\"><\/div>\n\n\n\n<div class=\"wp-block-columns are-vertically-aligned-center is-layout-flex wp-container-core-columns-is-layout-28f84493 wp-block-columns-is-layout-flex\">\n<div class=\"wp-block-column is-vertically-aligned-center is-layout-flow wp-block-column-is-layout-flow\" style=\"flex-basis:66.66%\">\n<h2 class=\"has-primary-color has-text-color wp-block-heading\">Nemzetk\u00f6zi tapasztalat<\/h2>\n<\/div>\n\n\n\n<div class=\"wp-block-column is-vertically-aligned-center is-layout-flow wp-block-column-is-layout-flow\" style=\"flex-basis:33.33%\"><div class=\"pebble pebble-index-4 pebble-shape-21 layout-text-above has-image-content keep-aspect-ratio\" style=\"width: 80%;margin: 0em auto 0em auto;padding: 0em 0em 0em 0em;--double-top: -2%;--double-left: -4%;--text-top: 0em;--text-left: 0em;--double-size: 106%;--double-opacity: 1;--double-blend-mode: multiply;--shapes-top: 0%;--shapes-left: 0%;--shapes-rotate: 0deg;--image-margin: 0em 0em 0em 0em;\" data-aspect-ratio=\"427\/407\"><span class=\"pebble-contents\"><img loading=\"lazy\" decoding=\"async\" width=\"487\" height=\"650\" src=\"https:\/\/kreativtanulasesoktatas.hu\/wp-content\/uploads\/2022\/07\/27-487x650.jpg\" class=\"pebble-image\" alt=\"\" style=\"object-fit: cover\" srcset=\"https:\/\/kreativtanulasesoktatas.hu\/wp-content\/uploads\/2022\/07\/27-487x650.jpg 487w, https:\/\/kreativtanulasesoktatas.hu\/wp-content\/uploads\/2022\/07\/27-768x1024.jpg 768w, https:\/\/kreativtanulasesoktatas.hu\/wp-content\/uploads\/2022\/07\/27-225x300.jpg 225w, https:\/\/kreativtanulasesoktatas.hu\/wp-content\/uploads\/2022\/07\/27.jpg 956w\" sizes=\"auto, (max-width: 487px) 100vw, 487px\" \/><h2 class=\"pebble-text has-text-align-center\" style=\"font-weight:default;\"><\/h2><\/span><\/div><\/div>\n<\/div>\n\n\n\n<div class=\"wp-block-group is-layout-flow wp-block-group-is-layout-flow\" style=\"padding-left:3.5em\">\n<p>2002 \u00e9s 2011 k\u00f6z\u00f6tt csak Nagy-Britanni\u00e1ban t\u00f6bb mint 1 milli\u00f3 di\u00e1k \u00e9s 90 000 tan\u00e1r vett r\u00e9szt a programban, amely 8000 sikeres projektet eredm\u00e9nyezett t\u00f6bb mint 5000 oktat\u00e1si int\u00e9zm\u00e9nyben. A Nagy-Britanni\u00e1ban \u00e9szlelhet\u0151 sikerek ut\u00e1n jelenleg t\u00f6bb orsz\u00e1gban is alkalmazz\u00e1k a m\u00f3dszert. Norv\u00e9gia, Pakiszt\u00e1n \u00e9s N\u00e9metorsz\u00e1g k\u00eds\u00e9rleti projektjei mellett Litv\u00e1ni\u00e1ban ma m\u00e1r az orsz\u00e1gos oktat\u00e1si fejleszt\u00e9sek r\u00e9sz\u00e9t k\u00e9pezi a program.<\/p>\n<\/div>\n\n\n\n<div style=\"height:50px\" aria-hidden=\"true\" class=\"wp-block-spacer\"><\/div>\n\n\n\n<h2 class=\"has-primary-color has-text-color wp-block-heading\">A KREAT\u00cdV SZAKEMBEREK M\u00d3DSZEREI<\/h2>\n\n\n\n<div style=\"height:50px\" aria-hidden=\"true\" class=\"wp-block-spacer\"><\/div>\n\n\n\n<div class=\"wp-block-group is-layout-flow wp-block-group-is-layout-flow\" style=\"padding-left:2em\">\n<ul class=\"wp-block-list\">\n<li>K\u00fcl\u00f6nb\u00f6z\u0151 t\u00e1rgyak haszn\u00e1lata \u2013 mindennapi, szem\u00e9lyes t\u00e1rgyak haszn\u00e1lata, bemutat\u00e1sa (\u00fagy, hogy azok k\u00fcl\u00f6nleges figyelmet<\/li>\n\n\n\n<li>kapnak); \u00faj, speci\u00e1lis haszn\u00e1lati t\u00e1rgyak l\u00e9trehoz\u00e1sa.<\/li>\n\n\n\n<li>T\u00e9rhaszn\u00e1lat \u2013 a tradicion\u00e1lis oszt\u00e1lytermi k\u00f6zeg meghalad\u00e1sa, m\u0171termek, helyi k\u00f6z\u00f6ss\u00e9gek, helyi terek \u00e9s a k\u00f6zterek k\u00fcl\u00f6nf\u00e9le haszn\u00e1lata.<\/li>\n\n\n\n<li>Hajland\u00f3s\u00e1g a sokoldal\u00fa munk\u00e1ra \u2013 eg\u00e9sz iskol\u00e1t bevon\u00f3 v\u00edzi\u00f3, esem\u00e9nyek, amb\u00edci\u00f3zus programok.<\/li>\n\n\n\n<li>Esem\u00e9nyek szervez\u00e9se \u2013 performanszok, ki\u00e1ll\u00edt\u00e1sok, speci\u00e1lis esem\u00e9nyek, \u00fcnnepl\u00e9sek, elismer\u00e9sek.<\/li>\n\n\n\n<li>\u201eA mi t\u00f6rt\u00e9net\u00fcnk\u201d \u2013 \u00e9rdekl\u0151d\u00e9s a helyi t\u00f6rt\u00e9netek ir\u00e1nt, a tud\u00e1s forr\u00e1sa otthon \u00e9s az iskol\u00e1kban, ford\u00edt\u00e1s, \u00fajragondol\u00e1s (esem\u00e9nyek, t\u00f6rt\u00e9netek, karakterek).<\/li>\n\n\n\n<li>\u00c9n mint a tanul\u00e1s forr\u00e1sa \u2013 a kreat\u00edv szakemberek megosztj\u00e1k t\u00f6rt\u00e9neteiket (KSZ-identit\u00e1s \u00e9s saj\u00e1t gyakorlataik).<\/li>\n\n\n\n<li>Ruh\u00e1zat \u2013 a m\u0171v\u00e9szek ink\u00e1bb inform\u00e1lisan \u00f6lt\u00f6zk\u00f6dnek, speci\u00e1lis ruh\u00e1zat, karakter-ruh\u00e1zat (dr\u00e1ma).<\/li>\n\n\n\n<li>Testhaszn\u00e1lat \u2013 t\u00f6bb mozg\u00e1s, \u00e9rtelmez\u0151 testhaszn\u00e1lat; a fizikai k\u00e9pess\u00e9gek fejleszt\u00e9se \u00e9s a t\u00f6bbi testtel val\u00f3 kooper\u00e1ci\u00f3.<\/li>\n\n\n\n<li>Oszt\u00e1lytermi besz\u00e9lget\u00e9s \u2013 oszt\u00e1lytermi besz\u00e9lget\u00e9sek t\u00f6bb t\u00edpusa, ami elt\u00e9r a hagyom\u00e1nyos tan\u00e1r-di\u00e1k p\u00e1rbesz\u00e9dt\u0151l, pl. m\u00e1s a hangnem, a st\u00edlus (szem\u00e9lyes, anekdot\u00e1z\u00f3). A KSZ-ek nem felt\u00e9tlen\u00fcl neveznek meg tanul\u00e1si kimeneteket, sokkal ink\u00e1bb a \u201edolog \u00e9rtelmez\u00e9se\u201d a l\u00e9nyeg sz\u00e1mukra.<\/li>\n\n\n\n<li>Inkl\u00fazi\u00f3 \u2013 a KSZ-ek \u00fagy gondolj\u00e1k, hogy mindenkinek r\u00e9szt kellene vennie.<\/li>\n\n\n\n<li>Oszt\u00e1ly mint k\u00f6z\u00f6ss\u00e9g \u2013 tan\u00edt\u00e1s az oszt\u00e1lynak, kollekt\u00edv alkot\u00e1s, teljes\u00edtm\u00e9ny \u00e9s megoszt\u00e1s az egy\u00e9ni feladatok \u00e9s verseny helyett.<\/li>\n\n\n\n<li>Viselked\u00e9s-menedzsment \u2013 a di\u00e1kok elk\u00f6telez\u0151d\u00e9s\u00e9re t\u00e1maszkod\u00e1s, a tan\u00e1rokkal m\u00e1s m\u00f3dszerek.<\/li>\n\n\n\n<li>Rutin alkalmaz\u00e1sa<\/li>\n\n\n\n<li>Id\u0151 \u00e9s t\u00e9r \u2013 \u00e9l\u00e9nks\u00e9g, de k\u00f6zben nyugodts\u00e1g.<\/li>\n\n\n\n<li>A kih\u00edv\u00e1s jellege az \u00f3r\u00e1kon \u2013 a KSZ foglalkoz\u00e1sok el\u00e9g nyitottak.<\/li>\n\n\n\n<li>Kih\u00edv\u00e1st jelenthetnek a nehezen el\u00e9rhet\u0151 gyerekek, akik a kem\u00e9ny munka sor\u00e1n m\u00e9gis bevonhat\u00f3kk\u00e1 v\u00e1lnak.<\/li>\n\n\n\n<li>T\u00e1rsadalmi elk\u00f6telez\u0151d\u00e9s ki\u00e9p\u00edt\u00e9se \u2013 az oszt\u00e1lyon bel\u00fcl, de a t\u00e1gabb k\u00f6z\u00f6ss\u00e9gben is, az iskola sz\u00e1m\u00e1ra \u00faj kreat\u00edv kapcsolatok keres\u00e9se.<\/li>\n\n\n\n<li>Abszurd \u00e9s sz\u00fcrre\u00e1lis \u2013 n\u00e9h\u00e1ny KSZ ink\u00e1bb j\u00e1t\u00e9kos, k\u00fcl\u00f6nc, hogy egy picit megzavarja az iskola hagyom\u00e1nyos gondolkod\u00e1sm\u00f3dj\u00e1t \u00e9s bevett gyakorlatait.<\/li>\n<\/ul>\n<\/div>\n\n\n\n<div style=\"height:25px\" aria-hidden=\"true\" class=\"wp-block-spacer\"><\/div>\n\n\n<div class=\"pebble pebble-index-5 pebble-shape-22 layout-text-above has-image-content keep-aspect-ratio\" style=\"width: 50%;margin: 0em auto 0em auto;padding: 0em 0em 0em 0em;--double-top: -6%;--double-left: -3%;--text-top: 0em;--text-left: 0em;--double-size: 108%;--double-opacity: 1;--double-blend-mode: multiply;--shapes-top: 0%;--shapes-left: 0%;--shapes-rotate: 0deg;--image-margin: 0em 0em 0em 0em;\" data-aspect-ratio=\"541\/407\"><span class=\"pebble-contents\"><img loading=\"lazy\" decoding=\"async\" width=\"650\" height=\"487\" src=\"https:\/\/kreativtanulasesoktatas.hu\/wp-content\/uploads\/2022\/07\/28-650x487.jpg\" class=\"pebble-image\" alt=\"\" style=\"object-fit: cover\" srcset=\"https:\/\/kreativtanulasesoktatas.hu\/wp-content\/uploads\/2022\/07\/28-650x487.jpg 650w, https:\/\/kreativtanulasesoktatas.hu\/wp-content\/uploads\/2022\/07\/28-1024x768.jpg 1024w, https:\/\/kreativtanulasesoktatas.hu\/wp-content\/uploads\/2022\/07\/28-300x225.jpg 300w, https:\/\/kreativtanulasesoktatas.hu\/wp-content\/uploads\/2022\/07\/28-768x576.jpg 768w, https:\/\/kreativtanulasesoktatas.hu\/wp-content\/uploads\/2022\/07\/28.jpg 1275w\" sizes=\"auto, (max-width: 650px) 100vw, 650px\" \/><h2 class=\"pebble-text has-text-align-center\" style=\"font-weight:default;\"><\/h2><\/span><\/div>\n\n\n<div class=\"wp-block-group is-layout-constrained wp-block-group-is-layout-constrained\">\n<div style=\"height:100px\" aria-hidden=\"true\" class=\"wp-block-spacer\"><\/div>\n\n\n\n<h2 class=\"has-text-align-center has-primary-color has-text-color wp-block-heading\">Get in touch with us!<\/h2>\n\n\n\n<p class=\"has-text-align-center\">Creativity is not a privilege for artists, but the key to a fuller life for all children and adults<\/p>\n\n\n\n<div class=\"wpcf7 no-js\" id=\"wpcf7-f799-o1\" lang=\"en-US\" dir=\"ltr\" data-wpcf7-id=\"799\">\n<div class=\"screen-reader-response\"><p role=\"status\" aria-live=\"polite\" aria-atomic=\"true\"><\/p> <ul><\/ul><\/div>\n<form action=\"\/en\/wp-json\/wp\/v2\/pages\/755#wpcf7-f799-o1\" method=\"post\" class=\"wpcf7-form init align-center\" aria-label=\"Contact form\" novalidate=\"novalidate\" data-status=\"init\" data-trp-original-action=\"\/en\/wp-json\/wp\/v2\/pages\/755#wpcf7-f799-o1\">\n<fieldset class=\"hidden-fields-container\"><input type=\"hidden\" name=\"_wpcf7\" value=\"799\" \/><input type=\"hidden\" name=\"_wpcf7_version\" value=\"6.1.5\" \/><input type=\"hidden\" name=\"_wpcf7_locale\" value=\"en_US\" \/><input type=\"hidden\" name=\"_wpcf7_unit_tag\" value=\"wpcf7-f799-o1\" \/><input type=\"hidden\" name=\"_wpcf7_container_post\" value=\"0\" \/><input type=\"hidden\" name=\"_wpcf7_posted_data_hash\" value=\"\" \/><input type=\"hidden\" name=\"_wpcf7_recaptcha_response\" value=\"\" \/>\n<\/fieldset>\n<p><label> <span class=\"wpcf7-form-control-wrap\" data-name=\"your-name\"><input size=\"40\" maxlength=\"400\" class=\"wpcf7-form-control wpcf7-text wpcf7-validates-as-required\" aria-required=\"true\" aria-invalid=\"false\" placeholder=\"Name\" value=\"\" type=\"text\" name=\"your-name\" \/><\/span> <\/label>\n<\/p>\n<p><label> <span class=\"wpcf7-form-control-wrap\" data-name=\"your-email\"><input size=\"40\" maxlength=\"400\" class=\"wpcf7-form-control wpcf7-email wpcf7-validates-as-required wpcf7-text wpcf7-validates-as-email\" aria-required=\"true\" aria-invalid=\"false\" placeholder=\"E-MAIL\" value=\"\" type=\"email\" name=\"your-email\" \/><\/span> <\/label>\n<\/p>\n<p><label> <span class=\"wpcf7-form-control-wrap\" data-name=\"your-message\"><textarea cols=\"40\" rows=\"10\" maxlength=\"2000\" class=\"wpcf7-form-control wpcf7-textarea\" aria-invalid=\"false\" placeholder=\"Message\" name=\"your-message\"><\/textarea><\/span> <\/label>\n<\/p>\n<p><span class=\"wpcf7-form-control-wrap\" data-name=\"subscribe-newsletters\"><span class=\"wpcf7-form-control wpcf7-checkbox\"><span class=\"wpcf7-list-item first last\"><label><input type=\"checkbox\" name=\"subscribe-newsletters[]\" value=\"Feliratkozom a Kreat\u00edv Tanul\u00e1s \u00e9s Oktat\u00e1s Alap\u00edtv\u00e1ny h\u00edrlevel\u00e9re\" \/><span class=\"wpcf7-list-item-label\">Feliratkozom a Kreat\u00edv Tanul\u00e1s \u00e9s Oktat\u00e1s Alap\u00edtv\u00e1ny h\u00edrlevel\u00e9re<\/span><\/label><\/span><\/span><\/span>\n<\/p>\n<p class=\"mv2rem\"><span class=\"wpcf7-form-control-wrap\" data-name=\"accept_privacy_policy\"><span class=\"wpcf7-form-control wpcf7-acceptance\"><span class=\"wpcf7-list-item\"><label><input type=\"checkbox\" name=\"accept_privacy_policy\" value=\"1\" class=\"mv2rem\" aria-invalid=\"false\" \/><span class=\"wpcf7-list-item-label\">I accept the <a href=\"\/wp-content\/uploads\/2024\/04\/Adatvedelmi-Tajekoztato_KTOA_Honlap.pdf\" style=\"text-decoration: underline\" target=\"_blank\" >privacy statement<\/a> .<\/span><\/span><\/label><\/span><\/span><\/span>\n<\/p>\n<p><label> <input class=\"wpcf7-form-control wpcf7-submit has-spinner pebble-04\" type=\"submit\" value=\"Send\" \/> <\/label>\n<\/p>\n<style>\n.wpcf7-form.align-center label {\n text-align: left;\n}\n<\/style><div class=\"wpcf7-response-output\" aria-hidden=\"true\"><\/div>\n<input type=\"hidden\" name=\"trp-form-language\" value=\"en\"\/><\/form>\n<\/div>\n\n<\/div>","protected":false},"excerpt":{"rendered":"<p>A Kreat\u00edv Tanul\u00e1s \u00e9s Oktat\u00e1s alap\u00edtv\u00e1ny k\u00f6z\u00e9ppontj\u00e1ban a kreat\u00edv szakemberek \u00e9s iskol\u00e1k k\u00f6z\u00f6tti hossz\u00fa t\u00e1v\u00fa kapcsolat \u00e1ll. A k\u00fcl\u00f6nf\u00e9le m\u0171v\u00e9szeti) ter\u00fcletekr\u0151l \u00e9rkez\u0151 szakemberek seg\u00edts\u00e9g\u00e9vel a di\u00e1kok m\u00e1s t\u00edpus\u00fa tud\u00e1st \u00e9s k\u00e9pess\u00e9geket saj\u00e1t\u00edtanak el. A m\u0171v\u00e9szek \u00fajszer\u0171 elv\u00e1r\u00e1sokat fogalmaznak meg, ami egy\u00e9rtelm\u0171en kih\u00edv\u00e1st jelent a di\u00e1kok sz\u00e1m\u00e1ra. De nemcsak a gyerekek tanulnak \u00e9s z\u00f6kkennek ki a [&hellip;]<\/p>\n","protected":false},"author":1,"featured_media":0,"parent":0,"menu_order":0,"comment_status":"closed","ping_status":"closed","template":"","meta":{"_acf_changed":false,"inline_featured_image":false,"footnotes":""},"class_list":["post-755","page","type-page","status-publish","hentry"],"acf":[],"yoast_head":"<!-- This site is optimized with the Yoast SEO plugin v27.4 - https:\/\/yoast.com\/product\/yoast-seo-wordpress\/ -->\n<title>M\u00f3dszertan - Kreativ Tanul\u00e1s \u00e9s Oktat\u00e1s Alap\u00edtvany - KTOA<\/title>\n<meta name=\"robots\" content=\"index, follow, max-snippet:-1, max-image-preview:large, max-video-preview:-1\" \/>\n<link rel=\"canonical\" href=\"https:\/\/kreativtanulasesoktatas.hu\/en\/modszertan\/\" \/>\n<meta property=\"og:locale\" content=\"en_GB\" \/>\n<meta property=\"og:type\" content=\"article\" \/>\n<meta property=\"og:title\" content=\"M\u00f3dszertan - Kreativ Tanul\u00e1s \u00e9s Oktat\u00e1s Alap\u00edtvany - KTOA\" \/>\n<meta property=\"og:description\" content=\"A Kreat\u00edv Tanul\u00e1s \u00e9s Oktat\u00e1s alap\u00edtv\u00e1ny k\u00f6z\u00e9ppontj\u00e1ban a kreat\u00edv szakemberek \u00e9s iskol\u00e1k k\u00f6z\u00f6tti hossz\u00fa t\u00e1v\u00fa kapcsolat \u00e1ll. A k\u00fcl\u00f6nf\u00e9le m\u0171v\u00e9szeti) ter\u00fcletekr\u0151l \u00e9rkez\u0151 szakemberek seg\u00edts\u00e9g\u00e9vel a di\u00e1kok m\u00e1s t\u00edpus\u00fa tud\u00e1st \u00e9s k\u00e9pess\u00e9geket saj\u00e1t\u00edtanak el. A m\u0171v\u00e9szek \u00fajszer\u0171 elv\u00e1r\u00e1sokat fogalmaznak meg, ami egy\u00e9rtelm\u0171en kih\u00edv\u00e1st jelent a di\u00e1kok sz\u00e1m\u00e1ra. De nemcsak a gyerekek tanulnak \u00e9s z\u00f6kkennek ki a [&hellip;]\" \/>\n<meta property=\"og:url\" content=\"https:\/\/kreativtanulasesoktatas.hu\/en\/modszertan\/\" \/>\n<meta property=\"og:site_name\" content=\"Kreativ Tanul\u00e1s \u00e9s Oktat\u00e1s Alap\u00edtvany - KTOA\" \/>\n<meta property=\"article:modified_time\" content=\"2022-11-23T19:19:01+00:00\" \/>\n<meta name=\"twitter:card\" content=\"summary_large_image\" \/>\n<meta name=\"twitter:label1\" content=\"Estimated reading time\" \/>\n\t<meta name=\"twitter:data1\" content=\"2 minutes\" \/>\n<script type=\"application\/ld+json\" class=\"yoast-schema-graph\">{\"@context\":\"https:\\\/\\\/schema.org\",\"@graph\":[{\"@type\":\"WebPage\",\"@id\":\"https:\\\/\\\/kreativtanulasesoktatas.hu\\\/modszertan\\\/\",\"url\":\"https:\\\/\\\/kreativtanulasesoktatas.hu\\\/modszertan\\\/\",\"name\":\"M\u00f3dszertan - Kreativ Tanul\u00e1s \u00e9s Oktat\u00e1s Alap\u00edtvany - KTOA\",\"isPartOf\":{\"@id\":\"https:\\\/\\\/kreativtanulasesoktatas.hu\\\/#website\"},\"datePublished\":\"2022-08-17T18:11:35+00:00\",\"dateModified\":\"2022-11-23T19:19:01+00:00\",\"breadcrumb\":{\"@id\":\"https:\\\/\\\/kreativtanulasesoktatas.hu\\\/modszertan\\\/#breadcrumb\"},\"inLanguage\":\"en-GB\",\"potentialAction\":[{\"@type\":\"ReadAction\",\"target\":[\"https:\\\/\\\/kreativtanulasesoktatas.hu\\\/modszertan\\\/\"]}]},{\"@type\":\"BreadcrumbList\",\"@id\":\"https:\\\/\\\/kreativtanulasesoktatas.hu\\\/modszertan\\\/#breadcrumb\",\"itemListElement\":[{\"@type\":\"ListItem\",\"position\":1,\"name\":\"Home\",\"item\":\"https:\\\/\\\/kreativtanulasesoktatas.hu\\\/\"},{\"@type\":\"ListItem\",\"position\":2,\"name\":\"M\u00f3dszertan\"}]},{\"@type\":\"WebSite\",\"@id\":\"https:\\\/\\\/kreativtanulasesoktatas.hu\\\/#website\",\"url\":\"https:\\\/\\\/kreativtanulasesoktatas.hu\\\/\",\"name\":\"Kreativ Tanul\u00e1s \u00e9s Oktat\u00e1s Alap\u00edtvany - KTOA\",\"description\":\"Oktat\u00e1s fejleszt\u00e9s \u00e9s innov\u00e1ci\u00f3 az iskol\u00e1kban\",\"publisher\":{\"@id\":\"https:\\\/\\\/kreativtanulasesoktatas.hu\\\/#organization\"},\"potentialAction\":[{\"@type\":\"SearchAction\",\"target\":{\"@type\":\"EntryPoint\",\"urlTemplate\":\"https:\\\/\\\/kreativtanulasesoktatas.hu\\\/?s={search_term_string}\"},\"query-input\":{\"@type\":\"PropertyValueSpecification\",\"valueRequired\":true,\"valueName\":\"search_term_string\"}}],\"inLanguage\":\"en-GB\"},{\"@type\":\"Organization\",\"@id\":\"https:\\\/\\\/kreativtanulasesoktatas.hu\\\/#organization\",\"name\":\"Kreativ Tanul\u00e1s \u00e9s Oktat\u00e1s Alap\u00edtvany - KTOA\",\"url\":\"https:\\\/\\\/kreativtanulasesoktatas.hu\\\/\",\"logo\":{\"@type\":\"ImageObject\",\"inLanguage\":\"en-GB\",\"@id\":\"https:\\\/\\\/kreativtanulasesoktatas.hu\\\/#\\\/schema\\\/logo\\\/image\\\/\",\"url\":\"https:\\\/\\\/kreativtanulasesoktatas.hu\\\/wp-content\\\/uploads\\\/2022\\\/07\\\/logo.svg\",\"contentUrl\":\"https:\\\/\\\/kreativtanulasesoktatas.hu\\\/wp-content\\\/uploads\\\/2022\\\/07\\\/logo.svg\",\"width\":315,\"height\":174,\"caption\":\"Kreativ Tanul\u00e1s \u00e9s Oktat\u00e1s Alap\u00edtvany - KTOA\"},\"image\":{\"@id\":\"https:\\\/\\\/kreativtanulasesoktatas.hu\\\/#\\\/schema\\\/logo\\\/image\\\/\"}}]}<\/script>\n<!-- \/ Yoast SEO plugin. -->","yoast_head_json":{"title":"M\u00f3dszertan - Kreativ Tanul\u00e1s \u00e9s Oktat\u00e1s Alap\u00edtvany - KTOA","robots":{"index":"index","follow":"follow","max-snippet":"max-snippet:-1","max-image-preview":"max-image-preview:large","max-video-preview":"max-video-preview:-1"},"canonical":"https:\/\/kreativtanulasesoktatas.hu\/en\/modszertan\/","og_locale":"en_GB","og_type":"article","og_title":"M\u00f3dszertan - Kreativ Tanul\u00e1s \u00e9s Oktat\u00e1s Alap\u00edtvany - KTOA","og_description":"A Kreat\u00edv Tanul\u00e1s \u00e9s Oktat\u00e1s alap\u00edtv\u00e1ny k\u00f6z\u00e9ppontj\u00e1ban a kreat\u00edv szakemberek \u00e9s iskol\u00e1k k\u00f6z\u00f6tti hossz\u00fa t\u00e1v\u00fa kapcsolat \u00e1ll. A k\u00fcl\u00f6nf\u00e9le m\u0171v\u00e9szeti) ter\u00fcletekr\u0151l \u00e9rkez\u0151 szakemberek seg\u00edts\u00e9g\u00e9vel a di\u00e1kok m\u00e1s t\u00edpus\u00fa tud\u00e1st \u00e9s k\u00e9pess\u00e9geket saj\u00e1t\u00edtanak el. A m\u0171v\u00e9szek \u00fajszer\u0171 elv\u00e1r\u00e1sokat fogalmaznak meg, ami egy\u00e9rtelm\u0171en kih\u00edv\u00e1st jelent a di\u00e1kok sz\u00e1m\u00e1ra. De nemcsak a gyerekek tanulnak \u00e9s z\u00f6kkennek ki a [&hellip;]","og_url":"https:\/\/kreativtanulasesoktatas.hu\/en\/modszertan\/","og_site_name":"Kreativ Tanul\u00e1s \u00e9s Oktat\u00e1s Alap\u00edtvany - KTOA","article_modified_time":"2022-11-23T19:19:01+00:00","twitter_card":"summary_large_image","twitter_misc":{"Estimated reading time":"2 minutes"},"schema":{"@context":"https:\/\/schema.org","@graph":[{"@type":"WebPage","@id":"https:\/\/kreativtanulasesoktatas.hu\/modszertan\/","url":"https:\/\/kreativtanulasesoktatas.hu\/modszertan\/","name":"M\u00f3dszertan - Kreativ Tanul\u00e1s \u00e9s Oktat\u00e1s Alap\u00edtvany - KTOA","isPartOf":{"@id":"https:\/\/kreativtanulasesoktatas.hu\/#website"},"datePublished":"2022-08-17T18:11:35+00:00","dateModified":"2022-11-23T19:19:01+00:00","breadcrumb":{"@id":"https:\/\/kreativtanulasesoktatas.hu\/modszertan\/#breadcrumb"},"inLanguage":"en-GB","potentialAction":[{"@type":"ReadAction","target":["https:\/\/kreativtanulasesoktatas.hu\/modszertan\/"]}]},{"@type":"BreadcrumbList","@id":"https:\/\/kreativtanulasesoktatas.hu\/modszertan\/#breadcrumb","itemListElement":[{"@type":"ListItem","position":1,"name":"Home","item":"https:\/\/kreativtanulasesoktatas.hu\/"},{"@type":"ListItem","position":2,"name":"M\u00f3dszertan"}]},{"@type":"WebSite","@id":"https:\/\/kreativtanulasesoktatas.hu\/#website","url":"https:\/\/kreativtanulasesoktatas.hu\/","name":"Kreativ Tanul\u00e1s \u00e9s Oktat\u00e1s Alap\u00edtvany - KTOA","description":"Oktat\u00e1s fejleszt\u00e9s \u00e9s innov\u00e1ci\u00f3 az iskol\u00e1kban","publisher":{"@id":"https:\/\/kreativtanulasesoktatas.hu\/#organization"},"potentialAction":[{"@type":"SearchAction","target":{"@type":"EntryPoint","urlTemplate":"https:\/\/kreativtanulasesoktatas.hu\/?s={search_term_string}"},"query-input":{"@type":"PropertyValueSpecification","valueRequired":true,"valueName":"search_term_string"}}],"inLanguage":"en-GB"},{"@type":"Organization","@id":"https:\/\/kreativtanulasesoktatas.hu\/#organization","name":"Kreativ Tanul\u00e1s \u00e9s Oktat\u00e1s Alap\u00edtvany - KTOA","url":"https:\/\/kreativtanulasesoktatas.hu\/","logo":{"@type":"ImageObject","inLanguage":"en-GB","@id":"https:\/\/kreativtanulasesoktatas.hu\/#\/schema\/logo\/image\/","url":"https:\/\/kreativtanulasesoktatas.hu\/wp-content\/uploads\/2022\/07\/logo.svg","contentUrl":"https:\/\/kreativtanulasesoktatas.hu\/wp-content\/uploads\/2022\/07\/logo.svg","width":315,"height":174,"caption":"Kreativ Tanul\u00e1s \u00e9s Oktat\u00e1s Alap\u00edtvany - KTOA"},"image":{"@id":"https:\/\/kreativtanulasesoktatas.hu\/#\/schema\/logo\/image\/"}}]}},"_links":{"self":[{"href":"https:\/\/kreativtanulasesoktatas.hu\/en\/wp-json\/wp\/v2\/pages\/755","targetHints":{"allow":["GET"]}}],"collection":[{"href":"https:\/\/kreativtanulasesoktatas.hu\/en\/wp-json\/wp\/v2\/pages"}],"about":[{"href":"https:\/\/kreativtanulasesoktatas.hu\/en\/wp-json\/wp\/v2\/types\/page"}],"author":[{"embeddable":true,"href":"https:\/\/kreativtanulasesoktatas.hu\/en\/wp-json\/wp\/v2\/users\/1"}],"replies":[{"embeddable":true,"href":"https:\/\/kreativtanulasesoktatas.hu\/en\/wp-json\/wp\/v2\/comments?post=755"}],"version-history":[{"count":1,"href":"https:\/\/kreativtanulasesoktatas.hu\/en\/wp-json\/wp\/v2\/pages\/755\/revisions"}],"predecessor-version":[{"id":1687,"href":"https:\/\/kreativtanulasesoktatas.hu\/en\/wp-json\/wp\/v2\/pages\/755\/revisions\/1687"}],"wp:attachment":[{"href":"https:\/\/kreativtanulasesoktatas.hu\/en\/wp-json\/wp\/v2\/media?parent=755"}],"curies":[{"name":"wp","href":"https:\/\/api.w.org\/{rel}","templated":true}]}}